{"id":129568,"date":"2025-07-30T22:27:55","date_gmt":"2025-07-30T20:27:55","guid":{"rendered":"https:\/\/www.budream.com\/shop\/cartucho-ceramico-510-para-e-liquidos-concentrados-y-extractos-05-ml\/"},"modified":"2025-12-19T15:50:01","modified_gmt":"2025-12-19T13:50:01","slug":"cartucho-ceramico-510-para-e-liquidos-concentrados-y-extractos-05-ml","status":"publish","type":"product","link":"https:\/\/www.budream.com\/es\/shop\/cartucho-ceramico-510-para-e-liquidos-concentrados-y-extractos-05-ml\/","title":{"rendered":"CARTUCHO CER\u00c1MICO 510 PARA E-L\u00cdQUIDOS, CONCENTRADOS Y EXTRACTOS | 0,5 ML"},"content":{"rendered":"<p>Con este cartucho puedes consumir extractos diluidos con glicol o aceite MCT. La cer\u00e1mica sustituye las bobinas por algod\u00f3n bio, evitando quemaduras del producto y alargando la vida del cartucho.<span style=\"text-decoration: underline\"><\/p>\n<p><\/span><\/p>\n<h2><span style=\"text-decoration: underline\">Cartucho atomizador de cer\u00e1mica:<\/span><\/h2>\n<ul style=\"list-style-type: disc\">\n<li>Atomizador de <strong>cer\u00e1mica<\/strong> y boquilla;<\/li>\n<li>Capacidad: 0,5 ml;<\/li>\n<li><strong>Conexi\u00f3n 510;<\/strong><\/li>\n<li>Reutilizable;<\/li>\n<li>Color negro;<\/li>\n<li>Excelente para aceites y extractos diluidos con bases E-liquid;<\/li>\n<li>1 pieza;<\/li>\n<\/ul>\n<p>ATENCI\u00d3N: Tenga en cuenta que los cartuchos deben llenarse primero con el l\u00edquido adecuado antes de encender el dispositivo. Se recomienda esperar 10 minutos despu\u00e9s del llenado para que la celulosa se empape suficientemente. No encienda nunca el aparato con el cartucho vac\u00edo. No llene nunca en exceso el l\u00edquido, siga las especificaciones de llenado del manual de instrucciones.<\/p>\n","protected":false},"excerpt":{"rendered":"<p>Con este cartucho puedes consumir extractos diluidos con glicol o aceite MCT. La cer\u00e1mica sustituye las bobinas por algod\u00f3n bio,<\/p>\n","protected":false},"featured_media":129564,"comment_status":"open","ping_status":"closed","template":"","meta":[],"product_brand":[],"product_cat":[7908],"product_tag":[],"class_list":{"0":"post-129568","1":"product","2":"type-product","3":"status-publish","4":"has-post-thumbnail","6":"product_cat-vaporizadores","8":"first","9":"instock","10":"sale","11":"taxable","12":"shipping-taxable","13":"purchasable","14":"product-type-simple"},"_links":{"self":[{"href":"https:\/\/www.budream.com\/es\/wp-json\/wp\/v2\/product\/129568","targetHints":{"allow":["GET"]}}],"collection":[{"href":"https:\/\/www.budream.com\/es\/wp-json\/wp\/v2\/product"}],"about":[{"href":"https:\/\/www.budream.com\/es\/wp-json\/wp\/v2\/types\/product"}],"replies":[{"embeddable":true,"href":"https:\/\/www.budream.com\/es\/wp-json\/wp\/v2\/comments?post=129568"}],"version-history":[{"count":0,"href":"https:\/\/www.budream.com\/es\/wp-json\/wp\/v2\/product\/129568\/revisions"}],"wp:featuredmedia":[{"embeddable":true,"href":"https:\/\/www.budream.com\/es\/wp-json\/wp\/v2\/media\/129564"}],"wp:attachment":[{"href":"https:\/\/www.budream.com\/es\/wp-json\/wp\/v2\/media?parent=129568"}],"wp:term":[{"taxonomy":"product_brand","embeddable":true,"href":"https:\/\/www.budream.com\/es\/wp-json\/wp\/v2\/product_brand?post=129568"},{"taxonomy":"product_cat","embeddable":true,"href":"https:\/\/www.budream.com\/es\/wp-json\/wp\/v2\/product_cat?post=129568"},{"taxonomy":"product_tag","embeddable":true,"href":"https:\/\/www.budream.com\/es\/wp-json\/wp\/v2\/product_tag?post=129568"}],"curies":[{"name":"wp","href":"https:\/\/api.w.org\/{rel}","templated":true}]}}