{"id":129583,"date":"2025-07-30T22:28:35","date_gmt":"2025-07-30T20:28:35","guid":{"rendered":"https:\/\/www.budream.com\/shop\/enecta-cbg-cristales-99-puro-05g\/"},"modified":"2026-05-04T12:22:07","modified_gmt":"2026-05-04T10:22:07","slug":"enecta-cbg-cristales-99-puro-05g","status":"publish","type":"product","link":"https:\/\/www.budream.com\/es\/shop\/enecta-cbg-cristales-99-puro-05g\/","title":{"rendered":"ENECTA &#8211; CBG CRISTALES (99% PURO) | 0,5g"},"content":{"rendered":"<p>El cannabigerol, padre de todos los cannabinoides, es un fitocannabinoide descubierto recientemente, responsable de la s\u00edntesis de todos los dem\u00e1s cannabinoides, sin efectos secundarios y con <strong>numerosos efectos beneficiosos<\/strong>. Al igual que el cannabidiol, no tiene efectos psicotr\u00f3picos, pero es objeto de numerosos estudios en diversas \u00e1reas terap\u00e9uticas y se ha demostrado especialmente eficaz en muchas de ellas, tomado solo o altern\u00e1ndolo con el CBD.<\/p>\n<p>A menudo se le llama el padre de todos los cannabinoides, y no por casualidad: como un padre bondadoso, el CBG se \u00abpliega\u00bb a las necesidades de la naturaleza, dando lugar a los dem\u00e1s componentes del cannabis, como el CBD y el THC. Es un producto natural, sin pesticidas ni herbicidas, extra\u00eddo directamente de nuestras plantas en Italia y probado por laboratorios independientes para garantizar la seguridad y la m\u00e1xima calidad.<\/p>\n<p>El proceso de extracci\u00f3n se supervisa en todo momento para garantizar la m\u00e1xima calidad y seguridad, y las plantas de c\u00e1\u00f1amo que elegimos como materia prima para nuestros productos proceden de cultivos <strong>ecol\u00f3gicos certificados<\/strong>.<strong><br \/><\/strong><\/p>\n<h2><span style=\"text-decoration: underline\">Caracter\u00edsticas de Enecta CBG Crystals<\/span>:<\/h2>\n<p> <strong>Los<\/strong> Cristales CBG son una novedad imperdible Obtenidos por la extracci\u00f3n de uno de los cannabinoides no psicoactivos m\u00e1s revolucionarios que se encuentran en las plantas de c\u00e1\u00f1amo sativa; los cristales CBG <strong>tienen una pureza del 99%<\/strong>. <br \/>Se trata de un fitocannabinoide muy especial, responsable de la s\u00edntesis de todos los dem\u00e1s cannabinoides, incluidos el CBD y el THC. <br \/>A diferencia de estos \u00faltimos, no tiene efectos narc\u00f3ticos ni psicoactivos, s\u00f3lo efectos beneficiosos, que han surgido recientemente de la investigaci\u00f3n de varias comunidades cient\u00edficas. <br \/>Este tipo de extracto es perfecto para vapear, pero tambi\u00e9n se puede diluir en una bebida, comida o por v\u00eda sublingual para disfrutar de las m\u00faltiples propiedades del cannabigerol. <\/p>\n<p>Enecta <strong>CBG Crystals<\/strong> es un producto natural, <strong>extra\u00eddo de las mejores plantas<\/strong> italianas procedentes \u00fanicamente de cultivos ecol\u00f3gicos, que no utilizan pesticidas ni aditivos qu\u00edmicos. El proceso de extracci\u00f3n se controla en cada etapa y el producto final se prueba en laboratorios especializados que garantizan su<strong> calidad y seguridad.<\/strong><\/p>\n<p><strong>Contenido<\/strong>: 99% cristales de CBG 1% terpenos<br \/><strong>Peso<\/strong>: 0,5 gr<\/p>\n","protected":false},"excerpt":{"rendered":"<p>El cannabigerol, padre de todos los cannabinoides, es un fitocannabinoide descubierto recientemente, responsable de la s\u00edntesis de todos los dem\u00e1s<\/p>\n","protected":false},"featured_media":129574,"comment_status":"open","ping_status":"closed","template":"","meta":[],"product_brand":[],"product_cat":[7914],"product_tag":[],"class_list":{"0":"post-129583","1":"product","2":"type-product","3":"status-publish","4":"has-post-thumbnail","6":"product_cat-cosmeticos","8":"first","9":"outofstock","10":"taxable","11":"shipping-taxable","12":"purchasable","13":"product-type-simple"},"_links":{"self":[{"href":"https:\/\/www.budream.com\/es\/wp-json\/wp\/v2\/product\/129583","targetHints":{"allow":["GET"]}}],"collection":[{"href":"https:\/\/www.budream.com\/es\/wp-json\/wp\/v2\/product"}],"about":[{"href":"https:\/\/www.budream.com\/es\/wp-json\/wp\/v2\/types\/product"}],"replies":[{"embeddable":true,"href":"https:\/\/www.budream.com\/es\/wp-json\/wp\/v2\/comments?post=129583"}],"version-history":[{"count":1,"href":"https:\/\/www.budream.com\/es\/wp-json\/wp\/v2\/product\/129583\/revisions"}],"predecessor-version":[{"id":266744,"href":"https:\/\/www.budream.com\/es\/wp-json\/wp\/v2\/product\/129583\/revisions\/266744"}],"wp:featuredmedia":[{"embeddable":true,"href":"https:\/\/www.budream.com\/es\/wp-json\/wp\/v2\/media\/129574"}],"wp:attachment":[{"href":"https:\/\/www.budream.com\/es\/wp-json\/wp\/v2\/media?parent=129583"}],"wp:term":[{"taxonomy":"product_brand","embeddable":true,"href":"https:\/\/www.budream.com\/es\/wp-json\/wp\/v2\/product_brand?post=129583"},{"taxonomy":"product_cat","embeddable":true,"href":"https:\/\/www.budream.com\/es\/wp-json\/wp\/v2\/product_cat?post=129583"},{"taxonomy":"product_tag","embeddable":true,"href":"https:\/\/www.budream.com\/es\/wp-json\/wp\/v2\/product_tag?post=129583"}],"curies":[{"name":"wp","href":"https:\/\/api.w.org\/{rel}","templated":true}]}}