{"id":129613,"date":"2025-07-30T22:29:06","date_gmt":"2025-07-30T20:29:06","guid":{"rendered":"https:\/\/www.budream.com\/shop\/flowermate-cap-pro-vaporizador\/"},"modified":"2026-04-20T14:18:54","modified_gmt":"2026-04-20T12:18:54","slug":"flowermate-cap-pro-vaporizador","status":"publish","type":"product","link":"https:\/\/www.budream.com\/es\/shop\/flowermate-cap-pro-vaporizador\/","title":{"rendered":"FLOWERMATE &#8211; CAP PRO | VAPORIZADOR"},"content":{"rendered":"<p>El <strong>CAP PRO<\/strong> de Flowermate es un vaporizador con tecnolog\u00eda avanzada y alto rendimiento. El exterior del CAP PRO est\u00e1 hecho de material termopl\u00e1stico POK y aluminio, lo que hace que el dispositivo sea duradero y ligero.<\/p>\n<p>El Flowermate CAP PRO s\u00f3lo mide 10,5 cm de alto, por lo que cabe perfectamente en la palma de la mano. <br \/>Con su potente bater\u00eda de 2000 mAh, el CAP PRO es capaz de alcanzar la temperatura establecida en 30 r\u00e1pidos segundos &#8211; perfecto para sesiones r\u00e1pidas y discretas durante todo el d\u00eda dondequiera que vayas.<\/p>\n<p>A diferencia del primer CAP, este dispositivo te permite controlar el rango de temperatura <strong>de 40 \u2103 a 230 \u2103,<\/strong> maximizando el uso de tus hierbas y optimizando cada sesi\u00f3n.<br \/>La retroalimentaci\u00f3n t\u00e1ctil (vibraci\u00f3n) le permitir\u00e1 saber cuando la unidad ha alcanzado la temperatura establecida.<\/p>\n<h3><strong>Boquilla magn\u00e9tica <\/strong><\/h3>\n<p>La boquilla con fijaci\u00f3n magn\u00e9tica se puede quitar f\u00e1cilmente para cargar las hierbas y limpiar la c\u00e1mara de vaporizaci\u00f3n. La boquilla tambi\u00e9n se puede quitar para una limpieza m\u00e1s profunda.<\/p>\n<h3><strong>V\u00eda de vapor de zirconia<\/strong><\/h3>\n<p>El conducto de aire aislado con zirconia del Cap Pro est\u00e1 dise\u00f1ado para enfriar el vapor antes de inhalarlo. La zirconia garantiza un sabor m\u00e1s limpio de sus hierbas.<\/p>\n<p><\/p>\n<h2><span style=\"text-decoration: underline\"><strong>Caracter\u00edsticas del Flowermate Cap Pro:<\/strong><br \/><\/span><\/h2>\n<ul style=\"list-style-type: disc\">\n<li>C\u00e1mara de calentamiento de acero inoxidable;<\/li>\n<li>Paso de vapor de zirconia;<\/li>\n<li>Se calienta en 30 segundos;<\/li>\n<li>Control total de la temperatura;<\/li>\n<li>Tama\u00f1o reducido;<\/li>\n<li>Respuesta t\u00e1ctil;<\/li>\n<li>Cuerpo de aluminio con acabado mate;<\/li>\n<\/ul>\n<p><\/p>\n<h2><span style=\"text-decoration: underline\"><strong>Especificaciones t\u00e9cnicas Flowermate Cap Pro<\/strong>:<br \/><\/span><\/h2>\n<ul style=\"list-style-type: disc\">\n<li>Rango de temperatura: 40 \u2103 &#8211; 230 \u2103<\/li>\n<li>Sesiones por carga: 18-20 sesiones<\/li>\n<li>Duraci\u00f3n de la sesi\u00f3n: temporizador autom\u00e1tico de 5 minutos<\/li>\n<li>Capacidad de la bater\u00eda interna: bater\u00eda de litio de 2000 mAh<\/li>\n<li>Tiempo de carga: 1 hora<\/li>\n<li>Tensi\u00f3n de salida: 3,7 V<\/li>\n<li>Dimensiones: 105 mm x 24 mm x 45 mm<\/li>\n<li>Peso neto: 90 g<\/li>\n<\/ul>\n","protected":false},"excerpt":{"rendered":"<p>El CAP PRO de Flowermate es un vaporizador con tecnolog\u00eda avanzada y alto rendimiento. El exterior del CAP PRO est\u00e1<\/p>\n","protected":false},"featured_media":129589,"comment_status":"open","ping_status":"closed","template":"","meta":[],"product_brand":[],"product_cat":[7908],"product_tag":[],"class_list":{"0":"post-129613","1":"product","2":"type-product","3":"status-publish","4":"has-post-thumbnail","6":"product_cat-vaporizadores","8":"first","9":"instock","10":"sale","11":"taxable","12":"shipping-taxable","13":"purchasable","14":"product-type-simple"},"_links":{"self":[{"href":"https:\/\/www.budream.com\/es\/wp-json\/wp\/v2\/product\/129613","targetHints":{"allow":["GET"]}}],"collection":[{"href":"https:\/\/www.budream.com\/es\/wp-json\/wp\/v2\/product"}],"about":[{"href":"https:\/\/www.budream.com\/es\/wp-json\/wp\/v2\/types\/product"}],"replies":[{"embeddable":true,"href":"https:\/\/www.budream.com\/es\/wp-json\/wp\/v2\/comments?post=129613"}],"version-history":[{"count":0,"href":"https:\/\/www.budream.com\/es\/wp-json\/wp\/v2\/product\/129613\/revisions"}],"wp:featuredmedia":[{"embeddable":true,"href":"https:\/\/www.budream.com\/es\/wp-json\/wp\/v2\/media\/129589"}],"wp:attachment":[{"href":"https:\/\/www.budream.com\/es\/wp-json\/wp\/v2\/media?parent=129613"}],"wp:term":[{"taxonomy":"product_brand","embeddable":true,"href":"https:\/\/www.budream.com\/es\/wp-json\/wp\/v2\/product_brand?post=129613"},{"taxonomy":"product_cat","embeddable":true,"href":"https:\/\/www.budream.com\/es\/wp-json\/wp\/v2\/product_cat?post=129613"},{"taxonomy":"product_tag","embeddable":true,"href":"https:\/\/www.budream.com\/es\/wp-json\/wp\/v2\/product_tag?post=129613"}],"curies":[{"name":"wp","href":"https:\/\/api.w.org\/{rel}","templated":true}]}}