{"id":129633,"date":"2025-07-30T22:31:39","date_gmt":"2025-07-30T20:31:39","guid":{"rendered":"https:\/\/www.budream.com\/shop\/hash-shaker-xl\/"},"modified":"2026-01-09T16:32:03","modified_gmt":"2026-01-09T14:32:03","slug":"hash-shaker-xl","status":"publish","type":"product","link":"https:\/\/www.budream.com\/es\/shop\/hash-shaker-xl\/","title":{"rendered":"HASH SHAKER | XL"},"content":{"rendered":"<p>Los extractores hash shaker se utilizan para producir manualmente polen y tamizar en seco: basta con colocar las inflorescencias o el recorte en el hash shaker, agitar durante unos minutos y recoger el resultado del fondo del extractor.<br \/>Se recomienda colocar el extractor y el material en el congelador durante unos minutos antes de la extracci\u00f3n: esto facilitar\u00e1 la separaci\u00f3n de los tricomas del material.<br \/><span style=\"text-decoration: underline\"><br \/><\/span><\/p>\n<h2><span style=\"text-decoration: underline\">Caracter\u00edsticas extractor de polen manual y tamiz en seco:<\/span><\/h2>\n<ul>\n<li>Tama\u00f1o: XL<\/li>\n<li>Luz de malla: 160 micras<\/li>\n<li>Longitud: 19 cm<\/li>\n<li>Di\u00e1metro: 16,5 cm<\/li>\n<\/ul>\n","protected":false},"excerpt":{"rendered":"<p>Los extractores hash shaker se utilizan para producir manualmente polen y tamizar en seco: basta con colocar las inflorescencias o<\/p>\n","protected":false},"featured_media":124594,"comment_status":"open","ping_status":"closed","template":"","meta":[],"product_brand":[],"product_cat":[7948],"product_tag":[],"class_list":{"0":"post-129633","1":"product","2":"type-product","3":"status-publish","4":"has-post-thumbnail","6":"product_cat-headshop-es","8":"first","9":"instock","10":"taxable","11":"shipping-taxable","12":"purchasable","13":"product-type-simple"},"aioseo_notices":[],"_links":{"self":[{"href":"https:\/\/www.budream.com\/es\/wp-json\/wp\/v2\/product\/129633","targetHints":{"allow":["GET"]}}],"collection":[{"href":"https:\/\/www.budream.com\/es\/wp-json\/wp\/v2\/product"}],"about":[{"href":"https:\/\/www.budream.com\/es\/wp-json\/wp\/v2\/types\/product"}],"replies":[{"embeddable":true,"href":"https:\/\/www.budream.com\/es\/wp-json\/wp\/v2\/comments?post=129633"}],"version-history":[{"count":0,"href":"https:\/\/www.budream.com\/es\/wp-json\/wp\/v2\/product\/129633\/revisions"}],"wp:featuredmedia":[{"embeddable":true,"href":"https:\/\/www.budream.com\/es\/wp-json\/wp\/v2\/media\/124594"}],"wp:attachment":[{"href":"https:\/\/www.budream.com\/es\/wp-json\/wp\/v2\/media?parent=129633"}],"wp:term":[{"taxonomy":"product_brand","embeddable":true,"href":"https:\/\/www.budream.com\/es\/wp-json\/wp\/v2\/product_brand?post=129633"},{"taxonomy":"product_cat","embeddable":true,"href":"https:\/\/www.budream.com\/es\/wp-json\/wp\/v2\/product_cat?post=129633"},{"taxonomy":"product_tag","embeddable":true,"href":"https:\/\/www.budream.com\/es\/wp-json\/wp\/v2\/product_tag?post=129633"}],"curies":[{"name":"wp","href":"https:\/\/api.w.org\/{rel}","templated":true}]}}