{"id":129663,"date":"2025-07-30T22:33:07","date_gmt":"2025-07-30T20:33:07","guid":{"rendered":"https:\/\/www.budream.com\/shop\/flortis-trampa-para-el-barrenador-del-boj-con-feromona\/"},"modified":"2025-11-20T17:44:32","modified_gmt":"2025-11-20T15:44:32","slug":"flortis-trampa-para-el-barrenador-del-boj-con-feromona","status":"publish","type":"product","link":"https:\/\/www.budream.com\/es\/shop\/flortis-trampa-para-el-barrenador-del-boj-con-feromona\/","title":{"rendered":"FLORTIS &#8211; TRAMPA PARA EL BARRENADOR DEL BOJ CON FEROMONA"},"content":{"rendered":"<p>Trampa <strong>para el barrenador del boj (<em>Cydalima perspectalis<\/em><\/strong>), cuyas larvas devoran r\u00e1pidamente las hojas del boj, que adquieren un color amarillo ocre, lo que provoca la r\u00e1pida descomposici\u00f3n de la planta.<\/p>\n<p>Esta trampa es adecuada para el seguimiento del insecto en la fase de mariposa adulta. Utiliza una r\u00e9plica sint\u00e9tica del olor producido por la hembra para atraer a los machos hacia la trampa, donde permanecen pegados al soporte recubierto de pegamento. La captura de insectos macho reduce as\u00ed la fecundaci\u00f3n y el n\u00famero de huevos puestos.<\/p>\n<h2><span style=\"text-decoration: underline\"><strong><br \/>Modo de empleo de la trampa para el barrenador del boj de Flortis:<\/strong><\/span><\/h2>\n<p><strong>Doble uso, colgada:<\/strong> retire el papel siliconado que protege la capa de pegamento por ambas caras, coloque la feromona en la ranura, introduzca el alambre en el orificio y cuelgue la trampa.<\/p>\n<p><strong>Insertada en el suelo:<\/strong> retire el papel siliconado que protege la capa de pegamento en ambos lados, coloque la feromona en la ranura, inserte la trampa en el suelo con la ayuda del palo de madera incluido en el paquete, despu\u00e9s de introducirlo en los dos agujeros. Es aconsejable instalar las trampas desde finales de abril hasta finales de agosto, ya que la polilla pasa el invierno en el suelo en estado de cris\u00e1lida. Los primeros adultos parpadean a finales del invierno, aunque los vuelos s\u00f3lo se hacen significativos a partir de la primera quincena de junio. Por ello, se recomienda colocar trampas desde finales de abril hasta finales de agosto. Una trampa es eficaz para controlar\/supervisar de 3 a 5 \u00e1rboles (en un radio de 15 metros). Sustituya la trampa si est\u00e1 llena de insectos o despu\u00e9s de 6 a 8 semanas de uso.<\/p>\n<p><strong>Contenido del envase:<\/strong><\/p>\n<ul style=\"list-style-type: disc\">\n<li>1 trampa amarilla con dos caras adhesivas,<\/li>\n<li>1 cuerda para colgarla,<\/li>\n<li>1 palo de madera para ayudar a insertarla en el suelo,<\/li>\n<li>1 se\u00f1uelo de feromonas.<\/li>\n<\/ul>\n","protected":false},"excerpt":{"rendered":"<p>Trampa para el barrenador del boj (Cydalima perspectalis), cuyas larvas devoran r\u00e1pidamente las hojas del boj, que adquieren un color<\/p>\n","protected":false},"featured_media":129639,"comment_status":"open","ping_status":"closed","template":"","meta":[],"product_brand":[],"product_cat":[7930],"product_tag":[],"class_list":{"0":"post-129663","1":"product","2":"type-product","3":"status-publish","4":"has-post-thumbnail","6":"product_cat-antiparasitarios-y-defensa","8":"first","9":"instock","10":"taxable","11":"shipping-taxable","12":"purchasable","13":"product-type-simple"},"aioseo_notices":[],"_links":{"self":[{"href":"https:\/\/www.budream.com\/es\/wp-json\/wp\/v2\/product\/129663","targetHints":{"allow":["GET"]}}],"collection":[{"href":"https:\/\/www.budream.com\/es\/wp-json\/wp\/v2\/product"}],"about":[{"href":"https:\/\/www.budream.com\/es\/wp-json\/wp\/v2\/types\/product"}],"replies":[{"embeddable":true,"href":"https:\/\/www.budream.com\/es\/wp-json\/wp\/v2\/comments?post=129663"}],"version-history":[{"count":0,"href":"https:\/\/www.budream.com\/es\/wp-json\/wp\/v2\/product\/129663\/revisions"}],"wp:featuredmedia":[{"embeddable":true,"href":"https:\/\/www.budream.com\/es\/wp-json\/wp\/v2\/media\/129639"}],"wp:attachment":[{"href":"https:\/\/www.budream.com\/es\/wp-json\/wp\/v2\/media?parent=129663"}],"wp:term":[{"taxonomy":"product_brand","embeddable":true,"href":"https:\/\/www.budream.com\/es\/wp-json\/wp\/v2\/product_brand?post=129663"},{"taxonomy":"product_cat","embeddable":true,"href":"https:\/\/www.budream.com\/es\/wp-json\/wp\/v2\/product_cat?post=129663"},{"taxonomy":"product_tag","embeddable":true,"href":"https:\/\/www.budream.com\/es\/wp-json\/wp\/v2\/product_tag?post=129663"}],"curies":[{"name":"wp","href":"https:\/\/api.w.org\/{rel}","templated":true}]}}