{"id":129713,"date":"2025-07-30T22:34:24","date_gmt":"2025-07-30T20:34:24","guid":{"rendered":"https:\/\/www.budream.com\/shop\/puffco-atomizador-pico\/"},"modified":"2026-02-03T11:34:55","modified_gmt":"2026-02-03T09:34:55","slug":"puffco-atomizador-pico","status":"publish","type":"product","link":"https:\/\/www.budream.com\/es\/shop\/puffco-atomizador-pico\/","title":{"rendered":"PUFFCO &#8211; ATOMIZADOR PICO"},"content":{"rendered":"<p class=\"p1\">El atomizador Peak es un atomizador t\u00e9rmico, dise\u00f1ado para un rendimiento t\u00e9rmico \u00f3ptimo. Est\u00e1 fabricado sin el uso de bobinas o resistencias externas, pegamentos, pl\u00e1sticos o fibras, creando la experiencia de fumar m\u00e1s pura. <\/p>\n<p>Contiene una cazoleta de cer\u00e1mica que ofrece el mejor sabor y perfil t\u00e9rmico posibles.<\/p>\n<p class=\"p2\"><strong><em>* No compatible con el modelo Peak Pro, solo Peak<\/em><\/strong><\/p>\n<p class=\"p1\"><strong>Consejos de uso:<\/strong><\/p>\n<ul style=\"list-style-type: disc\">\n<li class=\"p1\"><strong>Evite desmontar su atomizador<\/strong>, l\u00edmpielo completamente montado en alcohol isoprop\u00edlico al 99%.<\/li>\n<li class=\"p1\"><strong>Evite sobrecargar<\/strong>, esto inundar\u00e1 su atomizador y puede arruinarlo.<\/li>\n<\/ul>\n","protected":false},"excerpt":{"rendered":"<p>El atomizador Peak es un atomizador t\u00e9rmico, dise\u00f1ado para un rendimiento t\u00e9rmico \u00f3ptimo. Est\u00e1 fabricado sin el uso de bobinas<\/p>\n","protected":false},"featured_media":129704,"comment_status":"open","ping_status":"closed","template":"","meta":[],"product_brand":[],"product_cat":[7908],"product_tag":[],"class_list":{"0":"post-129713","1":"product","2":"type-product","3":"status-publish","4":"has-post-thumbnail","6":"product_cat-vaporizadores","8":"first","9":"instock","10":"sale","11":"taxable","12":"shipping-taxable","13":"purchasable","14":"product-type-simple"},"aioseo_notices":[],"_links":{"self":[{"href":"https:\/\/www.budream.com\/es\/wp-json\/wp\/v2\/product\/129713","targetHints":{"allow":["GET"]}}],"collection":[{"href":"https:\/\/www.budream.com\/es\/wp-json\/wp\/v2\/product"}],"about":[{"href":"https:\/\/www.budream.com\/es\/wp-json\/wp\/v2\/types\/product"}],"replies":[{"embeddable":true,"href":"https:\/\/www.budream.com\/es\/wp-json\/wp\/v2\/comments?post=129713"}],"version-history":[{"count":0,"href":"https:\/\/www.budream.com\/es\/wp-json\/wp\/v2\/product\/129713\/revisions"}],"wp:featuredmedia":[{"embeddable":true,"href":"https:\/\/www.budream.com\/es\/wp-json\/wp\/v2\/media\/129704"}],"wp:attachment":[{"href":"https:\/\/www.budream.com\/es\/wp-json\/wp\/v2\/media?parent=129713"}],"wp:term":[{"taxonomy":"product_brand","embeddable":true,"href":"https:\/\/www.budream.com\/es\/wp-json\/wp\/v2\/product_brand?post=129713"},{"taxonomy":"product_cat","embeddable":true,"href":"https:\/\/www.budream.com\/es\/wp-json\/wp\/v2\/product_cat?post=129713"},{"taxonomy":"product_tag","embeddable":true,"href":"https:\/\/www.budream.com\/es\/wp-json\/wp\/v2\/product_tag?post=129713"}],"curies":[{"name":"wp","href":"https:\/\/api.w.org\/{rel}","templated":true}]}}