{"id":129728,"date":"2025-07-30T22:34:52","date_gmt":"2025-07-30T20:34:52","guid":{"rendered":"https:\/\/www.budream.com\/shop\/puffco-nueva-camara-plus\/"},"modified":"2026-02-17T13:30:10","modified_gmt":"2026-02-17T11:30:10","slug":"puffco-nueva-camara-plus","status":"publish","type":"product","link":"https:\/\/www.budream.com\/es\/shop\/puffco-nueva-camara-plus\/","title":{"rendered":"PUFFCO &#8211; NUEVA C\u00c1MARA PLUS"},"content":{"rendered":"<p class=\"p1\">La c\u00e1mara Puffco Plus es una gran c\u00e1mara de cer\u00e1mica sin bobina. Esto crea un sabor inigualable y ofrece una experiencia de espectro completo.<\/p>\n<p>*Solo para el kit Puffco Plus. NO APTO PARA LA VERSI\u00d3N ANTIGUA .<\/p>\n<p class=\"p2\"><strong>*Sugerencia:<\/strong> Trata este bol\u00edgrafo como un bong: \u00a1Carga peque\u00f1as cantidades y l\u00edmpialo frecuentemente para preservar el sabor!<\/p>\n","protected":false},"excerpt":{"rendered":"<p>La c\u00e1mara Puffco Plus es una gran c\u00e1mara de cer\u00e1mica sin bobina. Esto crea un sabor inigualable y ofrece una<\/p>\n","protected":false},"featured_media":129719,"comment_status":"open","ping_status":"closed","template":"","meta":[],"product_brand":[],"product_cat":[7908],"product_tag":[],"class_list":{"0":"post-129728","1":"product","2":"type-product","3":"status-publish","4":"has-post-thumbnail","6":"product_cat-vaporizadores","8":"first","9":"instock","10":"taxable","11":"shipping-taxable","12":"purchasable","13":"product-type-simple"},"aioseo_notices":[],"_links":{"self":[{"href":"https:\/\/www.budream.com\/es\/wp-json\/wp\/v2\/product\/129728","targetHints":{"allow":["GET"]}}],"collection":[{"href":"https:\/\/www.budream.com\/es\/wp-json\/wp\/v2\/product"}],"about":[{"href":"https:\/\/www.budream.com\/es\/wp-json\/wp\/v2\/types\/product"}],"replies":[{"embeddable":true,"href":"https:\/\/www.budream.com\/es\/wp-json\/wp\/v2\/comments?post=129728"}],"version-history":[{"count":0,"href":"https:\/\/www.budream.com\/es\/wp-json\/wp\/v2\/product\/129728\/revisions"}],"wp:featuredmedia":[{"embeddable":true,"href":"https:\/\/www.budream.com\/es\/wp-json\/wp\/v2\/media\/129719"}],"wp:attachment":[{"href":"https:\/\/www.budream.com\/es\/wp-json\/wp\/v2\/media?parent=129728"}],"wp:term":[{"taxonomy":"product_brand","embeddable":true,"href":"https:\/\/www.budream.com\/es\/wp-json\/wp\/v2\/product_brand?post=129728"},{"taxonomy":"product_cat","embeddable":true,"href":"https:\/\/www.budream.com\/es\/wp-json\/wp\/v2\/product_cat?post=129728"},{"taxonomy":"product_tag","embeddable":true,"href":"https:\/\/www.budream.com\/es\/wp-json\/wp\/v2\/product_tag?post=129728"}],"curies":[{"name":"wp","href":"https:\/\/api.w.org\/{rel}","templated":true}]}}