{"id":129738,"date":"2025-07-30T22:35:21","date_gmt":"2025-07-30T20:35:21","guid":{"rendered":"https:\/\/www.budream.com\/shop\/biobizz-microbes-150gr\/"},"modified":"2026-03-26T15:14:36","modified_gmt":"2026-03-26T13:14:36","slug":"biobizz-microbes-150gr","status":"publish","type":"product","link":"https:\/\/www.budream.com\/es\/shop\/biobizz-microbes-150gr\/","title":{"rendered":"BIOBIZZ &#8211; MICROBES | 150gr"},"content":{"rendered":"<p><strong>Biobizz Microbios es un conjunto completo de microorganismos beneficiosos, enzimas y hongos<\/strong> que estimula el proceso de germinaci\u00f3n y el crecimiento inicial de las pl\u00e1ntulas y ayuda a la fase de floraci\u00f3n. <strong>Mejora el flujo y la absorci\u00f3n de nutrientes esenciales, as\u00ed como el rendimiento final.<\/strong><\/p>\n<p>Este complejo de microorganismos tiene grandes beneficios para la rizosfera de las plantas, aumentando la superficie \u00fatil de las ra\u00edces, lo que se traduce en una mayor y mejor absorci\u00f3n de nitr\u00f3geno, f\u00f3sforo, potasio y micronutrientes durante todas las fases de desarrollo de la planta. Adem\u00e1s, los microorganismos seleccionados son excelentes promotores de fitohormonas, como el \u00e1cido indol-3-ac\u00e9tico y las giberelinas.<\/p>\n<h2><span style=\"text-decoration: underline\"><strong>Caracter\u00edsticas principales Mibrobes Biobizz:<\/strong><\/span><\/h2>\n<ul style=\"list-style-type: disc\">\n<li>Aumento y absorci\u00f3n del flujo NPK<\/li>\n<li>Catalizador de prote\u00ednas<\/li>\n<li>Aumento de la superficie radicular<\/li>\n<\/ul>\n<h3><span style=\"text-decoration: underline\"><strong>C\u00f3mo act\u00faan las bacterias:<\/strong><\/span><\/h3>\n<p>Biobizz Microbios es un producto superconcentrado. Contiene una selecci\u00f3n de 4 de las bacterias m\u00e1s \u00fatiles para la recuperaci\u00f3n de sustratos. <strong>Estas bacterias mejoran el proceso de nutrici\u00f3n de la planta, la promoci\u00f3n hormonal, el crecimiento del tejido radicular y la solubilizaci\u00f3n de nutrientes como el f\u00f3sforo en su mayor proporci\u00f3n.<\/strong> Esto se traduce en un aumento de la productividad y la calidad del rendimiento.<\/p>\n<h3><span style=\"text-decoration: underline\"><strong>C\u00f3mo act\u00faan las enzimas:<\/strong><\/span><\/h3>\n<p>Las enzimas de Biobizz Microbes tienen un efecto catalizador instant\u00e1neo sobre los nutrientes org\u00e1nicos, creando amino\u00e1cidos libres en los sustratos de cultivo y aumentando as\u00ed la actividad y el efecto de los microorganismos activos.<\/p>\n<p>Estos componentes \u00abdesbloquean\u00bb las cadenas de prote\u00ednas aportadas por los fertilizantes.<br \/>De este modo, <strong>las enzimas aumentan la velocidad a la que los microorganismos colonizan el sustrato<\/strong>, as\u00ed como la r\u00e1pida catalizaci\u00f3n de los nutrientes para su r\u00e1pida absorci\u00f3n. As\u00ed, las enzimas son el complemento perfecto para los microorganismos beneficiosos del sustrato, creando un ecosistema sano y productivo.<\/p>\n<h3><span style=\"text-decoration: underline\"><br \/><strong>C\u00f3mo act\u00faan los hongos:<\/strong><\/span><\/h3>\n<p>Los hongos Trichoderma son los mejores amigos del cultivador ecol\u00f3gico cuando se trata de aumentar la salud y la productividad de las plantas.<\/p>\n<p>Estos hongos trabajan en simbiosis con la planta; protegi\u00e9ndola contra pat\u00f3genos da\u00f1inos y el crecimiento de hongos, a la vez que promueven un abundante desarrollo de las ra\u00edces, la retenci\u00f3n de agua y la absorci\u00f3n de nutrientes. <strong>Mejoran la eficiencia general del cultivo<\/strong>.<\/p>\n<p>La combinaci\u00f3n de todos estos elementos en un formato pr\u00e1ctico y f\u00e1cil de aplicar es la herramienta perfecta para que el cultivador garantice la mejora y el aumento de las propiedades y el rendimiento final.<\/p>\n<h3><span style=\"text-decoration: underline\"><strong>\u00bfC\u00f3mo se utilizan los microbios?<\/strong><\/span><\/h3>\n<p>Biobizz Microbes puede utilizarse a lo largo de todo el ciclo de la planta y funciona especialmente bien cuando se combina con el resto de productos Biobizz.<\/p>\n<p>Se recomienda aplicar Microbios una vez a la semana en una dosis de 0,2 a 0,4 mg\/L. Para las dosis reales, consulte el programa oficial de nutrici\u00f3n.<\/p>\n<h3><span style=\"text-decoration: underline\"><strong>Especificaciones t\u00e9cnicas garantizadas:<\/strong><\/span><\/h3>\n<ul style=\"list-style-type: disc\">\n<li><em>Trichoderma harzianum<\/em> &gt; 10.000.000 UFC\/g<\/li>\n<li><em>Bacillus valezensis<\/em> &gt; 500.000.000 UFC\/g<\/li>\n<li><em>Bacillus megaterium<\/em> &gt; 200.000.000 UFC\/g<\/li>\n<li><em>Bacillus pumilus<\/em> &gt; 250.000.000 UFC\/g<\/li>\n<li><em>Bacillus licheniformis<\/em> &gt; 500.000.000 UFC\/g<\/li>\n<\/ul>\n","protected":false},"excerpt":{"rendered":"<p>Biobizz Microbios es un conjunto completo de microorganismos beneficiosos, enzimas y hongos que estimula el proceso de germinaci\u00f3n y el<\/p>\n","protected":false},"featured_media":129734,"comment_status":"open","ping_status":"closed","template":"","meta":[],"product_brand":[],"product_cat":[7932],"product_tag":[],"class_list":{"0":"post-129738","1":"product","2":"type-product","3":"status-publish","4":"has-post-thumbnail","6":"product_cat-fertilizantes","8":"first","9":"instock","10":"taxable","11":"shipping-taxable","12":"purchasable","13":"product-type-simple"},"_links":{"self":[{"href":"https:\/\/www.budream.com\/es\/wp-json\/wp\/v2\/product\/129738","targetHints":{"allow":["GET"]}}],"collection":[{"href":"https:\/\/www.budream.com\/es\/wp-json\/wp\/v2\/product"}],"about":[{"href":"https:\/\/www.budream.com\/es\/wp-json\/wp\/v2\/types\/product"}],"replies":[{"embeddable":true,"href":"https:\/\/www.budream.com\/es\/wp-json\/wp\/v2\/comments?post=129738"}],"version-history":[{"count":0,"href":"https:\/\/www.budream.com\/es\/wp-json\/wp\/v2\/product\/129738\/revisions"}],"wp:featuredmedia":[{"embeddable":true,"href":"https:\/\/www.budream.com\/es\/wp-json\/wp\/v2\/media\/129734"}],"wp:attachment":[{"href":"https:\/\/www.budream.com\/es\/wp-json\/wp\/v2\/media?parent=129738"}],"wp:term":[{"taxonomy":"product_brand","embeddable":true,"href":"https:\/\/www.budream.com\/es\/wp-json\/wp\/v2\/product_brand?post=129738"},{"taxonomy":"product_cat","embeddable":true,"href":"https:\/\/www.budream.com\/es\/wp-json\/wp\/v2\/product_cat?post=129738"},{"taxonomy":"product_tag","embeddable":true,"href":"https:\/\/www.budream.com\/es\/wp-json\/wp\/v2\/product_tag?post=129738"}],"curies":[{"name":"wp","href":"https:\/\/api.w.org\/{rel}","templated":true}]}}