{"id":129748,"date":"2025-07-30T22:36:22","date_gmt":"2025-07-30T20:36:22","guid":{"rendered":"https:\/\/www.budream.com\/shop\/bioki-extracto-integral-de-castano-100gr\/"},"modified":"2026-01-19T12:35:15","modified_gmt":"2026-01-19T10:35:15","slug":"bioki-extracto-integral-de-castano-100gr","status":"publish","type":"product","link":"https:\/\/www.budream.com\/es\/shop\/bioki-extracto-integral-de-castano-100gr\/","title":{"rendered":"BIOKI &#8211; EXTRACTO INTEGRAL DE CASTA\u00d1O | 100gr"},"content":{"rendered":"<p><strong>Extracto integral de casta\u00f1a a base de taninos,<\/strong> producto resultante de la extracci\u00f3n acuosa de madera de casta\u00f1o obtenida exclusivamente por procedimientos f\u00edsicos.<\/p>\n<div>El tanino se obtiene mediante una serie de extracciones acuosas por procedimientos exclusivamente f\u00edsicos, sobre madera de casta\u00f1o dom\u00e9stico de gran pureza (Castanea sativa), un \u00e1rbol muy com\u00fan en Europa, especialmente en Italia y Francia. S\u00f3lo se utiliza para la producci\u00f3n una selecci\u00f3n de algunos troncos de \u00e1rboles viejos, generalmente de 50 a 75 a\u00f1os, convenientemente curados. Tambi\u00e9n se utiliza en enolog\u00eda para estabilizar el color del vino, desactivar las enzimas oxidantes, controlar el crecimiento bacteriano y precipitar las prote\u00ednas en soluci\u00f3n.<\/p>\n<p>En las plantas, act\u00faa como un elicitor eficaz capaz de estimular las reacciones de defensa y activar el desarrollo de sustancias naturales contra el estr\u00e9s bi\u00f3tico y abi\u00f3tico.<br \/>De este modo, las plantas crecen con normalidad incluso en condiciones ambientales favorables al desarrollo de hongos y bacterias.<\/p>\n<p><strong>El producto puede utilizarse en agricultura ecol\u00f3gica de conformidad con los Reglamentos CE 834\/2007 y 889\/2008.<\/strong><\/p>\n<h2><span style=\"text-decoration: underline\"><strong>Principales efectos extracto de casta\u00f1o<\/strong><\/span><\/h2>\n<\/div>\n<ul style=\"list-style-type: disc\">\n<li>El tanino del casta\u00f1o forma una fina pel\u00edcula sobre la vegetaci\u00f3n muy adherente, nutritiva, biodegradable, poco permeable al ox\u00edgeno que puede reducir la evapotranspiraci\u00f3n en periodos calurosos, reduce el rajado de los frutos, favorece la cicatrizaci\u00f3n, mejora la resistencia a los ataques f\u00fangicos y bacterianos.\n<\/li>\n<li>La presencia de polifenoles y \u00e1cidos org\u00e1nicos permite mejorar la estructura del suelo, acidificar los suelos con pH excesivo y reducir los da\u00f1os debidos a un exceso de salinidad. El componente polifen\u00f3lico tambi\u00e9n estimula el desarrollo de la microflora \u00fatil (antagonistas microbianos) al tiempo que limita la proliferaci\u00f3n de pat\u00f3genos da\u00f1inos para los cultivos, ayuda a limitar el desarrollo y la multiplicaci\u00f3n de los nematodos fit\u00f3fagos responsables de las alteraciones del sistema radicular de las plantas gracias a su acci\u00f3n c\u00e1ustica sobre las formas juveniles y antialimentaria sobre las formas adultas.\n<\/li>\n<li>Las propiedades complejantes del extracto de tanino favorecen tambi\u00e9n el crecimiento del sistema radicular y la asimilaci\u00f3n de nutrientes \u00fatiles para las plantas, especialmente en suelos \u00abcansados\u00bb sometidos a fumigaciones y rotaciones cortas.\n<\/li>\n<li>El tanino de casta\u00f1o puede utilizarse en cultivos hort\u00edcolas-flor\u00edcolas en agricultura integrada y ecol\u00f3gica mediante fertirrigaci\u00f3n, distribuyendo el producto de forma constante a lo largo del ciclo de desarrollo del cultivo.<\/li>\n<\/ul>\n<ul style=\"list-style-type: disc\">\n<li>A nivel radicular, el tanino del casta\u00f1o crea un entorno especialmente favorable para el crecimiento y desarrollo normal del sistema radicular de la planta (ra\u00edces, tub\u00e9rculos, ra\u00edces pivotantes, etc.) incluso en presencia de plagas del suelo u otros factores bi\u00f3ticos y abi\u00f3ticos adversos. Mejora la vitalidad del suelo y, gracias a su pH \u00e1cido, crea un entorno inh\u00f3spito para los nematodos.<\/li>\n<\/ul>\n<p><strong>Dosificaci\u00f3n y modo de empleo<\/strong><br \/>El tanino de casta\u00f1o puede utilizarse en todos los cultivos de frutas, hortalizas, flores e industriales, mediante pulverizaci\u00f3n foliar y fertirrigaci\u00f3n en todas las fases de desarrollo en campo abierto y en invernaderos.<\/p>\n<div>Mediante pulverizaci\u00f3n foliar tiene una acci\u00f3n osmoprotectora donde es r\u00e1pidamente absorbido por los tejidos vegetales y manifiesta una acci\u00f3n muy v\u00e1lida para la protecci\u00f3n contra las heladas tanto a nivel foliar como radicular. Tambi\u00e9n es una alternativa v\u00e1lida a los tratamientos con productos c\u00fapricos, ya que crea un ambiente desfavorable para el desarrollo de cript\u00f3gamas (mildiu).<br \/><strong>Tratamientos protectores<\/strong>: 250-350g\/hl, a\u00f1adiendo 600g de zeolita cliptolinolita a la intervenci\u00f3n, tratando bien la planta sin gotear. <br \/><strong>Tratamientos de protecci\u00f3n contra las enfermedades f\u00fangicas:<\/strong> 300 g\/hl, interviniendo cada 8-10 d\u00edas.<\/div>\n<div>Por fertirrigaci\u00f3n, cuidando de distribuir el producto en la \u00faltima fase del ciclo de riego para evitar p\u00e9rdidas por lixiviaci\u00f3n.<br \/>Para una protecci\u00f3n completa del cultivo, es aconsejable <strong>repetir el tratamiento 3-4 veces durante el ciclo vegetativo<\/strong> cada 15-20 d\u00edas con abundante cantidad de agua.<br \/>De esta forma, cerca del sistema radicular de las plantas, se mantiene constante la concentraci\u00f3n del producto y se evita el desarrollo de hongos y la acci\u00f3n perjudicial de los nematodos. Se utiliza a una dosis de 1-3 kg\/1000 m2 (equivalente a 10\/30 kg\/ha) cada 8-10 d\u00edas.<\/div>\n<h2><\/h2>\n","protected":false},"excerpt":{"rendered":"<p>Extracto integral de casta\u00f1a a base de taninos, producto resultante de la extracci\u00f3n acuosa de madera de casta\u00f1o obtenida exclusivamente<\/p>\n","protected":false},"featured_media":129744,"comment_status":"open","ping_status":"closed","template":"","meta":[],"product_brand":[],"product_cat":[7930],"product_tag":[],"class_list":{"0":"post-129748","1":"product","2":"type-product","3":"status-publish","4":"has-post-thumbnail","6":"product_cat-antiparasitarios-y-defensa","8":"first","9":"instock","10":"taxable","11":"shipping-taxable","12":"purchasable","13":"product-type-simple"},"aioseo_notices":[],"_links":{"self":[{"href":"https:\/\/www.budream.com\/es\/wp-json\/wp\/v2\/product\/129748","targetHints":{"allow":["GET"]}}],"collection":[{"href":"https:\/\/www.budream.com\/es\/wp-json\/wp\/v2\/product"}],"about":[{"href":"https:\/\/www.budream.com\/es\/wp-json\/wp\/v2\/types\/product"}],"replies":[{"embeddable":true,"href":"https:\/\/www.budream.com\/es\/wp-json\/wp\/v2\/comments?post=129748"}],"version-history":[{"count":0,"href":"https:\/\/www.budream.com\/es\/wp-json\/wp\/v2\/product\/129748\/revisions"}],"wp:featuredmedia":[{"embeddable":true,"href":"https:\/\/www.budream.com\/es\/wp-json\/wp\/v2\/media\/129744"}],"wp:attachment":[{"href":"https:\/\/www.budream.com\/es\/wp-json\/wp\/v2\/media?parent=129748"}],"wp:term":[{"taxonomy":"product_brand","embeddable":true,"href":"https:\/\/www.budream.com\/es\/wp-json\/wp\/v2\/product_brand?post=129748"},{"taxonomy":"product_cat","embeddable":true,"href":"https:\/\/www.budream.com\/es\/wp-json\/wp\/v2\/product_cat?post=129748"},{"taxonomy":"product_tag","embeddable":true,"href":"https:\/\/www.budream.com\/es\/wp-json\/wp\/v2\/product_tag?post=129748"}],"curies":[{"name":"wp","href":"https:\/\/api.w.org\/{rel}","templated":true}]}}