{"id":129783,"date":"2025-07-30T22:36:55","date_gmt":"2025-07-30T20:36:55","guid":{"rendered":"https:\/\/www.budream.com\/shop\/xvape-vaporizador-xmax-v3-pro\/"},"modified":"2026-03-09T14:27:34","modified_gmt":"2026-03-09T12:27:34","slug":"xvape-vaporizador-xmax-v3-pro","status":"publish","type":"product","link":"https:\/\/www.budream.com\/es\/shop\/xvape-vaporizador-xmax-v3-pro\/","title":{"rendered":"XVAPE &#8211; VAPORIZADOR XMAX V3 PRO"},"content":{"rendered":"<p>El XMax V3 Pro es un excelente vaporizador polivalente y vers\u00e1til. El calentamiento totalmente por convecci\u00f3n, combinado con el r\u00e1pido tiempo de calentamiento y la interfaz f\u00e1cil de usar, hacen que este vaporizador sea excelente para la mayor\u00eda de los usuarios.<\/p>\n<h2><strong><span style=\"text-decoration: underline\">\u00bfCu\u00e1l es la diferencia entre el XMax V2 Pro y el V3 Pro?<\/span><\/strong><\/h2>\n<p><strong>El XMax V3 Pro de XVape<\/strong> es m\u00e1s peque\u00f1o que el V2 original, con una c\u00e1mara m\u00e1s peque\u00f1a y un 80% menos de tiempo de calentamiento, pero a\u00fan puede contener lo suficiente para una sesi\u00f3n (0,15 g) por lo que no hay necesidad de seguir empaquetando y recargando. Otra diferencia es el calentamiento por convecci\u00f3n, lo que significa que el vaporizador V3 Pro obtendr\u00e1 m\u00e1s de sus hierbas.<br \/><span style=\"font-size: 12pt\"><strong><br \/>Vapor de convecci\u00f3n<\/strong><\/span>&#8216;bajo demanda&#8217; <span style=\"font-size: 12pt\"><strong><br \/> Nuevo en esta versi\u00f3n del XMax Pro es el modo &#8216;bajo demanda&#8217;: Este modo s\u00f3lo calienta hierbas\/concentrados durante 30 segundos cada vez. Esto reduce el desperdicio, ya que s\u00f3lo la c\u00e1mara de vaporizaci\u00f3n se calienta cuando se utiliza el vaporizador. Sin embargo, si prefieres que la c\u00e1mara de vaporizaci\u00f3n permanezca caliente, siempre puedes utilizar el modo de sesi\u00f3n (4 o 6 minutos).<\/strong><\/span><\/p>\n<p>El XMax V3 Pro es un <strong>vaporizador de convecci\u00f3n<\/strong>, lo que significa que el calor aplicado a las hierbas \/ concentrados s\u00f3lo se producir\u00e1 a trav\u00e9s de aire caliente, y no a trav\u00e9s del contacto directo entre el material y la fuente de calor. Esto le da un mejor sabor, material vaporizado de manera m\u00e1s uniforme y m\u00e1s vapor que los vaporizadores de conducci\u00f3n.<\/p>\n<h3><span style=\"font-size: 12pt\"><strong>No s\u00f3lo para hierbas<\/strong><\/span><\/h3>\n<p>El XMax V3 Pro incluye un vaso de cera que puedes usar para vaporizar <strong>concentrados como colofonia y BHO<\/strong>. Simplemente a\u00f1ade el concentrado a la taza, inserta la taza en el vapo y ya est\u00e1s listo para vaporizar.<\/p>\n<h3><span style=\"font-size: 12pt\"><strong>Boquilla innovadora<\/strong><\/span><\/h3>\n<p>La boquilla magn\u00e9tica est\u00e1 dise\u00f1ada con una herramienta de raspado para facilitar la limpieza y la agitaci\u00f3n. Esta boquilla de pl\u00e1stico resistente al calor se puede desmontar y limpiar a fondo, lo que ayuda a evitar la acumulaci\u00f3n de residuos.<\/p>\n<h3><span style=\"font-size: 12pt\"><strong>Excelente bater\u00eda<\/strong><\/span><\/h3>\n<p>El XMax V3 Pro viene con una bater\u00eda 18650 recargable y extra\u00edble de alta calidad que te permite vapear durante m\u00e1s tiempo entre cargas. Cada carga proporciona aproximadamente 50 minutos de uso.<\/p>\n<h3><span style=\"font-size: 12pt\"><strong>Carga USB-C<\/strong><\/span><\/h3>\n<p>Otra nueva caracter\u00edstica del V3 Pro es que ahora tiene un puerto de carga USB-C para una carga ultrarr\u00e1pida. La unidad se recargar\u00e1 completamente en aproximadamente dos horas desde la carga completa.<br \/>Tambi\u00e9n puedes encontrar toda la informaci\u00f3n relevante, como el modo\/temperatura establecido, la temperatura actual y el estado de la bater\u00eda en la gran pantalla OLED.<\/p>\n<h2><strong><span style=\"text-decoration: underline\">Caracter\u00edsticas principales XMAX V3 PRO<\/span>:<\/strong><\/h2>\n<ul style=\"list-style-type: disc\">\n<li><span style=\"font-size: 12pt\">2 modos: sesi\u00f3n y \u00aba demanda\u00bb;<\/span><\/li>\n<li><span style=\"font-size: 12pt\">Vaporizador de convecci\u00f3n;<\/span><\/li>\n<li><span style=\"font-size: 12pt\">Boquilla magn\u00e9tica f\u00e1cil de limpiar;<\/span><\/li>\n<li><span style=\"font-size: 12pt\">Pantalla OLED;<\/span><\/li>\n<li><span style=\"font-size: 12pt\">Bater\u00eda reemplazable de 2600 mAh;<\/span><\/li>\n<li><span style=\"font-size: 12pt\">Carga mediante USB-C;<\/span><\/li>\n<\/ul>\n","protected":false},"excerpt":{"rendered":"<p>El XMax V3 Pro es un excelente vaporizador polivalente y vers\u00e1til. El calentamiento totalmente por convecci\u00f3n, combinado con el r\u00e1pido<\/p>\n","protected":false},"featured_media":129754,"comment_status":"open","ping_status":"closed","template":"","meta":[],"product_brand":[],"product_cat":[7908],"product_tag":[],"class_list":{"0":"post-129783","1":"product","2":"type-product","3":"status-publish","4":"has-post-thumbnail","6":"product_cat-vaporizadores","8":"first","9":"instock","10":"sale","11":"taxable","12":"shipping-taxable","13":"purchasable","14":"product-type-simple"},"aioseo_notices":[],"_links":{"self":[{"href":"https:\/\/www.budream.com\/es\/wp-json\/wp\/v2\/product\/129783","targetHints":{"allow":["GET"]}}],"collection":[{"href":"https:\/\/www.budream.com\/es\/wp-json\/wp\/v2\/product"}],"about":[{"href":"https:\/\/www.budream.com\/es\/wp-json\/wp\/v2\/types\/product"}],"replies":[{"embeddable":true,"href":"https:\/\/www.budream.com\/es\/wp-json\/wp\/v2\/comments?post=129783"}],"version-history":[{"count":0,"href":"https:\/\/www.budream.com\/es\/wp-json\/wp\/v2\/product\/129783\/revisions"}],"wp:featuredmedia":[{"embeddable":true,"href":"https:\/\/www.budream.com\/es\/wp-json\/wp\/v2\/media\/129754"}],"wp:attachment":[{"href":"https:\/\/www.budream.com\/es\/wp-json\/wp\/v2\/media?parent=129783"}],"wp:term":[{"taxonomy":"product_brand","embeddable":true,"href":"https:\/\/www.budream.com\/es\/wp-json\/wp\/v2\/product_brand?post=129783"},{"taxonomy":"product_cat","embeddable":true,"href":"https:\/\/www.budream.com\/es\/wp-json\/wp\/v2\/product_cat?post=129783"},{"taxonomy":"product_tag","embeddable":true,"href":"https:\/\/www.budream.com\/es\/wp-json\/wp\/v2\/product_tag?post=129783"}],"curies":[{"name":"wp","href":"https:\/\/api.w.org\/{rel}","templated":true}]}}