{"id":129813,"date":"2025-07-30T22:37:29","date_gmt":"2025-07-30T20:37:29","guid":{"rendered":"https:\/\/www.budream.com\/shop\/storzbickel-mighty-vaporizador\/"},"modified":"2026-03-02T21:12:49","modified_gmt":"2026-03-02T19:12:49","slug":"storzbickel-mighty-vaporizador","status":"publish","type":"product","link":"https:\/\/www.budream.com\/es\/shop\/storzbickel-mighty-vaporizador\/","title":{"rendered":"STORZ&amp;BICKEL &#8211; MIGHTY+ | VAPORIZADOR"},"content":{"rendered":"<p>El MIGHTY siempre ha sido el caballo de batalla de <a href=\"https:\/\/www.storz-bickel.com\/\">Storz&amp;bickel<\/a> y ahora, con el MIGHTY+, la marca alemana sube a\u00fan m\u00e1s el list\u00f3n con estas impresionantes <strong>novedades<\/strong>:<\/p>\n<h2><strong><span style=\"text-decoration: underline\">Dise\u00f1o mejorado<\/span><\/strong><\/h2>\n<p>Hemos integrado cuidadosamente materiales cuidadosamente seleccionados en el nuevo dise\u00f1o del vapo. La <strong>c\u00e1mara de llenado est\u00e1 ahora revestida de cer\u00e1mica<\/strong> y es, por tanto, m\u00e1s duradera y s\u00f3lida. Adem\u00e1s, se han a\u00f1adido aletas en la parte inferior del dispositivo para que el MIGHTY+ sea estable en superficies planas.<\/p>\n<h2><strong><span style=\"text-decoration: underline\">Carga acelerada<\/span><\/strong><\/h2>\n<p>MIGHTY+ est\u00e1 equipado con una toma USB-C con funci\u00f3n de supercarga, que permite cargar MIGHTY+ con 45 vatios. Se ha introducido una placa de circuito completamente redise\u00f1ada para gestionar el significativo aumento de potencia. La funci\u00f3n de supercarga te permite recargar<strong>el 80% de la bater\u00eda \u00a1en unos 40 minutos<\/strong>! Adem\u00e1s, ahora podr\u00e1 cargar su MIGHTY+ con un cable USB, \u00a1pr\u00e1cticamente en cualquier lugar!<\/p>\n<h2><strong><span style=\"text-decoration: underline\">Calentamiento m\u00e1s r\u00e1pido para Mighty<\/span><\/strong><\/h2>\n<p>Al igual que el MIGHTY, el MIGHTY+ utiliza una combinaci\u00f3n patentada de calentamiento por convecci\u00f3n y conducci\u00f3n, una tecnolog\u00eda que ha demostrado ser excelente y eficaz para calentar las hierbas de manera uniforme, sin necesidad de removerlas. Adem\u00e1s, el <a href=\"https:\/\/www.storz-bickel.com\/it\/mighty-plus\">MIGHTY+<\/a> est\u00e1 equipado con un calentamiento optimizado; por lo tanto, el MIGHTY+ <strong>se calienta en unos 60 segundos<\/strong>. Tambi\u00e9n hemos a\u00f1adido una temperatura preajustada adicional: la temperatura super-booster. Pulsando tres veces el bot\u00f3n de encendido\/apagado, la temperatura actual aumenta 15 &deg;C.<\/p>\n<h2><strong><span style=\"text-decoration: underline\">Caracter\u00edsticas y mejoras de Mighty<\/span><\/strong><\/h2>\n<ul style=\"list-style-type: disc\">\n<li>Toma USB-C<\/li>\n<li>Funci\u00f3n de superrecarga: carga del 80 % en 40 minutos<\/li>\n<li>Calentamiento en unos 60 segundos<\/li>\n<li>C\u00e1mara de llenado con revestimiento cer\u00e1mico<\/li>\n<li>Dise\u00f1o optimizado para una mayor estabilidad<\/li>\n<li>Preajuste de temperatura de super-booster<\/li>\n<li>Carcasa mejorada<\/li>\n<li>2 a\u00f1os de garant\u00eda + 1 a\u00f1o en caso de registro<\/li>\n<\/ul>\n<div class=\"pagebuilder-column-group\" data-background-images=\"{}\" data-content-type=\"column-group\" data-appearance=\"default\" data-grid-size=\"12\" data-element=\"main\" data-pb-style=\"E3H3SHP\">\n<div class=\"pagebuilder-column-line\" data-content-type=\"column-line\" data-element=\"main\" data-pb-style=\"ESQKTAJ\">\n<div class=\"pagebuilder-column\" data-content-type=\"column\" data-appearance=\"full-height\" data-background-images=\"{}\" data-element=\"main\" data-pb-style=\"SIQV8NX\">\n<div data-content-type=\"text\" data-appearance=\"default\" data-element=\"main\" data-pb-style=\"MX1QC2S\">\n<h2>Gran rendimiento, en tama\u00f1o de bolsillo: el vaporizador MIGHTY<\/h2>\n<p>El compromiso de STORZ &amp; BICKEL con la calidad y la innovaci\u00f3n pertenece a una categor\u00eda propia. Con el MIGHTY+, hemos construido un vaporizador port\u00e1til robusto y duradero, Made in Germany, para personas con un estilo de vida ajetreado.<\/p>\n<\/div>\n<\/div>\n<div class=\"pagebuilder-column\" data-content-type=\"column\" data-appearance=\"full-height\" data-background-images=\"{}\" data-element=\"main\" data-pb-style=\"LOPGCBC\"><\/div>\n<\/div>\n<\/div>\n<div class=\"pagebuilder-column-group\" data-background-images=\"{}\" data-content-type=\"column-group\" data-appearance=\"default\" data-grid-size=\"12\" data-element=\"main\" data-pb-style=\"A3NC3HS\">\n<div class=\"pagebuilder-column-line\" data-content-type=\"column-line\" data-element=\"main\" data-pb-style=\"TVOS4SF\">\n<div class=\"pagebuilder-column\" data-content-type=\"column\" data-appearance=\"full-height\" data-background-images=\"{}\" data-element=\"main\" data-pb-style=\"YOGP79C\"><\/div>\n<div class=\"pagebuilder-column\" data-content-type=\"column\" data-appearance=\"full-height\" data-background-images=\"{}\" data-element=\"main\" data-pb-style=\"NW3IKK3\">\n<figure data-content-type=\"image\" data-appearance=\"full-width\" data-element=\"main\" data-pb-style=\"XJFHNW8\"><img decoding=\"async\" class=\"pagebuilder-mobile-hidden\" title=\"S&amp;B MIGHTY+ Vaporizer: Patented convection and conduction heating\" src=\"https:\/\/www.storz-bickel.com\/media\/wysiwyg\/shot6_mighty_heating-dampf-desktop.jpg\" alt=\"Cross-section of STORZ &amp; BICKEL MIGHTY+ Vaporizer shows heating element and color-coded airflow and two lithium-ion batteries\" data-element=\"desktop_image\" data-pb-style=\"PD5DPW6\" \/><\/figure>\n<\/div>\n<div class=\"pagebuilder-column\" data-content-type=\"column\" data-appearance=\"align-center\" data-background-images=\"{}\" data-element=\"main\" data-pb-style=\"URNUX0O\">\n<div data-content-type=\"text\" data-appearance=\"default\" data-element=\"main\" data-pb-style=\"L7UIWT7\">\n<h3>Tecnolog\u00eda patentada del m\u00e1s alto nivel<\/h3>\n<p>El MIGHTY+ se basa en la combinaci\u00f3n patentada de S&amp;B de calentamiento por convecci\u00f3n y conducci\u00f3n, que garantiza:<\/p>\n<ul>\n<li>Una vaporizaci\u00f3n \u00f3ptima desde la primera calada<\/li>\n<li>Impresionantes nubes de vapor con un aroma \u00fanico<\/li>\n<li>Baja resistencia a la extracci\u00f3n de aire<\/li>\n<\/ul>\n<\/div>\n<\/div>\n<div class=\"pagebuilder-column\" data-content-type=\"column\" data-appearance=\"full-height\" data-background-images=\"{}\" data-element=\"main\" data-pb-style=\"VRRUQBY\"><\/div>\n<\/div>\n<div class=\"pagebuilder-column-line\" data-content-type=\"column-line\" data-element=\"main\" data-pb-style=\"MLNG4PO\">\n<div class=\"pagebuilder-column\" data-content-type=\"column\" data-appearance=\"full-height\" data-background-images=\"{}\" data-element=\"main\" data-pb-style=\"VAGQGCL\"><\/div>\n<div class=\"pagebuilder-column\" data-content-type=\"column\" data-appearance=\"full-height\" data-background-images=\"{}\" data-element=\"main\" data-pb-style=\"N2GWP39\">\n<figure data-content-type=\"image\" data-appearance=\"full-width\" data-element=\"main\" data-pb-style=\"BL14QWR\"><img decoding=\"async\" class=\"pagebuilder-mobile-hidden\" title=\"Ceramic-coated Filling Chamber for pure taste and easy cleaning\" src=\"https:\/\/www.storz-bickel.com\/media\/wysiwyg\/shot5_mighty_fuellkammer-desktop.jpg\" alt=\"Removed cooling unit of STORZ &amp; BICKEL MIGHTY+ with mouthpiece and open filling chamber with ceramic coating and seal ring\" data-element=\"desktop_image\" data-pb-style=\"QP1852N\" \/><\/figure>\n<\/div>\n<div class=\"pagebuilder-column\" data-content-type=\"column\" data-appearance=\"align-center\" data-background-images=\"{}\" data-element=\"main\" data-pb-style=\"JYAQ0CW\">\n<div data-content-type=\"text\" data-appearance=\"default\" data-element=\"main\" data-pb-style=\"IW445G5\">\n<h3>El alto rendimiento se une a la potente funcionalidad de MIGHTY<\/h3>\n<ul>\n<li>\n<p>Material Peek de alto rendimiento<\/p>\n<p>\u279e De uso com\u00fan en ingenier\u00eda m\u00e9dica y aeroespacial<\/p>\n<\/li>\n<li>\n<p>Recipiente con revestimiento cer\u00e1mico (1,4 cm&sup3;)<br \/>\u279e Muy resistente al desgaste<\/p>\n<\/li>\n<li>\n<p>Unidad de refrigeraci\u00f3n eficiente<br \/>\u279e A trav\u00e9s de una v\u00eda de aire dise\u00f1ada en forma de laberinto<\/p>\n<\/li>\n<li>\n<p>Vaporizador certificado<br \/>\u279e UL 8139 e IEC 60335-1<\/p>\n<\/li>\n<\/ul>\n<\/div>\n<\/div>\n<div class=\"pagebuilder-column\" data-content-type=\"column\" data-appearance=\"full-height\" data-background-images=\"{}\" data-element=\"main\" data-pb-style=\"HNJLNUK\"><\/div>\n<\/div>\n<div class=\"pagebuilder-column-line\" data-content-type=\"column-line\" data-element=\"main\" data-pb-style=\"SHSTWTW\">\n<div class=\"pagebuilder-column\" data-content-type=\"column\" data-appearance=\"full-height\" data-background-images=\"{}\" data-element=\"main\" data-pb-style=\"PITL9PY\"><\/div>\n<div class=\"pagebuilder-column\" data-content-type=\"column\" data-appearance=\"full-height\" data-background-images=\"{}\" data-element=\"main\" data-pb-style=\"R2EEGXQ\">\n<figure data-content-type=\"image\" data-appearance=\"full-width\" data-element=\"main\" data-pb-style=\"JWJK3I4\"><img decoding=\"async\" class=\"pagebuilder-mobile-hidden\" title=\"Precise temperature control on the S&amp;B MIGHTY+ with plus\/minus buttons\" src=\"https:\/\/www.storz-bickel.com\/media\/wysiwyg\/shot7_mighty_precise_control-desktop.jpg\" alt=\"Close-up of STORZ &amp; BICKEL MIGHTY+ vaporizer display with precise acutal and target temperature display and operation buttons\" data-element=\"desktop_image\" data-pb-style=\"R3A88UJ\" \/><\/figure>\n<\/div>\n<div class=\"pagebuilder-column\" data-content-type=\"column\" data-appearance=\"align-center\" data-background-images=\"{}\" data-element=\"main\" data-pb-style=\"GSSCJT0\">\n<div data-content-type=\"text\" data-appearance=\"default\" data-element=\"main\" data-pb-style=\"MXSD36E\">\n<h3>Control preciso de la temperatura<\/h3>\n<p>Control preciso de la temperatura entre 40 &deg;C y 210 &deg;C mediante botones de tacto suave y pantalla LC.<\/p>\n<\/p>\n<p>Booster y Superbooster: basta con hacer doble clic en el interruptor de encendido\/apagado para activar dos aumentos de temperatura de 15&deg;C (27&deg;F) convenientemente preajustados.<\/p>\n<\/div>\n<\/div>\n<div class=\"pagebuilder-column\" data-content-type=\"column\" data-appearance=\"full-height\" data-background-images=\"{}\" data-element=\"main\" data-pb-style=\"HP9VBB6\"><\/div>\n<\/div>\n<div class=\"pagebuilder-column-line\" data-content-type=\"column-line\" data-element=\"main\" data-pb-style=\"N1KAM5X\">\n<div class=\"pagebuilder-column\" data-content-type=\"column\" data-appearance=\"full-height\" data-background-images=\"{}\" data-element=\"main\" data-pb-style=\"C1TXJ90\"><\/div>\n<div class=\"pagebuilder-column\" data-content-type=\"column\" data-appearance=\"full-height\" data-background-images=\"{}\" data-element=\"main\" data-pb-style=\"Y1FVML8\">\n<figure data-content-type=\"image\" data-appearance=\"full-width\" data-element=\"main\" data-pb-style=\"K26W29A\"><img decoding=\"async\" class=\"pagebuilder-mobile-hidden\" title=\"Fast charging via USB-C port on the STORZ &amp; BICKEL MIGHTY+ Vaporizer\" src=\"https:\/\/www.storz-bickel.com\/media\/wysiwyg\/shot8_mighty_usb-c-desktop.jpg\" alt=\"Lateral close-up of USB-C charging port on STORZ &amp; BICKEL MIGHTY+ Vaporizer\" data-element=\"desktop_image\" data-pb-style=\"DXOV075\" \/><\/figure>\n<\/div>\n<div class=\"pagebuilder-column\" data-content-type=\"column\" data-appearance=\"align-center\" data-background-images=\"{}\" data-element=\"main\" data-pb-style=\"J64R08N\">\n<div data-content-type=\"text\" data-appearance=\"default\" data-element=\"main\" data-pb-style=\"OBMXWKR\">\n<h3>Recarga c\u00f3moda, potencia duradera<\/h3>\n<ul>\n<li>2 potentes bater\u00edas de iones de litio<\/li>\n<li>Toma USB-C<\/li>\n<li>Funci\u00f3n de carga r\u00e1pida (~80% en 40 minutos)<\/li>\n<\/ul>\n<\/div>\n<\/div>\n<\/div>\n<\/div>\n<p><\/p>\n","protected":false},"excerpt":{"rendered":"<p>El MIGHTY siempre ha sido el caballo de batalla de Storz&amp;bickel y ahora, con el MIGHTY+, la marca alemana sube<\/p>\n","protected":false},"featured_media":129789,"comment_status":"open","ping_status":"closed","template":"","meta":[],"product_brand":[],"product_cat":[7908],"product_tag":[],"class_list":{"0":"post-129813","1":"product","2":"type-product","3":"status-publish","4":"has-post-thumbnail","6":"product_cat-vaporizadores","8":"first","9":"instock","10":"sale","11":"taxable","12":"shipping-taxable","13":"purchasable","14":"product-type-simple"},"aioseo_notices":[],"_links":{"self":[{"href":"https:\/\/www.budream.com\/es\/wp-json\/wp\/v2\/product\/129813","targetHints":{"allow":["GET"]}}],"collection":[{"href":"https:\/\/www.budream.com\/es\/wp-json\/wp\/v2\/product"}],"about":[{"href":"https:\/\/www.budream.com\/es\/wp-json\/wp\/v2\/types\/product"}],"replies":[{"embeddable":true,"href":"https:\/\/www.budream.com\/es\/wp-json\/wp\/v2\/comments?post=129813"}],"version-history":[{"count":0,"href":"https:\/\/www.budream.com\/es\/wp-json\/wp\/v2\/product\/129813\/revisions"}],"wp:featuredmedia":[{"embeddable":true,"href":"https:\/\/www.budream.com\/es\/wp-json\/wp\/v2\/media\/129789"}],"wp:attachment":[{"href":"https:\/\/www.budream.com\/es\/wp-json\/wp\/v2\/media?parent=129813"}],"wp:term":[{"taxonomy":"product_brand","embeddable":true,"href":"https:\/\/www.budream.com\/es\/wp-json\/wp\/v2\/product_brand?post=129813"},{"taxonomy":"product_cat","embeddable":true,"href":"https:\/\/www.budream.com\/es\/wp-json\/wp\/v2\/product_cat?post=129813"},{"taxonomy":"product_tag","embeddable":true,"href":"https:\/\/www.budream.com\/es\/wp-json\/wp\/v2\/product_tag?post=129813"}],"curies":[{"name":"wp","href":"https:\/\/api.w.org\/{rel}","templated":true}]}}