{"id":129963,"date":"2025-07-30T22:41:25","date_gmt":"2025-07-30T20:41:25","guid":{"rendered":"https:\/\/www.budream.com\/shop\/storzbickel-volcano-classic-black-edition-easy-valve-vaporizador-de-sobremesa\/"},"modified":"2026-04-29T11:14:25","modified_gmt":"2026-04-29T09:14:25","slug":"storzbickel-volcano-classic-black-edition-easy-valve-vaporizador-de-sobremesa","status":"publish","type":"product","link":"https:\/\/www.budream.com\/es\/shop\/storzbickel-volcano-classic-black-edition-easy-valve-vaporizador-de-sobremesa\/","title":{"rendered":"STORZ&amp;BICKEL &#8211; VOLCANO CLASSIC BLACK EDITION &#8211; EASY VALVE | VAPORIZADOR DE SOBREMESA"},"content":{"rendered":"<p>La nueva <strong>edici\u00f3n limitada VOLCANO Black edition<\/strong> atrae todas las miradas: elegante, atrevida y discreta;<br \/>El color ONYX recuerda a la roca de lava negra, que combina a la perfecci\u00f3n con la forma ic\u00f3nica del <strong>VOLCANO<\/strong>.<br \/>El recubrimiento en polvo de alta calidad hace que el cono sea a\u00fan m\u00e1s resistente a los ara\u00f1azos y el negro mate le confiere un marcado aspecto de extravagancia.<br \/><strong><br \/>Disponible hasta fin de existencias.<br \/><\/strong><span style=\"text-decoration: underline\"><span style=\"text-decoration: underline\"><br \/><\/span><\/span><\/p>\n<h2><span style=\"text-decoration: underline\">Volcano Classic Black edition.<\/span><\/h2>\n<p>VOLCANO es el vaporizador m\u00e1s ic\u00f3nico del mercado y ha sido la elecci\u00f3n de los entendidos durante 20 a\u00f1os. Su forma ic\u00f3nica ha encontrado su camino en muchos hogares de todo el mundo como un elemento de dise\u00f1o \u00fanico. Ahora, el cono<strong> negro \u00f3nix<\/strong> le da al Classic un acabado sigiloso y elegante que seguramente ser\u00e1 un excelente punto de atracci\u00f3n en cualquier entorno. <br \/>El VOLCANO, como todos los vaporizadores S&amp;B, se ensambla en Alemania a mano bajo estrictos controles de calidad. Su dise\u00f1o puramente electromec\u00e1nico y sus materiales de calidad garantizan una durabilidad excepcional.<\/p>\n<h2><span style=\"text-decoration: underline\"><strong>Calidad probada.<br \/><\/strong><\/span><\/h2>\n<p>El VOLCANO CLASSIC ofrece una excelente <strong>producci\u00f3n de vapor<\/strong>, inigualable por todos los competidores. Gracias a su calentamiento por convecci\u00f3n pura, ofrece un sabor y un vapor puro sin precedentes.<\/p>\n<h2><strong><span style=\"text-decoration: underline\">Caracter\u00edsticas Storz &amp; Bickel Volcano Classic Black edition:<\/span><\/strong><\/h2>\n<ul style=\"list-style-type: disc\">\n<li>Temperatura del vapor regulable de 130&deg;C a 230&deg;C.<\/li>\n<li>Tres a\u00f1os de garant\u00eda<\/li>\n<li>Precisi\u00f3n de temperatura &plusmn; 5&deg;C<\/li>\n<li>Kit compuesto por todos los accesorios necesarios para el funcionamiento y el mantenimiento.<\/li>\n<li>Nueva edici\u00f3n limitada en color negro \u00f3nice.<\/li>\n<\/ul>\n<p><\/p>\n<h2><strong><span style=\"text-decoration: underline\">Storz &amp; Bickel Volcano Classic Black edition<\/span><\/strong><strong><span style=\"text-decoration: underline\"> incluye en la caja:<\/span><\/strong><\/h2>\n<ul style=\"list-style-type: disc\">\n<li><span style=\"font-size: 10pt\">1 ud. Volcano Classic Black edition negro \u00f3nice;<\/span><\/li>\n<li><span style=\"font-size: 10pt\">4 uds. Petaca EASY VALVE con boquilla;<\/span><\/li>\n<li><span style=\"font-size: 10pt\">1 ud. Petaca EASY VALVE con adaptador;<\/span><\/li>\n<li><span style=\"font-size: 10pt\">1 ud. C\u00e1mara de llenado;<\/span><\/li>\n<li><span style=\"font-size: 10pt\">3 uds. Pinza para c\u00e1mara de relleno;<\/span><\/li>\n<li><span style=\"font-size: 10pt\">1 pz. Anillo de tapa;<\/span><\/li>\n<li><span style=\"font-size: 10pt\">1 ud. Juego de filtros est\u00e1ndar (aprox. &Oslash; 30 mm);<\/span><\/li>\n<li><span style=\"font-size: 10pt\">1 ud. Almohadilla para gotas (aprox. &Oslash; 28 x 4 mm);<\/span><\/li>\n<li><span style=\"font-size: 10pt\">1 ud. Juego de filtros de aire;<\/span><\/li>\n<li><span style=\"font-size: 10pt\">1 ud. Molinillo de hierbas (aprox. &Oslash; 59 mm);<\/span><\/li>\n<li><span style=\"font-size: 10pt\">1 ud. Cepillo de limpieza;<\/span><\/li>\n<li><span style=\"font-size: 10pt\">1 ud. Instrucciones de uso;<\/span><\/li>\n<\/ul>\n","protected":false},"excerpt":{"rendered":"<p>La nueva edici\u00f3n limitada VOLCANO Black edition atrae todas las miradas: elegante, atrevida y discreta;El color ONYX recuerda a la<\/p>\n","protected":false},"featured_media":129939,"comment_status":"open","ping_status":"closed","template":"","meta":[],"product_brand":[],"product_cat":[7908],"product_tag":[],"class_list":{"0":"post-129963","1":"product","2":"type-product","3":"status-publish","4":"has-post-thumbnail","6":"product_cat-vaporizadores","8":"first","9":"outofstock","10":"sale","11":"taxable","12":"shipping-taxable","13":"purchasable","14":"product-type-simple"},"aioseo_notices":[],"_links":{"self":[{"href":"https:\/\/www.budream.com\/es\/wp-json\/wp\/v2\/product\/129963","targetHints":{"allow":["GET"]}}],"collection":[{"href":"https:\/\/www.budream.com\/es\/wp-json\/wp\/v2\/product"}],"about":[{"href":"https:\/\/www.budream.com\/es\/wp-json\/wp\/v2\/types\/product"}],"replies":[{"embeddable":true,"href":"https:\/\/www.budream.com\/es\/wp-json\/wp\/v2\/comments?post=129963"}],"version-history":[{"count":1,"href":"https:\/\/www.budream.com\/es\/wp-json\/wp\/v2\/product\/129963\/revisions"}],"predecessor-version":[{"id":266105,"href":"https:\/\/www.budream.com\/es\/wp-json\/wp\/v2\/product\/129963\/revisions\/266105"}],"wp:featuredmedia":[{"embeddable":true,"href":"https:\/\/www.budream.com\/es\/wp-json\/wp\/v2\/media\/129939"}],"wp:attachment":[{"href":"https:\/\/www.budream.com\/es\/wp-json\/wp\/v2\/media?parent=129963"}],"wp:term":[{"taxonomy":"product_brand","embeddable":true,"href":"https:\/\/www.budream.com\/es\/wp-json\/wp\/v2\/product_brand?post=129963"},{"taxonomy":"product_cat","embeddable":true,"href":"https:\/\/www.budream.com\/es\/wp-json\/wp\/v2\/product_cat?post=129963"},{"taxonomy":"product_tag","embeddable":true,"href":"https:\/\/www.budream.com\/es\/wp-json\/wp\/v2\/product_tag?post=129963"}],"curies":[{"name":"wp","href":"https:\/\/api.w.org\/{rel}","templated":true}]}}