{"id":129998,"date":"2025-07-30T22:42:04","date_gmt":"2025-07-30T20:42:04","guid":{"rendered":"https:\/\/www.budream.com\/shop\/storzbickel-volcano-hybrid-black-edition-vaporizador\/"},"modified":"2026-02-18T17:46:43","modified_gmt":"2026-02-18T15:46:43","slug":"storzbickel-volcano-hybrid-black-edition-vaporizador","status":"publish","type":"product","link":"https:\/\/www.budream.com\/es\/shop\/storzbickel-volcano-hybrid-black-edition-vaporizador\/","title":{"rendered":"STORZ&amp;BICKEL &#8211; VOLCANO HYBRID BLACK EDITION | VAPORIZADOR"},"content":{"rendered":"<p>La nueva edici\u00f3n limitada <strong>VOLCANO ONYX<\/strong> atrae todas las miradas: elegante, atrevida y discreta;<br \/>El color ONYX recuerda a la roca de lava negra, que combina perfectamente con la forma ic\u00f3nica del <strong>VOLCANO<\/strong>.<br \/>El recubrimiento en polvo de alta calidad hace que el cono sea a\u00fan m\u00e1s resistente a los ara\u00f1azos y el negro mate le confiere un marcado aspecto de extravagancia.<br \/><strong><br \/>\u00a1Disponible hasta fin de existencias!<\/strong><\/p>\n<p>El Volcano Hybrid es el nuevo vaporizador de sobremesa de <strong>Storz &amp; Bickel<\/strong> que ofrece nuevas funciones y la habitual calidad incuestionable que ha hecho famosa a la marca alemana en todo el mundo. La reinvenci\u00f3n de un icono.<\/p>\n<h2><span style=\"text-decoration: underline\">El Volcano Hybrid black edition presenta numerosas novedades:<\/span><\/h2>\n<ul style=\"list-style-type: disc\">\n<li>Inhalaci\u00f3n a trav\u00e9s de la Unidad de Tubo o con el Frasco con Easy Valve;<\/li>\n<li>Proceso de calentamiento muy r\u00e1pido (1 &#8211; 2 minutos);<\/li>\n<li>Gran pantalla con controles para la regulaci\u00f3n de la temperatura;<\/li>\n<li>Control a trav\u00e9s de la aplicaci\u00f3n S&amp;B para Android e iOS;<\/li>\n<li>Los materiales y la mano de obra de alta calidad a los que est\u00e1 acostumbrado con STORZ &amp; BICKEL garantizan una larga vida \u00fatil Made in Germany<\/li>\n<li>Nueva edici\u00f3n limitada en color Onyx Black;<\/li>\n<\/ul>\n<p><\/p>\n<h2><span style=\"text-decoration: underline\">Tambi\u00e9n es totalmente nueva la APP Storz&amp;Bickel, que ampl\u00eda las funciones del vaporizador:<br \/><\/span><\/h2>\n<ul style=\"list-style-type: disc\">\n<li>Control del proceso t\u00e9rmico;<\/li>\n<li>Personalizaci\u00f3n de los ajustes;<\/li>\n<li>Control de apagado autom\u00e1tico;<\/li>\n<li>Control de la vibraci\u00f3n;<\/li>\n<li>Configuraci\u00f3n del brillo de los LED;<\/li>\n<li>Configuraci\u00f3n del flujo de vapor;<\/li>\n<li>Almacenamiento de n\u00fameros de serie;<\/li>\n<\/ul>\n<p><strong>Disponible para Android e iOS.<\/strong><\/p>\n<h2><span style=\"text-decoration: underline\">Volcano Hybrid black edition incluye en la caja:<\/span><\/h2>\n<ul style=\"list-style-type: disc\">\n<li class=\"long-description\">1 ud. Vaporizador VOLCANO HYBRID BLACK EDITION;<\/li>\n<li class=\"long-description\">1 ud. Cable de alimentaci\u00f3n;<\/li>\n<li class=\"long-description\">3 uds. Petaca EASY VALVE con boquilla;<\/li>\n<li class=\"long-description\">1 ud. Frasco EASY VALVE con adaptador;<\/li>\n<li class=\"long-description\">1 ud. Tubo unitario para inhalaci\u00f3n directa<\/li>\n<li class=\"long-description\">1 ud. C\u00e1mara de vaporizaci\u00f3n (incl.: 1 ud. Anillo de tapa; 1 ud. Juego de filtros est\u00e1ndar (aprox. &Oslash; 30 mm), 1 ud. Almohadilla para gotas (aprox. &Oslash; 28 x 4 mm), 1 ud. Cepillo de limpieza);<\/li>\n<li class=\"long-description\">1 ud. Juego de filtros de aire;<\/li>\n<li class=\"long-description\">1 ud. molinillo de hierbas (&Oslash; 55 mm)<\/li>\n<li class=\"long-description\">1 ud. Instrucciones de uso;<\/li>\n<\/ul>\n","protected":false},"excerpt":{"rendered":"<p>La nueva edici\u00f3n limitada VOLCANO ONYX atrae todas las miradas: elegante, atrevida y discreta;El color ONYX recuerda a la roca<\/p>\n","protected":false},"featured_media":129969,"comment_status":"open","ping_status":"closed","template":"","meta":[],"product_brand":[],"product_cat":[7908],"product_tag":[],"class_list":{"0":"post-129998","1":"product","2":"type-product","3":"status-publish","4":"has-post-thumbnail","6":"product_cat-vaporizadores","8":"first","9":"instock","10":"sale","11":"taxable","12":"shipping-taxable","13":"purchasable","14":"product-type-simple"},"aioseo_notices":[],"_links":{"self":[{"href":"https:\/\/www.budream.com\/es\/wp-json\/wp\/v2\/product\/129998","targetHints":{"allow":["GET"]}}],"collection":[{"href":"https:\/\/www.budream.com\/es\/wp-json\/wp\/v2\/product"}],"about":[{"href":"https:\/\/www.budream.com\/es\/wp-json\/wp\/v2\/types\/product"}],"replies":[{"embeddable":true,"href":"https:\/\/www.budream.com\/es\/wp-json\/wp\/v2\/comments?post=129998"}],"version-history":[{"count":0,"href":"https:\/\/www.budream.com\/es\/wp-json\/wp\/v2\/product\/129998\/revisions"}],"wp:featuredmedia":[{"embeddable":true,"href":"https:\/\/www.budream.com\/es\/wp-json\/wp\/v2\/media\/129969"}],"wp:attachment":[{"href":"https:\/\/www.budream.com\/es\/wp-json\/wp\/v2\/media?parent=129998"}],"wp:term":[{"taxonomy":"product_brand","embeddable":true,"href":"https:\/\/www.budream.com\/es\/wp-json\/wp\/v2\/product_brand?post=129998"},{"taxonomy":"product_cat","embeddable":true,"href":"https:\/\/www.budream.com\/es\/wp-json\/wp\/v2\/product_cat?post=129998"},{"taxonomy":"product_tag","embeddable":true,"href":"https:\/\/www.budream.com\/es\/wp-json\/wp\/v2\/product_tag?post=129998"}],"curies":[{"name":"wp","href":"https:\/\/api.w.org\/{rel}","templated":true}]}}