{"id":130013,"date":"2025-07-30T22:42:41","date_gmt":"2025-07-30T20:42:41","guid":{"rendered":"https:\/\/www.budream.com\/shop\/impresind-eliturbo-luz-uv-sanitizador-y-destratificador-de-aire-100mc-h\/"},"modified":"2025-10-14T19:13:22","modified_gmt":"2025-10-14T17:13:22","slug":"impresind-eliturbo-luz-uv-sanitizador-y-destratificador-de-aire-100mc-h","status":"publish","type":"product","link":"https:\/\/www.budream.com\/es\/shop\/impresind-eliturbo-luz-uv-sanitizador-y-destratificador-de-aire-100mc-h\/","title":{"rendered":"IMPRESIND &#8211; ELITURBO LUZ UV SANITIZADOR Y DESTRATIFICADOR DE AIRE | 100mc\/h"},"content":{"rendered":"<p>ELITURBO UV-Light utiliza la tecnolog\u00eda de radiaci\u00f3n de luz ultravioleta de longitud de onda corta, conocida como UV-C, para reducir la carga bacteriana y v\u00edrica en el aire. ELITURBO UV-Light <strong>puede funcionar H24 incluso en presencia de personas gracias a su exclusivo sistema de apantallamiento y protecci\u00f3n UV-C. <\/strong>Durante el funcionamiento nocturno en ausencia de personas, la neutralizaci\u00f3n de bacterias y virus se completa y al d\u00eda siguiente el aire de la habitaci\u00f3n estar\u00e1 higienizado.<\/p>\n<p>ELITURBO UV-Light <strong>utiliza un proceso especial de higienizaci\u00f3n y ventilaci\u00f3n<\/strong> para tratar el aire de la habitaci\u00f3n.<strong> El aire pasa a trav\u00e9s de una c\u00e1mara germicida donde es bombardeado por rayos UV-C multidireccionales capaces de alcanzar y neutralizar los agentes pat\u00f3genos presentes.<\/strong> El aire higienizado se devuelve a la habitaci\u00f3n en todas las direcciones para igualar el microclima de la habitaci\u00f3n. A diferencia de otros aparatos que s\u00f3lo irradian la habitaci\u00f3n en una direcci\u00f3n, <strong>la forma \u00fanica de Eliturbo UV-Light con sus deflectores circulares le permite tratar el aire a 360&deg; e higienizar todo el volumen en cuesti\u00f3n.<\/strong> La ventilaci\u00f3n es suave y silenciosa.<\/p>\n<h2><strong><span style=\"text-decoration: underline\">Ventajas de utilizar Eliturbo UV-Light:<\/span><\/strong><\/h2>\n<ul style=\"list-style-type: disc\">\n<li>Dise\u00f1ado para su uso en espacios cerrados, incluso en presencia de personas (Decreto sobre Salud y Seguridad en el Trabajo, Decreto Legislativo 9 de abril de 2008 n\u00ba 81)<\/li>\n<li>Alta eficacia ultravioleta<\/li>\n<li>Protecci\u00f3n contra la exposici\u00f3n a fuentes UV-C<\/li>\n<li>Efecto germicida para la neutralizaci\u00f3n de virus y bacterias<\/li>\n<li>Reducci\u00f3n de la contaminaci\u00f3n superficial<\/li>\n<li>Sustituye el uso de pulverizadores qu\u00edmicos en el aire<\/li>\n<li>Sin ozono<\/li>\n<li>Materiales y equipos probados y certificados<\/li>\n<li>Funcionamiento continuo<\/li>\n<li>F\u00e1cil instalaci\u00f3n<\/li>\n<\/ul>\n<p>La instalaci\u00f3n es muy sencilla, ELITURBO UV-Light es ligero y puede colgarse del techo de la sala, a <strong>una altura no inferior a 2,5 m del suelo<\/strong>. Requiere una conexi\u00f3n a la red el\u00e9ctrica y un interruptor de encendido\/apagado. Desconecte <strong>el higienizador en caso de trabajos de mantenimiento del producto y otros trabajos en altura en la sala de instalaci\u00f3n<\/strong>. <strong><br \/><\/strong><\/p>\n<h2><strong><span style=\"text-decoration: underline\">Especificaciones t\u00e9cnicas Eliturbo UV-Light:<\/span><\/strong><\/h2>\n<ul style=\"list-style-type: disc\">\n<li><strong>Consumo<\/strong> 90W<\/li>\n<li><strong>Alimentaci\u00f3n<\/strong> 220-240V<\/li>\n<li><strong>Tipo de ventilador<\/strong> axial<\/li>\n<li><strong>Total aire en movimiento<\/strong> m3\/h 100<\/li>\n<li><strong>Potencia sonora<\/strong> db(A) 35<\/li>\n<li><strong>Di\u00e1metro &Oslash;<\/strong> mm 680<\/li>\n<li><strong>Altura<\/strong> h mm 260<\/li>\n<li><strong>Peso<\/strong> kg 10<\/li>\n<li><strong>Acabado exterior<\/strong> Pintura en polvo<\/li>\n<li><strong>Normas de referencia<\/strong> IEC60879 &#8211; EN ISO1680<\/li>\n<\/ul>\n<p><strong><br \/>SANIFICACI\u00d3N<\/strong><\/p>\n<ul style=\"list-style-type: disc\">\n<li><strong>L\u00e1mparas<\/strong> UV-C 2x36W<\/li>\n<li><strong>Longitud de onda<\/strong> UV-C 254 nm<\/li>\n<li><strong>Vida \u00fatil de la l\u00e1mpara<\/strong> 9000 h<\/li>\n<li><strong>Volumen de influencia<\/strong> 100mc-40sqm<\/li>\n<\/ul>\n<h3><span style=\"text-decoration: underline\"><strong>Qu\u00e9 es UV-C<\/strong><\/span><\/h3>\n<p>La luz se divide en rayos visibles, rayos infrarrojos y rayos ultravioleta. Los rayos ultravioleta (invisibles) se clasifican en:<\/p>\n<ul style=\"list-style-type: disc\">\n<li>UV-A (propiedades bronceadoras)<\/li>\n<li>UV-B (propiedades terap\u00e9uticas)<\/li>\n<li>UV-C (propiedades germicidas)<\/li>\n<\/ul>\n<p>La UV-C elimina bacterias, virus, hongos, esporas, mohos y \u00e1caros destruyendo su ADN e inhibiendo su reproducci\u00f3n y proliferaci\u00f3n. La tecnolog\u00eda UV-C es un m\u00e9todo de desinfecci\u00f3n f\u00edsica rentable, es respetuoso con el medio ambiente y, a diferencia de los agentes qu\u00edmicos, act\u00faa contra todos los microorganismos sin crear resistencias.<\/p>\n<p>Tiempos de rendimiento: a consultar con el fabricante.<\/p>\n","protected":false},"excerpt":{"rendered":"<p>ELITURBO UV-Light utiliza la tecnolog\u00eda de radiaci\u00f3n de luz ultravioleta de longitud de onda corta, conocida como UV-C, para reducir<\/p>\n","protected":false},"featured_media":130004,"comment_status":"open","ping_status":"closed","template":"","meta":[],"product_brand":[],"product_cat":[7930],"product_tag":[],"class_list":{"0":"post-130013","1":"product","2":"type-product","3":"status-publish","4":"has-post-thumbnail","6":"product_cat-antiparasitarios-y-defensa","8":"first","9":"instock","10":"taxable","11":"shipping-taxable","12":"purchasable","13":"product-type-simple"},"aioseo_notices":[],"_links":{"self":[{"href":"https:\/\/www.budream.com\/es\/wp-json\/wp\/v2\/product\/130013","targetHints":{"allow":["GET"]}}],"collection":[{"href":"https:\/\/www.budream.com\/es\/wp-json\/wp\/v2\/product"}],"about":[{"href":"https:\/\/www.budream.com\/es\/wp-json\/wp\/v2\/types\/product"}],"replies":[{"embeddable":true,"href":"https:\/\/www.budream.com\/es\/wp-json\/wp\/v2\/comments?post=130013"}],"version-history":[{"count":0,"href":"https:\/\/www.budream.com\/es\/wp-json\/wp\/v2\/product\/130013\/revisions"}],"wp:featuredmedia":[{"embeddable":true,"href":"https:\/\/www.budream.com\/es\/wp-json\/wp\/v2\/media\/130004"}],"wp:attachment":[{"href":"https:\/\/www.budream.com\/es\/wp-json\/wp\/v2\/media?parent=130013"}],"wp:term":[{"taxonomy":"product_brand","embeddable":true,"href":"https:\/\/www.budream.com\/es\/wp-json\/wp\/v2\/product_brand?post=130013"},{"taxonomy":"product_cat","embeddable":true,"href":"https:\/\/www.budream.com\/es\/wp-json\/wp\/v2\/product_cat?post=130013"},{"taxonomy":"product_tag","embeddable":true,"href":"https:\/\/www.budream.com\/es\/wp-json\/wp\/v2\/product_tag?post=130013"}],"curies":[{"name":"wp","href":"https:\/\/api.w.org\/{rel}","templated":true}]}}