{"id":130033,"date":"2025-07-30T22:44:52","date_gmt":"2025-07-30T20:44:52","guid":{"rendered":"https:\/\/www.budream.com\/shop\/italia-cbd-locion-reparadora-post-tattooing-0-2-cbd-30ml\/"},"modified":"2025-10-14T19:14:54","modified_gmt":"2025-10-14T17:14:54","slug":"italia-cbd-locion-reparadora-post-tattooing-0-2-cbd-30ml","status":"publish","type":"product","link":"https:\/\/www.budream.com\/es\/shop\/italia-cbd-locion-reparadora-post-tattooing-0-2-cbd-30ml\/","title":{"rendered":"ITALIA CBD &#8211; LOCION REPARADORA POST TATTOOING | 0.2% CBD | 30ml"},"content":{"rendered":"<p><strong>La loci\u00f3n reparadora de CBD y pantenol desarrollada para el nuevo tatuaje<\/strong>, a base de pantenol, favorece la reestructuraci\u00f3n de la piel y su r\u00e1pida restauraci\u00f3n.<\/p>\n<p>Su f\u00f3rmula especial tiene un efecto calmante y alivia el picor y la irritaci\u00f3n.<\/p>\n<p>No es graso y no mancha.<\/p>\n<p>El pantenol es un componente de la vitamina B, cuya principal propiedad es su capacidad para desinfectar y cicatrizar r\u00e1pidamente, aliviar la inflamaci\u00f3n y acelerar la epitetilizaci\u00f3n. El CBD muestra efectos reconstituyentes similares, que mejoran la cicatrizaci\u00f3n r\u00e1pida a la vez que tienen un efecto antibacteriano.<\/p>\n<p>La Loci\u00f3n de Pantenol combinada con CBD tiene un potente efecto regenerador y antiinflamatorio, calma r\u00e1pidamente la piel irritada y se consiguen resultados positivos en menos tiempo.<\/p>\n<h2><span style=\"text-decoration: underline\"><strong>Beneficios adicionales del CBD:<\/strong><\/span><\/h2>\n<ul style=\"list-style-type: disc\">\n<li>El cannabidiol (CBD) no es psicoactivo y no afecta a la conciencia;<\/li>\n<li>Restaura la piel muy seca y sensible;<\/li>\n<li>Mejora la circulaci\u00f3n sangu\u00ednea en los capilares;<\/li>\n<li>Se utiliza para la inflamaci\u00f3n y la hinchaz\u00f3n;<\/li>\n<li>Promueve la regeneraci\u00f3n celular;<\/li>\n<li>Combate activamente la pigmentaci\u00f3n;<\/li>\n<li>Utilizado en el tratamiento de psoriasis, eczema, acn\u00e9.<\/li>\n<\/ul>\n<p>Aceite de CBD extra\u00eddo de flores certificadas de cannabis sativa obtenidas mediante cultivo autorizado y legal. Este producto contiene CBD sin colorantes ni conservantes. Mantener fuera del alcance de los ni\u00f1os. No apto para la combusti\u00f3n.<br \/>Producto no estupefaciente autorizado para los usos previstos por la Ley n\u00ba 242\/16 y la Circular del Ministerio de Sanidad de 22\/05\/2009.<\/p>\n","protected":false},"excerpt":{"rendered":"<p>La loci\u00f3n reparadora de CBD y pantenol desarrollada para el nuevo tatuaje, a base de pantenol, favorece la reestructuraci\u00f3n de<\/p>\n","protected":false},"featured_media":130029,"comment_status":"open","ping_status":"closed","template":"","meta":[],"product_brand":[],"product_cat":[7914],"product_tag":[],"class_list":{"0":"post-130033","1":"product","2":"type-product","3":"status-publish","4":"has-post-thumbnail","6":"product_cat-cosmeticos","8":"first","9":"instock","10":"taxable","11":"shipping-taxable","12":"purchasable","13":"product-type-simple"},"_links":{"self":[{"href":"https:\/\/www.budream.com\/es\/wp-json\/wp\/v2\/product\/130033","targetHints":{"allow":["GET"]}}],"collection":[{"href":"https:\/\/www.budream.com\/es\/wp-json\/wp\/v2\/product"}],"about":[{"href":"https:\/\/www.budream.com\/es\/wp-json\/wp\/v2\/types\/product"}],"replies":[{"embeddable":true,"href":"https:\/\/www.budream.com\/es\/wp-json\/wp\/v2\/comments?post=130033"}],"version-history":[{"count":0,"href":"https:\/\/www.budream.com\/es\/wp-json\/wp\/v2\/product\/130033\/revisions"}],"wp:featuredmedia":[{"embeddable":true,"href":"https:\/\/www.budream.com\/es\/wp-json\/wp\/v2\/media\/130029"}],"wp:attachment":[{"href":"https:\/\/www.budream.com\/es\/wp-json\/wp\/v2\/media?parent=130033"}],"wp:term":[{"taxonomy":"product_brand","embeddable":true,"href":"https:\/\/www.budream.com\/es\/wp-json\/wp\/v2\/product_brand?post=130033"},{"taxonomy":"product_cat","embeddable":true,"href":"https:\/\/www.budream.com\/es\/wp-json\/wp\/v2\/product_cat?post=130033"},{"taxonomy":"product_tag","embeddable":true,"href":"https:\/\/www.budream.com\/es\/wp-json\/wp\/v2\/product_tag?post=130033"}],"curies":[{"name":"wp","href":"https:\/\/api.w.org\/{rel}","templated":true}]}}