{"id":130043,"date":"2025-07-30T22:45:21","date_gmt":"2025-07-30T20:45:21","guid":{"rendered":"https:\/\/www.budream.com\/shop\/italia-cbd-locion-hidratante-naranja-dulce-1-cbd-30ml\/"},"modified":"2025-10-14T19:15:24","modified_gmt":"2025-10-14T17:15:24","slug":"italia-cbd-locion-hidratante-naranja-dulce-1-cbd-30ml","status":"publish","type":"product","link":"https:\/\/www.budream.com\/es\/shop\/italia-cbd-locion-hidratante-naranja-dulce-1-cbd-30ml\/","title":{"rendered":"ITALIA CBD &#8211; LOCION HIDRATANTE NARANJA DULCE | 1% CBD | 30ml"},"content":{"rendered":"<p><strong>La loci\u00f3n CBD es un excelente remedio para la piel seca y deshidratada<\/strong>. La textura ligera de esta loci\u00f3n revitaliza instant\u00e1neamente la piel, mejorando su aspecto. Adem\u00e1s, su envase ligero y compacto permite llevarla siempre consigo.<\/p>\n<p>El aceite de naranja se considera uno de los agentes calmantes m\u00e1s eficaces para la piel sensible. Estimula la actividad y el crecimiento celular, aportando tonicidad. Reduce la irritaci\u00f3n previniendo las erupciones y tiene propiedades antioxidantes que ralentizan los signos del envejecimiento.<\/p>\n<\/p>\n<h2><span style=\"text-decoration: underline\"><strong>Beneficios adicionales del CBD<\/strong><\/span><\/h2>\n<ul style=\"list-style-type: disc\">\n<li>El cannabidiol (CBD) no es psicoactivo y no afecta a la consciencia;<\/li>\n<li>Restaura la piel muy seca y sensible<\/li>\n<li>Mejora la circulaci\u00f3n sangu\u00ednea en los capilares;<\/li>\n<li>Se utiliza para la inflamaci\u00f3n y la hinchaz\u00f3n<\/li>\n<li>Promueve la regeneraci\u00f3n celular;<\/li>\n<li>Combate activamente la pigmentaci\u00f3n;<\/li>\n<li>Utilizado en el tratamiento de psoriasis, eczema, acn\u00e9.<\/li>\n<\/ul>\n<p>Aceite de CBD extra\u00eddo de flores certificadas de cannabis sativa obtenidas mediante cultivo autorizado y legal. Este producto contiene CBD sin colorantes ni conservantes. Mantener fuera del alcance de los ni\u00f1os. No apto para la combusti\u00f3n.<br \/>Producto no estupefaciente autorizado para los usos previstos por la Ley n\u00ba 242\/16 y la Circular del Ministerio de Sanidad de 22\/05\/2009.<\/p>\n","protected":false},"excerpt":{"rendered":"<p>La loci\u00f3n CBD es un excelente remedio para la piel seca y deshidratada. La textura ligera de esta loci\u00f3n revitaliza<\/p>\n","protected":false},"featured_media":130039,"comment_status":"open","ping_status":"closed","template":"","meta":[],"product_brand":[],"product_cat":[1171],"product_tag":[],"class_list":{"0":"post-130043","1":"product","2":"type-product","3":"status-publish","4":"has-post-thumbnail","6":"product_cat-cosmetici","8":"first","9":"instock","10":"taxable","11":"shipping-taxable","12":"purchasable","13":"product-type-simple"},"_links":{"self":[{"href":"https:\/\/www.budream.com\/es\/wp-json\/wp\/v2\/product\/130043","targetHints":{"allow":["GET"]}}],"collection":[{"href":"https:\/\/www.budream.com\/es\/wp-json\/wp\/v2\/product"}],"about":[{"href":"https:\/\/www.budream.com\/es\/wp-json\/wp\/v2\/types\/product"}],"replies":[{"embeddable":true,"href":"https:\/\/www.budream.com\/es\/wp-json\/wp\/v2\/comments?post=130043"}],"version-history":[{"count":0,"href":"https:\/\/www.budream.com\/es\/wp-json\/wp\/v2\/product\/130043\/revisions"}],"wp:featuredmedia":[{"embeddable":true,"href":"https:\/\/www.budream.com\/es\/wp-json\/wp\/v2\/media\/130039"}],"wp:attachment":[{"href":"https:\/\/www.budream.com\/es\/wp-json\/wp\/v2\/media?parent=130043"}],"wp:term":[{"taxonomy":"product_brand","embeddable":true,"href":"https:\/\/www.budream.com\/es\/wp-json\/wp\/v2\/product_brand?post=130043"},{"taxonomy":"product_cat","embeddable":true,"href":"https:\/\/www.budream.com\/es\/wp-json\/wp\/v2\/product_cat?post=130043"},{"taxonomy":"product_tag","embeddable":true,"href":"https:\/\/www.budream.com\/es\/wp-json\/wp\/v2\/product_tag?post=130043"}],"curies":[{"name":"wp","href":"https:\/\/api.w.org\/{rel}","templated":true}]}}