{"id":130053,"date":"2025-07-30T22:45:49","date_gmt":"2025-07-30T20:45:49","guid":{"rendered":"https:\/\/www.budream.com\/shop\/italia-cbd-crema-nutritiva-anti-edad-1-5-cbd-50ml\/"},"modified":"2025-10-14T19:15:49","modified_gmt":"2025-10-14T17:15:49","slug":"italia-cbd-crema-nutritiva-anti-edad-1-5-cbd-50ml","status":"publish","type":"product","link":"https:\/\/www.budream.com\/es\/shop\/italia-cbd-crema-nutritiva-anti-edad-1-5-cbd-50ml\/","title":{"rendered":"ITALIA CBD &#8211; CREMA NUTRITIVA ANTI-EDAD | 1.5% CBD | 50ml"},"content":{"rendered":"<p>El efecto calmante y estabilizador del CBD sobre la piel combinado con las propiedades rejuvenecedoras de la nicotinamida.<\/p>\n<p>Con la edad, la piel retiene menos agua y se vuelve m\u00e1s seca y fina, los vasos sangu\u00edneos se hacen visibles y la luz solar provoca cada vez m\u00e1s hiperpigmentaci\u00f3n. Todos estos y otros signos del envejecimiento de la piel son indicadores del uso de una crema nutritiva regeneradora con CBD.<\/p>\n<p>La nicotinamida (vitamina PP o B3) incluida en la composici\u00f3n tiene un efecto estabilizador sobre la funci\u00f3n de barrera de la epidermis, reduciendo la p\u00e9rdida transepid\u00e9rmica de agua y mejorando el contenido de humedad en el estrato c\u00f3rneo mediante el aumento de la s\u00edntesis de \u00e1cidos grasos libres y ceramidas en el estrato c\u00f3rneo. En otras palabras, ayuda a regular el metabolismo de los l\u00edpidos, reduce la sequedad y la sensibilidad cut\u00e1neas, y mejora as\u00ed el estado general de la piel.<\/p>\n<p>El CBD tiene fuertes propiedades antioxidantes.<\/p>\n<p>Dado que los factores estresantes del entorno afectan diariamente a todos los tipos de piel, el mecanismo calmante del CBD, combinado con sus efectos antiinflamatorios, reduce los brotes y alivia el enrojecimiento, ayudando a que la piel reactiva luzca y se sienta lo mejor posible.<\/p>\n<\/p>\n<h2><span style=\"text-decoration: underline\"><strong>Beneficios adicionales del CBD<\/strong><\/span><\/h2>\n<ul style=\"list-style-type: disc\">\n<li>El cannabidiol (CBD) no es psicoactivo y no afecta a la consciencia;<\/li>\n<li>Restaura la piel muy seca y sensible<\/li>\n<li>Mejora la circulaci\u00f3n sangu\u00ednea en los capilares;<\/li>\n<li>Se utiliza para la inflamaci\u00f3n y la hinchaz\u00f3n<\/li>\n<li>Promueve la regeneraci\u00f3n celular;<\/li>\n<li>Combate activamente la pigmentaci\u00f3n;<\/li>\n<li>Utilizado en el tratamiento de psoriasis, eczema, acn\u00e9.<\/li>\n<\/ul>\n<p>Aceite de CBD extra\u00eddo de flores certificadas de cannabis sativa obtenidas mediante cultivo autorizado y legal. Este producto contiene CBD sin colorantes ni conservantes. Mantener fuera del alcance de los ni\u00f1os. No apto para la combusti\u00f3n.<br \/>Producto no estupefaciente autorizado para los usos previstos por la Ley n\u00ba 242\/16 y la Circular del Ministerio de Sanidad de 22\/05\/2009.<\/p>\n","protected":false},"excerpt":{"rendered":"<p>El efecto calmante y estabilizador del CBD sobre la piel combinado con las propiedades rejuvenecedoras de la nicotinamida. Con la<\/p>\n","protected":false},"featured_media":130049,"comment_status":"open","ping_status":"closed","template":"","meta":[],"product_brand":[],"product_cat":[7914],"product_tag":[],"class_list":{"0":"post-130053","1":"product","2":"type-product","3":"status-publish","4":"has-post-thumbnail","6":"product_cat-cosmeticos","8":"first","9":"outofstock","10":"taxable","11":"shipping-taxable","12":"purchasable","13":"product-type-simple"},"_links":{"self":[{"href":"https:\/\/www.budream.com\/es\/wp-json\/wp\/v2\/product\/130053","targetHints":{"allow":["GET"]}}],"collection":[{"href":"https:\/\/www.budream.com\/es\/wp-json\/wp\/v2\/product"}],"about":[{"href":"https:\/\/www.budream.com\/es\/wp-json\/wp\/v2\/types\/product"}],"replies":[{"embeddable":true,"href":"https:\/\/www.budream.com\/es\/wp-json\/wp\/v2\/comments?post=130053"}],"version-history":[{"count":0,"href":"https:\/\/www.budream.com\/es\/wp-json\/wp\/v2\/product\/130053\/revisions"}],"wp:featuredmedia":[{"embeddable":true,"href":"https:\/\/www.budream.com\/es\/wp-json\/wp\/v2\/media\/130049"}],"wp:attachment":[{"href":"https:\/\/www.budream.com\/es\/wp-json\/wp\/v2\/media?parent=130053"}],"wp:term":[{"taxonomy":"product_brand","embeddable":true,"href":"https:\/\/www.budream.com\/es\/wp-json\/wp\/v2\/product_brand?post=130053"},{"taxonomy":"product_cat","embeddable":true,"href":"https:\/\/www.budream.com\/es\/wp-json\/wp\/v2\/product_cat?post=130053"},{"taxonomy":"product_tag","embeddable":true,"href":"https:\/\/www.budream.com\/es\/wp-json\/wp\/v2\/product_tag?post=130053"}],"curies":[{"name":"wp","href":"https:\/\/api.w.org\/{rel}","templated":true}]}}