{"id":130063,"date":"2025-07-30T22:46:16","date_gmt":"2025-07-30T20:46:16","guid":{"rendered":"https:\/\/www.budream.com\/shop\/italia-cbd-crema-rapida-refrigerante-3-cbd-50ml\/"},"modified":"2025-10-14T19:16:16","modified_gmt":"2025-10-14T17:16:16","slug":"italia-cbd-crema-rapida-refrigerante-3-cbd-50ml","status":"publish","type":"product","link":"https:\/\/www.budream.com\/es\/shop\/italia-cbd-crema-rapida-refrigerante-3-cbd-50ml\/","title":{"rendered":"ITALIA CBD &#8211; CREMA R\u00c1PIDA REFRIGERANTE | 3% CBD | 50ml"},"content":{"rendered":"<p>La crema CBD Fast Relief es ideal para aliviar diversos tipos de molestias.<\/p>\n<p>El CBD proporciona propiedades antiinflamatorias cuando se toma por v\u00eda t\u00f3pica. La crema de CBD es una mejor alternativa para aliviar el dolor que el aceite de CBD porque se puede aplicar directamente en la zona donde se siente el dolor y ser\u00e1 m\u00e1s eficaz en esa zona espec\u00edfica, ya que las cremas proporcionan una absorci\u00f3n m\u00e1s r\u00e1pida.<\/p>\n<p>La crema de CBD tiene un efecto localizado, lo que es una buena soluci\u00f3n para aliviar diversas tensiones musculares despu\u00e9s de entrenar o hacer deporte.<\/p>\n<p>Completamente natural y org\u00e1nica, no contiene los efectos secundarios de la mayor\u00eda de los analg\u00e9sicos.<\/p>\n<p>Adem\u00e1s de ayudar con dolores cr\u00f3nicos o agudos, dolores artr\u00edticos, musculares y articulares, esta crema de CBD tambi\u00e9n se utiliza para aliviar los s\u00edntomas de diversas afecciones cut\u00e1neas, como eczemas, psoriasis, erupciones, infecciones cut\u00e1neas y quemaduras solares. Tambi\u00e9n ayuda a prevenir la acumulaci\u00f3n de c\u00e9lulas muertas de la piel y alivia el dolor causado por diversas infecciones cut\u00e1neas.<\/p>\n<\/p>\n<h2><span style=\"text-decoration: underline\"><strong>Beneficios adicionales del CBD<\/strong><\/span><\/h2>\n<ul style=\"list-style-type: disc\">\n<li>El cannabidiol (CBD) no es psicoactivo y no afecta a la consciencia;<\/li>\n<li>Restaura la piel muy seca y sensible<\/li>\n<li>Mejora la circulaci\u00f3n sangu\u00ednea en los capilares;<\/li>\n<li>Se utiliza para la inflamaci\u00f3n y la hinchaz\u00f3n<\/li>\n<li>Promueve la regeneraci\u00f3n celular;<\/li>\n<li>Combate activamente la pigmentaci\u00f3n;<\/li>\n<li>Utilizado en el tratamiento de psoriasis, eczema, acn\u00e9.<\/li>\n<\/ul>\n<p>Aceite de CBD extra\u00eddo de flores certificadas de cannabis sativa obtenidas mediante cultivo autorizado y legal. Este producto contiene CBD sin colorantes ni conservantes. Mantener fuera del alcance de los ni\u00f1os. No apto para la combusti\u00f3n.<br \/>Producto no estupefaciente autorizado para usos seg\u00fan la Ley n\u00ba 242\/16 y la Circular del Ministerio de Sanidad de 22\/05\/2009.<\/p>\n","protected":false},"excerpt":{"rendered":"<p>La crema CBD Fast Relief es ideal para aliviar diversos tipos de molestias. El CBD proporciona propiedades antiinflamatorias cuando se<\/p>\n","protected":false},"featured_media":130059,"comment_status":"open","ping_status":"closed","template":"","meta":[],"product_brand":[],"product_cat":[7914],"product_tag":[],"class_list":{"0":"post-130063","1":"product","2":"type-product","3":"status-publish","4":"has-post-thumbnail","6":"product_cat-cosmeticos","8":"first","9":"instock","10":"taxable","11":"shipping-taxable","12":"purchasable","13":"product-type-simple"},"_links":{"self":[{"href":"https:\/\/www.budream.com\/es\/wp-json\/wp\/v2\/product\/130063","targetHints":{"allow":["GET"]}}],"collection":[{"href":"https:\/\/www.budream.com\/es\/wp-json\/wp\/v2\/product"}],"about":[{"href":"https:\/\/www.budream.com\/es\/wp-json\/wp\/v2\/types\/product"}],"replies":[{"embeddable":true,"href":"https:\/\/www.budream.com\/es\/wp-json\/wp\/v2\/comments?post=130063"}],"version-history":[{"count":0,"href":"https:\/\/www.budream.com\/es\/wp-json\/wp\/v2\/product\/130063\/revisions"}],"wp:featuredmedia":[{"embeddable":true,"href":"https:\/\/www.budream.com\/es\/wp-json\/wp\/v2\/media\/130059"}],"wp:attachment":[{"href":"https:\/\/www.budream.com\/es\/wp-json\/wp\/v2\/media?parent=130063"}],"wp:term":[{"taxonomy":"product_brand","embeddable":true,"href":"https:\/\/www.budream.com\/es\/wp-json\/wp\/v2\/product_brand?post=130063"},{"taxonomy":"product_cat","embeddable":true,"href":"https:\/\/www.budream.com\/es\/wp-json\/wp\/v2\/product_cat?post=130063"},{"taxonomy":"product_tag","embeddable":true,"href":"https:\/\/www.budream.com\/es\/wp-json\/wp\/v2\/product_tag?post=130063"}],"curies":[{"name":"wp","href":"https:\/\/api.w.org\/{rel}","templated":true}]}}