{"id":130553,"date":"2025-07-30T23:00:18","date_gmt":"2025-07-30T21:00:18","guid":{"rendered":"https:\/\/www.budream.com\/shop\/storzbickel-crafty-v2-vaporizador\/"},"modified":"2026-02-23T19:45:48","modified_gmt":"2026-02-23T17:45:48","slug":"storzbickel-crafty-v2-vaporizador","status":"publish","type":"product","link":"https:\/\/www.budream.com\/es\/shop\/storzbickel-crafty-v2-vaporizador\/","title":{"rendered":"STORZ&amp;BICKEL &#8211; CRAFTY+ V2 | VAPORIZADOR"},"content":{"rendered":"<p>El vaporizador <strong>CRAFTY+<\/strong> es el compa\u00f1ero perfecto para todas sus actividades. Pr\u00e1ctico y compacto, el <strong>CRAFTY+<\/strong> le proporciona un vapor de excelente calidad y sabor, y un flujo de aire \u00f3ptimo para una experiencia diaria de primera.<br \/>\u00bfPor qu\u00e9 sacrificar la calidad por la portabilidad?<\/p>\n<p><a href=\"https:\/\/www.storz-bickel.com\/it\/crafty-plus-c\">CRAFTY+<\/a> utiliza una combinaci\u00f3n patentada de calentamiento por convecci\u00f3n y conducci\u00f3n, una tecnolog\u00eda de absoluta excelencia y eficacia para calentar las hierbas de manera uniforme.<br \/>Adem\u00e1s, el nuevo y potente sistema de calentamiento garantiza un excepcional flujo de aire y vapor <strong>\u00a1en solo 60 segundos!<\/strong> <\/p>\n<p><strong>Nueva versi\u00f3n con toma de carga USB-C.<br \/><\/strong><\/p>\n<h2><strong><span style=\"text-decoration: underline\">Caracter\u00edsticas del vaporizador Crafty+ Storz&amp;Bickel:<br \/><\/span><\/strong><\/h2>\n<h3><span style=\"text-decoration: underline\"><br \/><strong>Puerto de carga con conexi\u00f3n USB-C<\/strong><\/span><\/h3>\n<p>Despu\u00e9s de actualizar la bater\u00eda con la nueva versi\u00f3n \u00abplus\u00bb, gracias al nuevo puerto de carga USB-C el tiempo de carga del Crafty+ se reduce a\u00fan m\u00e1s en 25 minutos, \u00a1lo que lo convierte en el compa\u00f1ero de viaje perfecto!<\/p>\n<h3><strong><span style=\"text-decoration: underline\">Enfriamiento<\/span><\/strong><\/h3>\n<p>Para que la experiencia vaping sea a\u00fan m\u00e1s agradable, est\u00e1 equipado con una ingeniosa Unidad de Enfriamiento que enfr\u00eda el vapor a una temperatura agradable. La <strong>unidad de refrigeraci\u00f3n est\u00e1 fabricada en PEEK<\/strong>, un material pl\u00e1stico de alta calidad, resistente al calor y apto para el contacto con alimentos, que tambi\u00e9n se utiliza habitualmente en el campo m\u00e9dico para implantes quir\u00fargicos.<\/p>\n<h3><strong><span style=\"text-decoration: underline\">Dise\u00f1o intuitivo<\/span><\/strong><\/h3>\n<p>CRAFTY+ presenta una carcasa con un dise\u00f1o moderno y refinado. Los materiales han sido cuidadosamente seleccionados e integrados en el nuevo dise\u00f1o de acuerdo con sus necesidades diarias. El control intuitivo de un solo bot\u00f3n ofrece no s\u00f3lo 2, sino hasta <strong>3 niveles de temperatura preajustados<\/strong> que hacen que el uso sea especialmente c\u00f3modo y a\u00fan m\u00e1s confortable.<\/p>\n<h3><strong><span style=\"text-decoration: underline\">Control mediante APP<\/span><\/strong><\/h3>\n<p>Con la App de STORZ &amp; BICKEL siempre tendr\u00e1 todo bajo control. A trav\u00e9s de <strong>la conexi\u00f3n Bluetooth<\/strong> puede ajustar todos los par\u00e1metros a distancia. Simplemente utilice su smartphone para optimizar los ajustes del CRAFTY+ a su gusto personal.<\/p>\n<p><span style=\"text-decoration: underline\"><strong>INCLUIDO EN LA CAJA:<\/strong><\/span><\/p>\n<ul style=\"list-style-type: disc\">\n<li><span style=\"font-size: 11pt\">Vaporizador CRAFTY+;<\/span><\/li>\n<li><span style=\"font-size: 14.6667px\">Toma de carga USB-C;<\/span><\/li>\n<li><span style=\"font-size: 11pt\">Anillo de sellado de la junta inferior;<\/span><\/li>\n<li><span style=\"font-size: 11pt\">Filtro de malla est\u00e1ndar;<\/span><\/li>\n<li><span style=\"font-size: 11pt\">Filtro de malla gruesa;<\/span><\/li>\n<li><span style=\"font-size: 11pt\">Tamp\u00f3n de extracci\u00f3n;<\/span><\/li>\n<li><span style=\"font-size: 11pt\">C\u00e1psula dosificadora;<\/span><\/li>\n<li><span style=\"font-size: 11pt\">Instrucciones de uso;<\/span><\/li>\n<\/ul>\n<p><\/p>\n<div class=\"pagebuilder-column-line\" data-content-type=\"column-line\" data-element=\"main\" data-pb-style=\"KYL1SXY\">\n<div class=\"pagebuilder-column\" data-content-type=\"column\" data-appearance=\"full-height\" data-background-images=\"{}\" data-element=\"main\" data-pb-style=\"CF553OH\">\n<figure data-content-type=\"image\" data-appearance=\"full-width\" data-element=\"main\" data-pb-style=\"OWLSU4D\"><img decoding=\"async\" class=\"pagebuilder-mobile-hidden\" title=\"S&amp;B CRAFTY+ Vaporizer: Patented convection and conduction heating\" src=\"https:\/\/www.storz-bickel.com\/media\/wysiwyg\/shot9_crafty_heating-desktop.jpg\" alt=\"Cross-section of STORZ &amp; BICKEL CRAFTY+ Vaporizer shows heating element and color-coded airflow and lithium-ion battery\" data-element=\"desktop_image\" data-pb-style=\"K9VQ7Y5\" \/><\/figure>\n<\/div>\n<div class=\"pagebuilder-column\" data-content-type=\"column\" data-appearance=\"align-center\" data-background-images=\"{}\" data-element=\"main\" data-pb-style=\"Q1U00TB\">\n<div data-content-type=\"text\" data-appearance=\"default\" data-element=\"main\" data-pb-style=\"T391R6N\">\n<h3>Alta tecnolog\u00eda patentada para los que se desplazan<\/h3>\n<p>El CRAFTY+ dispone de calentamiento combinado por convecci\u00f3n y conducci\u00f3n, patentado por S&amp;B<\/p>\n<ul>\n<li>Vaporizaci\u00f3n uniforme y eficiente para un sabor inigualable<\/li>\n<li>Resistencia a la extracci\u00f3n de aire confortablemente baja<\/li>\n<li>Grandes nubes de vapor arom\u00e1tico desde la primera calada<\/li>\n<li>Caudal de aire de 10 litros\/minuto<\/li>\n<\/ul>\n<\/div>\n<\/div>\n<div class=\"pagebuilder-column\" data-content-type=\"column\" data-appearance=\"full-height\" data-background-images=\"{}\" data-element=\"main\" data-pb-style=\"G9IG0XG\"><\/div>\n<\/div>\n<div class=\"pagebuilder-column-line\" data-content-type=\"column-line\" data-element=\"main\" data-pb-style=\"QN6EKPF\">\n<div class=\"pagebuilder-column\" data-content-type=\"column\" data-appearance=\"full-height\" data-background-images=\"{}\" data-element=\"main\" data-pb-style=\"W8CNJWM\"><\/div>\n<div class=\"pagebuilder-column\" data-content-type=\"column\" data-appearance=\"full-height\" data-background-images=\"{}\" data-element=\"main\" data-pb-style=\"BBVQ3BY\">\n<figure data-content-type=\"image\" data-appearance=\"full-width\" data-element=\"main\" data-pb-style=\"WAUEM8Q\"><img decoding=\"async\" class=\"pagebuilder-mobile-hidden\" title=\"STORZ &amp; BICKEL CRAFTY+: Smart control via Bluetooth and S&amp;B WebApp\" src=\"https:\/\/www.storz-bickel.com\/media\/wysiwyg\/shot11_crafty_app-desktop.jpg\" alt=\"Front view of STORZ &amp; BICKEL CRAFTY+ Vaporizer in front of S&amp;B WebApp on Smartphone with temperature and booster settings\" data-element=\"desktop_image\" data-pb-style=\"OS5HJ4B\" \/><\/figure>\n<\/div>\n<div class=\"pagebuilder-column\" data-content-type=\"column\" data-appearance=\"align-center\" data-background-images=\"{}\" data-element=\"main\" data-pb-style=\"U6CQGYN\">\n<div data-content-type=\"text\" data-appearance=\"default\" data-element=\"main\" data-pb-style=\"GPSNBSX\">\n<h3>Control con un bot\u00f3n y personalizaci\u00f3n inteligente<\/h3>\n<p>Active tres c\u00f3modos niveles de temperatura predefinidos mediante el interruptor de encendido\/apagado.<\/p>\n<p>Booster y Superbooster (+15&deg;C \/ 27&deg;F): doble clic en el interruptor de encendido\/apagado<\/p>\n<p>Conectividad Bluetooth&reg; y S&amp;B Web App: utilice su smartphone para:<\/p>\n<ul>\n<li>Ajustar la temperatura (40&deg;C &#8211; 210&deg;C \/104&deg;F &#8211; 410&deg;F) con precisi\u00f3n<\/li>\n<li>Personalizar las temperaturas de la base, Booster y Superbooster<\/li>\n<li>Cambiar los ajustes y ver la informaci\u00f3n de acceso<\/li>\n<\/ul>\n<\/div>\n<\/div>\n<div class=\"pagebuilder-column\" data-content-type=\"column\" data-appearance=\"full-height\" data-background-images=\"{}\" data-element=\"main\" data-pb-style=\"XGL6V44\"><\/div>\n<\/div>\n<div class=\"pagebuilder-column-line\" data-content-type=\"column-line\" data-element=\"main\" data-pb-style=\"DGUQ855\">\n<div class=\"pagebuilder-column\" data-content-type=\"column\" data-appearance=\"full-height\" data-background-images=\"{}\" data-element=\"main\" data-pb-style=\"Y3R444X\"><\/div>\n<div class=\"pagebuilder-column\" data-content-type=\"column\" data-appearance=\"full-height\" data-background-images=\"{}\" data-element=\"main\" data-pb-style=\"ELR8OKY\">\n<figure data-content-type=\"image\" data-appearance=\"full-width\" data-element=\"main\" data-pb-style=\"US6G8EY\"><img decoding=\"async\" class=\"pagebuilder-mobile-hidden\" title=\"Ceramic-coated Filling Chamber for pure taste and easy cleaning\" src=\"https:\/\/www.storz-bickel.com\/media\/wysiwyg\/shot10_crafty_f_llkammer-desktop.jpg\" alt=\"Removed cooling unit of STORZ &amp; BICKEL CRAFTY+ with mouthpiece and open filling chamber with ceramic coating and seal ring\" data-element=\"desktop_image\" data-pb-style=\"XG3KBYB\" \/><\/figure>\n<\/div>\n<div class=\"pagebuilder-column\" data-content-type=\"column\" data-appearance=\"align-center\" data-background-images=\"{}\" data-element=\"main\" data-pb-style=\"YOU2VGH\">\n<div data-content-type=\"text\" data-appearance=\"default\" data-element=\"main\" data-pb-style=\"JEKPR0L\">\n<h3>Fabricaci\u00f3n artesanal en Alemania<\/h3>\n<ul>\n<li>Dise\u00f1o ligero<br \/>\u279e S\u00f3lo 135 g | 0,3 lb<\/li>\n<li>Material de alta calidad<br \/>\u279e Material de calidad m\u00e9dica bien probado<\/li>\n<li>Contenedor de 1,4 cm&sup3;<br \/>\u279e Recubierto de cer\u00e1mica y duradero<\/li>\n<li>Calidad certificada<br \/>\u279e Conforme a la norma IEC 60335-1<\/li>\n<\/ul>\n<\/div>\n<\/div>\n<\/div>\n","protected":false},"excerpt":{"rendered":"<p>El vaporizador CRAFTY+ es el compa\u00f1ero perfecto para todas sus actividades. Pr\u00e1ctico y compacto, el CRAFTY+ le proporciona un vapor<\/p>\n","protected":false},"featured_media":130519,"comment_status":"open","ping_status":"closed","template":"","meta":[],"product_brand":[],"product_cat":[7908],"product_tag":[],"class_list":{"0":"post-130553","1":"product","2":"type-product","3":"status-publish","4":"has-post-thumbnail","6":"product_cat-vaporizadores","8":"first","9":"instock","10":"taxable","11":"shipping-taxable","12":"purchasable","13":"product-type-simple"},"aioseo_notices":[],"_links":{"self":[{"href":"https:\/\/www.budream.com\/es\/wp-json\/wp\/v2\/product\/130553","targetHints":{"allow":["GET"]}}],"collection":[{"href":"https:\/\/www.budream.com\/es\/wp-json\/wp\/v2\/product"}],"about":[{"href":"https:\/\/www.budream.com\/es\/wp-json\/wp\/v2\/types\/product"}],"replies":[{"embeddable":true,"href":"https:\/\/www.budream.com\/es\/wp-json\/wp\/v2\/comments?post=130553"}],"version-history":[{"count":0,"href":"https:\/\/www.budream.com\/es\/wp-json\/wp\/v2\/product\/130553\/revisions"}],"wp:featuredmedia":[{"embeddable":true,"href":"https:\/\/www.budream.com\/es\/wp-json\/wp\/v2\/media\/130519"}],"wp:attachment":[{"href":"https:\/\/www.budream.com\/es\/wp-json\/wp\/v2\/media?parent=130553"}],"wp:term":[{"taxonomy":"product_brand","embeddable":true,"href":"https:\/\/www.budream.com\/es\/wp-json\/wp\/v2\/product_brand?post=130553"},{"taxonomy":"product_cat","embeddable":true,"href":"https:\/\/www.budream.com\/es\/wp-json\/wp\/v2\/product_cat?post=130553"},{"taxonomy":"product_tag","embeddable":true,"href":"https:\/\/www.budream.com\/es\/wp-json\/wp\/v2\/product_tag?post=130553"}],"curies":[{"name":"wp","href":"https:\/\/api.w.org\/{rel}","templated":true}]}}