{"id":130573,"date":"2025-07-30T23:00:49","date_gmt":"2025-07-30T21:00:49","guid":{"rendered":"https:\/\/www.budream.com\/shop\/qnubu-papel-de-extraccion-de-rosas-15cm-5m\/"},"modified":"2026-04-14T15:09:23","modified_gmt":"2026-04-14T13:09:23","slug":"qnubu-papel-de-extraccion-de-rosas-15cm-5m","status":"publish","type":"product","link":"https:\/\/www.budream.com\/es\/shop\/qnubu-papel-de-extraccion-de-rosas-15cm-5m\/","title":{"rendered":"QNUBU &#8211; PAPEL DE EXTRACCI\u00d3N DE ROSAS | 15cm &#8211; 5m"},"content":{"rendered":"<p><strong>&#8216;Papel de extracci\u00f3n hecho por y para profesionales de la extracci\u00f3n&#8217;.<\/strong><\/p>\n<p>Cansados de tener que utilizar papel de horno de supermercado, que no resiste la presi\u00f3n y retiene parte de las extracciones, Qnubu decidi\u00f3 desarrollar un papel espec\u00edfico para utilizar con las prensas de extracci\u00f3n Rosin.<\/p>\n<h2><strong>El papel de extracci\u00f3n Qnubu ofrece:<\/strong><\/h2>\n<ul style=\"list-style-type: disc\">\n<li>Grosor<strong>:<\/strong> un papel grueso para soportar altas presiones.<\/li>\n<li><strong>Resistencia a las altas presiones.<\/strong><\/li>\n<li>Antiadherente: parte de la extracci\u00f3n ya no se perder\u00e1 en el papel de horno.<\/li>\n<li><strong>Resistente al calor.<\/strong><\/li>\n<li>Papel de calidad alimentaria<\/li>\n<\/ul>\n<p><strong>Caracter\u00edsticas t\u00e9cnicas del papel de extracci\u00f3n Qnubu:<\/strong><\/p>\n<ul style=\"list-style-type: disc\">\n<li>Rollo de 5 metros<\/li>\n<li>Anchura:15 cm<\/li>\n<li>Antiadherente<\/li>\n<li>Doble silicona<\/li>\n<li>Sistema de corte incorporado<\/li>\n<\/ul>\n<p>Por fin, un papel para hornear creado espec\u00edficamente para su uso con las m\u00e1quinas de impresi\u00f3n Rosin.<\/p>\n","protected":false},"excerpt":{"rendered":"<p>&#8216;Papel de extracci\u00f3n hecho por y para profesionales de la extracci\u00f3n&#8217;. Cansados de tener que utilizar papel de horno de<\/p>\n","protected":false},"featured_media":130559,"comment_status":"open","ping_status":"closed","template":"","meta":[],"product_brand":[],"product_cat":[7948],"product_tag":[],"class_list":{"0":"post-130573","1":"product","2":"type-product","3":"status-publish","4":"has-post-thumbnail","6":"product_cat-headshop-es","8":"first","9":"instock","10":"taxable","11":"shipping-taxable","12":"purchasable","13":"product-type-simple"},"_links":{"self":[{"href":"https:\/\/www.budream.com\/es\/wp-json\/wp\/v2\/product\/130573","targetHints":{"allow":["GET"]}}],"collection":[{"href":"https:\/\/www.budream.com\/es\/wp-json\/wp\/v2\/product"}],"about":[{"href":"https:\/\/www.budream.com\/es\/wp-json\/wp\/v2\/types\/product"}],"replies":[{"embeddable":true,"href":"https:\/\/www.budream.com\/es\/wp-json\/wp\/v2\/comments?post=130573"}],"version-history":[{"count":1,"href":"https:\/\/www.budream.com\/es\/wp-json\/wp\/v2\/product\/130573\/revisions"}],"predecessor-version":[{"id":262792,"href":"https:\/\/www.budream.com\/es\/wp-json\/wp\/v2\/product\/130573\/revisions\/262792"}],"wp:featuredmedia":[{"embeddable":true,"href":"https:\/\/www.budream.com\/es\/wp-json\/wp\/v2\/media\/130559"}],"wp:attachment":[{"href":"https:\/\/www.budream.com\/es\/wp-json\/wp\/v2\/media?parent=130573"}],"wp:term":[{"taxonomy":"product_brand","embeddable":true,"href":"https:\/\/www.budream.com\/es\/wp-json\/wp\/v2\/product_brand?post=130573"},{"taxonomy":"product_cat","embeddable":true,"href":"https:\/\/www.budream.com\/es\/wp-json\/wp\/v2\/product_cat?post=130573"},{"taxonomy":"product_tag","embeddable":true,"href":"https:\/\/www.budream.com\/es\/wp-json\/wp\/v2\/product_tag?post=130573"}],"curies":[{"name":"wp","href":"https:\/\/api.w.org\/{rel}","templated":true}]}}