{"id":130883,"date":"2025-07-30T23:16:02","date_gmt":"2025-07-30T21:16:02","guid":{"rendered":"https:\/\/www.budream.com\/shop\/arizer-vaporizador-xq2\/"},"modified":"2026-02-13T16:12:33","modified_gmt":"2026-02-13T14:12:33","slug":"arizer-vaporizador-xq2","status":"publish","type":"product","link":"https:\/\/www.budream.com\/es\/shop\/arizer-vaporizador-xq2\/","title":{"rendered":"ARIZER &#8211; VAPORIZADOR XQ2"},"content":{"rendered":"<p>El nuevo Arizer XQ2 es la culminaci\u00f3n de m\u00e1s de 15 a\u00f1os de experiencia en el dise\u00f1o y fabricaci\u00f3n de vaporizadores de sobremesa y port\u00e1tiles <strong>de alta calidad<\/strong>, y escuchando las opiniones de los clientes recogidas a lo largo de los a\u00f1os.<\/p>\n<h2><strong><span style=\"text-decoration: underline\">La elecci\u00f3n es simple, descubre todas las caracter\u00edsticas del XQ2:<\/span><\/strong><\/h2>\n<h3><span style=\"text-decoration: underline\"><br \/><\/span>Arizer XQ2 modo tubo de silicona<\/h3>\n<p>Disfrute del modo de tubo de silicona de 90 cm para una extracci\u00f3n directa a demanda, y pruebe a utilizar el ventilador de 3 velocidades para una extracci\u00f3n asistida.<\/p>\n<p>Los extremos de cristal facilitan la limpieza y el mantenimiento, el tubo de silicona de alta calidad proporciona una salida de vapor suave y el pr\u00e1ctico <strong>giro de 360&deg;<\/strong> facilita el uso compartido.<\/p>\n<h3>Arizer XQ2 Modo Aromaterapia<\/h3>\n<p>Bot\u00e1nicos como la lavanda, la manzanilla, la c\u00e1scara de naranja y muchos otros pueden ser vaporizados para aromaterapia usando el plato de cristal para aromaterapia.<\/p>\n<p>Caliente sus hierbas y flores favoritas a temperaturas precisas y disfrute de los agradables aromas y compuestos bot\u00e1nicos para energizar o relajar su entorno, utilizando su XQ2 como un simple <strong>difusor de ambiente<\/strong>.<\/p>\n<h3>Arizer XQ2 modo globo<\/h3>\n<p>Utilice el c\u00f3modo sistema de globo para llenar las bolsas de recogida de vapor seg\u00fan sus preferencias. Perfecto para uso dom\u00e9stico y para <strong>compartir<\/strong> vapor de calidad con los amigos.<br \/>Adem\u00e1s, personaliza el tama\u00f1o de la bolsa\/bal\u00f3n para adaptarlo a tus necesidades.<\/p>\n<h3>Colores LED din\u00e1micos<\/h3>\n<p>Las luces LED de la base de la unidad y del calentador interno se pueden configurar en modo din\u00e1mico, modo espectro o en una de las ocho opciones de color individuales; tambi\u00e9n puede dejarlas simplemente apagadas. El modo espectro cambia de color cada dos segundos en un ciclo continuo.<\/p>\n<p><strong>El modo din\u00e1mico permite conocer el estado de la unidad de un vistazo:<\/strong> <\/p>\n<ul style=\"list-style-type: disc\">\n<li><strong>Calentamiento<\/strong>: parpadea de amarillo a naranja.<\/li>\n<li><strong>Alcanzando la temperatura establecida<\/strong> &#8211; Parpadea dos veces en verde<\/li>\n<li><strong>Temperatura estable<\/strong> &#8211; Parpadea continuamente en naranja<\/li>\n<li><strong>Funcionamiento del ventilador<\/strong> &#8211; Parpadea en morado<\/li>\n<li><strong>Enfriamiento<\/strong> &#8211; Parpadea en cian<\/li>\n<li><strong>Enfriamiento con ventilador<\/strong> &#8211; Parpadea en azul<\/li>\n<\/ul>\n<p><\/p>\n<h2><strong><span style=\"text-decoration: underline\">Caracter\u00edsticas Arizer XQ2:<\/span><\/strong><\/h2>\n<ul style=\"list-style-type: disc\">\n<li>3 Modos: Aromaterapia, inhalaci\u00f3n con tubo de silicona y modo globo;<\/li>\n<li>Feedback visual con LEDs de colores din\u00e1micos;<\/li>\n<li>Sistema de funcionamiento f\u00e1cil e intuitivo;<\/li>\n<li>Componentes de vidrio de borosilicato de alta calidad;<\/li>\n<li>Mando a distancia con control remoto;<\/li>\n<li>Ventilador silencioso de tres velocidades;<\/li>\n<\/ul>\n","protected":false},"excerpt":{"rendered":"<p>El nuevo Arizer XQ2 es la culminaci\u00f3n de m\u00e1s de 15 a\u00f1os de experiencia en el dise\u00f1o y fabricaci\u00f3n de<\/p>\n","protected":false},"featured_media":130864,"comment_status":"open","ping_status":"closed","template":"","meta":[],"product_brand":[],"product_cat":[7908],"product_tag":[],"class_list":{"0":"post-130883","1":"product","2":"type-product","3":"status-publish","4":"has-post-thumbnail","6":"product_cat-vaporizadores","8":"first","9":"outofstock","10":"sale","11":"taxable","12":"shipping-taxable","13":"purchasable","14":"product-type-simple"},"aioseo_notices":[],"_links":{"self":[{"href":"https:\/\/www.budream.com\/es\/wp-json\/wp\/v2\/product\/130883","targetHints":{"allow":["GET"]}}],"collection":[{"href":"https:\/\/www.budream.com\/es\/wp-json\/wp\/v2\/product"}],"about":[{"href":"https:\/\/www.budream.com\/es\/wp-json\/wp\/v2\/types\/product"}],"replies":[{"embeddable":true,"href":"https:\/\/www.budream.com\/es\/wp-json\/wp\/v2\/comments?post=130883"}],"version-history":[{"count":0,"href":"https:\/\/www.budream.com\/es\/wp-json\/wp\/v2\/product\/130883\/revisions"}],"wp:featuredmedia":[{"embeddable":true,"href":"https:\/\/www.budream.com\/es\/wp-json\/wp\/v2\/media\/130864"}],"wp:attachment":[{"href":"https:\/\/www.budream.com\/es\/wp-json\/wp\/v2\/media?parent=130883"}],"wp:term":[{"taxonomy":"product_brand","embeddable":true,"href":"https:\/\/www.budream.com\/es\/wp-json\/wp\/v2\/product_brand?post=130883"},{"taxonomy":"product_cat","embeddable":true,"href":"https:\/\/www.budream.com\/es\/wp-json\/wp\/v2\/product_cat?post=130883"},{"taxonomy":"product_tag","embeddable":true,"href":"https:\/\/www.budream.com\/es\/wp-json\/wp\/v2\/product_tag?post=130883"}],"curies":[{"name":"wp","href":"https:\/\/api.w.org\/{rel}","templated":true}]}}