{"id":130933,"date":"2025-07-30T23:18:29","date_gmt":"2025-07-30T21:18:29","guid":{"rendered":"https:\/\/www.budream.com\/shop\/sensi-seeds-research-pumpkin-spice-fem-3-semillas\/"},"modified":"2025-12-22T14:41:02","modified_gmt":"2025-12-22T12:41:02","slug":"sensi-seeds-research-pumpkin-spice-fem-3-semillas","status":"publish","type":"product","link":"https:\/\/www.budream.com\/es\/shop\/sensi-seeds-research-pumpkin-spice-fem-3-semillas\/","title":{"rendered":"SENSI SEEDS RESEARCH &#8211; PUMPKIN SPICE FEM | 3 SEMILLAS"},"content":{"rendered":"<p>Pumpkin Spice Feminizada es un h\u00edbrido 50% \u00edndica y 50% sativa. Hemos tomado dos variedades y las hemos entretejido en una sabrosa delicia con un aroma celestial a juego. Una combinaci\u00f3n de gen\u00e9tica Sour Apple y Animal Cookies, Pumpkin Spice tiene un tentador perfil de especias, dulzor, terrosidad y, sorprendentemente, manzana.<\/p>\n<h2><strong>Caracter\u00edsticas del banco de semillas Pumpkin Spice Fem Sensi Seeds:<\/strong><\/h2>\n<ul style=\"list-style-type: disc\">\n<li><strong>G\u00e9nero:<\/strong> Feminizada<\/li>\n<li><strong>Genotipo<\/strong>: H\u00edbrido 50% Indica 50% Sativa<\/li>\n<li><strong>Gen\u00e9tica:<\/strong> Sour Apple X Animal Cookies<\/li>\n<li><strong>D\u00edas:<\/strong> 63-70 d\u00edas<\/li>\n<\/ul>\n<p><strong>ADVERTENCIA:<\/strong> Las semillas de c\u00e1\u00f1amo est\u00e1n excluidas de la noci\u00f3n legal de Cannabis, lo que significa que no deben considerarse una sustancia estupefaciente (L. 412 de 1974, art. 1, coma 1, lett. B; Convenci\u00f3n \u00danica sobre Estupefacientes de Nueva York de 1961 y tabla II del Decreto Ministerial 27\/7\/1992). En Italia, el cultivo del c\u00e1\u00f1amo est\u00e1 prohibido (art\u00edculos 28 y 73 del Decreto Presidencial 309\/90) a menos que se obtenga una autorizaci\u00f3n especial (art\u00edculo 17 del Decreto Presidencial 309\/90). A falta de autorizaci\u00f3n, las semillas s\u00f3lo pueden utilizarse para otros fines (zoot\u00e9cnicos, recolecci\u00f3n, etc.). Las semillas se venden con la reserva de que no sean utilizadas por terceros en conflicto con la ley.<\/p>\n","protected":false},"excerpt":{"rendered":"<p>Pumpkin Spice Feminizada es un h\u00edbrido 50% \u00edndica y 50% sativa. Hemos tomado dos variedades y las hemos entretejido en<\/p>\n","protected":false},"featured_media":197460,"comment_status":"open","ping_status":"closed","template":"","meta":[],"product_brand":[],"product_cat":[1175],"product_tag":[],"class_list":{"0":"post-130933","1":"product","2":"type-product","3":"status-publish","4":"has-post-thumbnail","6":"product_cat-seedshop","8":"first","9":"instock","10":"taxable","11":"shipping-taxable","12":"purchasable","13":"product-type-simple"},"aioseo_notices":[],"_links":{"self":[{"href":"https:\/\/www.budream.com\/es\/wp-json\/wp\/v2\/product\/130933","targetHints":{"allow":["GET"]}}],"collection":[{"href":"https:\/\/www.budream.com\/es\/wp-json\/wp\/v2\/product"}],"about":[{"href":"https:\/\/www.budream.com\/es\/wp-json\/wp\/v2\/types\/product"}],"replies":[{"embeddable":true,"href":"https:\/\/www.budream.com\/es\/wp-json\/wp\/v2\/comments?post=130933"}],"version-history":[{"count":0,"href":"https:\/\/www.budream.com\/es\/wp-json\/wp\/v2\/product\/130933\/revisions"}],"wp:featuredmedia":[{"embeddable":true,"href":"https:\/\/www.budream.com\/es\/wp-json\/wp\/v2\/media\/197460"}],"wp:attachment":[{"href":"https:\/\/www.budream.com\/es\/wp-json\/wp\/v2\/media?parent=130933"}],"wp:term":[{"taxonomy":"product_brand","embeddable":true,"href":"https:\/\/www.budream.com\/es\/wp-json\/wp\/v2\/product_brand?post=130933"},{"taxonomy":"product_cat","embeddable":true,"href":"https:\/\/www.budream.com\/es\/wp-json\/wp\/v2\/product_cat?post=130933"},{"taxonomy":"product_tag","embeddable":true,"href":"https:\/\/www.budream.com\/es\/wp-json\/wp\/v2\/product_tag?post=130933"}],"curies":[{"name":"wp","href":"https:\/\/api.w.org\/{rel}","templated":true}]}}