{"id":130988,"date":"2025-07-30T23:21:27","date_gmt":"2025-07-30T21:21:27","guid":{"rendered":"https:\/\/www.budream.com\/shop\/sensi-seeds-research-honey-melon-kush-auto-fem-3-semillas\/"},"modified":"2026-04-07T10:15:04","modified_gmt":"2026-04-07T08:15:04","slug":"sensi-seeds-research-honey-melon-kush-auto-fem-3-semillas","status":"publish","type":"product","link":"https:\/\/www.budream.com\/es\/shop\/sensi-seeds-research-honey-melon-kush-auto-fem-3-semillas\/","title":{"rendered":"SENSI SEEDS RESEARCH &#8211; HONEY MELON KUSH AUTO FEM | 3 SEMILLAS"},"content":{"rendered":"<div style=\"text-align: justify\">Honey Melon Kush Autofloreciente es una variedad 70% indica, 30% sativa. Creada a partir de la hibridaci\u00f3n de Blueberry, Girl Scout Cookies y ruderalis, es la variedad 10&amp;1 que buscan los entendidos.<\/p>\n<\/div>\n<h2><strong>Caracter\u00edsticas Honey Melon Kush Auto Fem Sensi Seeds Bank:<\/strong><\/h2>\n<ul style=\"list-style-type: disc\">\n<li><strong>G\u00e9nero:<\/strong> Feminizada<\/li>\n<li><strong>Genotipo<\/strong>: H\u00edbrido 70% Indica 30% Sativa<\/li>\n<li><strong>Gen\u00e9tica<\/strong>: Blueberry x Girl Scout Cookies x Ruderalis<\/li>\n<li><strong>D\u00edas:<\/strong> 55-70 d\u00edas<\/li>\n<\/ul>\n<p><strong>ADVERTENCIA:<\/strong> Las semillas de c\u00e1\u00f1amo est\u00e1n excluidas de la noci\u00f3n legal de Cannabis, lo que significa que no deben considerarse una sustancia estupefaciente (L. 412 de 1974, art. 1, p\u00e1rrafo 1, lett. B; Convenci\u00f3n \u00danica sobre Estupefacientes de Nueva York de 1961 y tabla II del Decreto Ministerial 27\/7\/1992). En Italia, el cultivo del c\u00e1\u00f1amo est\u00e1 prohibido (art\u00edculos 28 y 73 del Decreto Presidencial 309\/90) a menos que se obtenga una autorizaci\u00f3n especial (art\u00edculo 17 del Decreto Presidencial 309\/90). A falta de autorizaci\u00f3n, las semillas s\u00f3lo pueden utilizarse para otros fines (zoot\u00e9cnicos, recolecci\u00f3n, etc.). Las semillas se venden con la reserva de que no sean utilizadas por terceros en conflicto con la ley.<\/p>\n","protected":false},"excerpt":{"rendered":"<p>Honey Melon Kush Autofloreciente es una variedad 70% indica, 30% sativa. Creada a partir de la hibridaci\u00f3n de Blueberry, Girl<\/p>\n","protected":false},"featured_media":197420,"comment_status":"open","ping_status":"closed","template":"","meta":[],"product_brand":[],"product_cat":[7953],"product_tag":[],"class_list":{"0":"post-130988","1":"product","2":"type-product","3":"status-publish","4":"has-post-thumbnail","6":"product_cat-seedshop-es","8":"first","9":"outofstock","10":"taxable","11":"shipping-taxable","12":"purchasable","13":"product-type-simple"},"aioseo_notices":[],"_links":{"self":[{"href":"https:\/\/www.budream.com\/es\/wp-json\/wp\/v2\/product\/130988","targetHints":{"allow":["GET"]}}],"collection":[{"href":"https:\/\/www.budream.com\/es\/wp-json\/wp\/v2\/product"}],"about":[{"href":"https:\/\/www.budream.com\/es\/wp-json\/wp\/v2\/types\/product"}],"replies":[{"embeddable":true,"href":"https:\/\/www.budream.com\/es\/wp-json\/wp\/v2\/comments?post=130988"}],"version-history":[{"count":1,"href":"https:\/\/www.budream.com\/es\/wp-json\/wp\/v2\/product\/130988\/revisions"}],"predecessor-version":[{"id":262178,"href":"https:\/\/www.budream.com\/es\/wp-json\/wp\/v2\/product\/130988\/revisions\/262178"}],"wp:featuredmedia":[{"embeddable":true,"href":"https:\/\/www.budream.com\/es\/wp-json\/wp\/v2\/media\/197420"}],"wp:attachment":[{"href":"https:\/\/www.budream.com\/es\/wp-json\/wp\/v2\/media?parent=130988"}],"wp:term":[{"taxonomy":"product_brand","embeddable":true,"href":"https:\/\/www.budream.com\/es\/wp-json\/wp\/v2\/product_brand?post=130988"},{"taxonomy":"product_cat","embeddable":true,"href":"https:\/\/www.budream.com\/es\/wp-json\/wp\/v2\/product_cat?post=130988"},{"taxonomy":"product_tag","embeddable":true,"href":"https:\/\/www.budream.com\/es\/wp-json\/wp\/v2\/product_tag?post=130988"}],"curies":[{"name":"wp","href":"https:\/\/api.w.org\/{rel}","templated":true}]}}