{"id":130998,"date":"2025-07-30T23:22:05","date_gmt":"2025-07-30T21:22:05","guid":{"rendered":"https:\/\/www.budream.com\/shop\/seedsalad-cbd-northern-light-fem-100-semillas\/"},"modified":"2025-10-14T19:48:33","modified_gmt":"2025-10-14T17:48:33","slug":"seedsalad-cbd-northern-light-fem-100-semillas","status":"publish","type":"product","link":"https:\/\/www.budream.com\/es\/shop\/seedsalad-cbd-northern-light-fem-100-semillas\/","title":{"rendered":"SEEDSALAD &#8211; CBD NORTHERN LIGHT FEM | 100 SEMILLAS"},"content":{"rendered":"<p>Una de las \u00faltimas gen\u00e9ticas CBD seleccionadas, con un alto valor de CBD y THC normalmente por debajo del 0,5%. Muy r\u00e1pida tanto en interior como en exterior y muy resistente al moho y a las plagas. <br \/>Producci\u00f3n abundante para una planta compacta y muy r\u00e1pida.<\/p>\n<p>Flores ricas en terpenos, mejor si se espera 1 semana mas alla de las 8 ondas para aumentar el rendimiento olfativo.<\/p>\n<h2><strong>Caracter\u00edsticas CBD Northern Light:<\/strong><\/h2>\n<ul style=\"list-style-type: disc\">\n<li><strong>G\u00e9nero:<\/strong> Feminizada<\/li>\n<li><strong>D\u00edas:<\/strong> 60 d\u00edas<\/li>\n<li><strong>Pipeta sellada en bolsita duradera resistente a los rayos UV<\/strong><\/li>\n<\/ul>\n<p><span style=\"font-size: 11pt\"><em><strong>ADVERTENCIA:<\/strong> Las semillas de c\u00e1\u00f1amo est\u00e1n excluidas de la noci\u00f3n legal de Cannabis, lo que significa que no deben considerarse una sustancia estupefaciente (L. 412 de 1974, art. 1, p\u00e1rrafo 1, lett. B; Convenci\u00f3n \u00danica sobre Estupefacientes de Nueva York de 1961 y tabla II del Decreto Ministerial 27\/7\/1992). En Italia, el cultivo del c\u00e1\u00f1amo est\u00e1 prohibido (art\u00edculos 28 y 73 del Decreto Presidencial 309\/90) a menos que se obtenga una autorizaci\u00f3n especial (art\u00edculo 17 del Decreto Presidencial 309\/90). A falta de autorizaci\u00f3n, las semillas s\u00f3lo pueden utilizarse para otros fines (zoot\u00e9cnicos, recolecci\u00f3n, etc.). Las semillas se venden con la reserva de que no ser\u00e1n utilizadas por terceros en conflicto con la ley.<\/em><\/span><\/p>\n","protected":false},"excerpt":{"rendered":"<p>Una de las \u00faltimas gen\u00e9ticas CBD seleccionadas, con un alto valor de CBD y THC normalmente por debajo del 0,5%.<\/p>\n","protected":false},"featured_media":130994,"comment_status":"open","ping_status":"closed","template":"","meta":[],"product_brand":[],"product_cat":[7953],"product_tag":[],"class_list":{"0":"post-130998","1":"product","2":"type-product","3":"status-publish","4":"has-post-thumbnail","6":"product_cat-seedshop-es","8":"first","9":"instock","10":"taxable","11":"shipping-taxable","12":"purchasable","13":"product-type-simple"},"aioseo_notices":[],"_links":{"self":[{"href":"https:\/\/www.budream.com\/es\/wp-json\/wp\/v2\/product\/130998","targetHints":{"allow":["GET"]}}],"collection":[{"href":"https:\/\/www.budream.com\/es\/wp-json\/wp\/v2\/product"}],"about":[{"href":"https:\/\/www.budream.com\/es\/wp-json\/wp\/v2\/types\/product"}],"replies":[{"embeddable":true,"href":"https:\/\/www.budream.com\/es\/wp-json\/wp\/v2\/comments?post=130998"}],"version-history":[{"count":0,"href":"https:\/\/www.budream.com\/es\/wp-json\/wp\/v2\/product\/130998\/revisions"}],"wp:featuredmedia":[{"embeddable":true,"href":"https:\/\/www.budream.com\/es\/wp-json\/wp\/v2\/media\/130994"}],"wp:attachment":[{"href":"https:\/\/www.budream.com\/es\/wp-json\/wp\/v2\/media?parent=130998"}],"wp:term":[{"taxonomy":"product_brand","embeddable":true,"href":"https:\/\/www.budream.com\/es\/wp-json\/wp\/v2\/product_brand?post=130998"},{"taxonomy":"product_cat","embeddable":true,"href":"https:\/\/www.budream.com\/es\/wp-json\/wp\/v2\/product_cat?post=130998"},{"taxonomy":"product_tag","embeddable":true,"href":"https:\/\/www.budream.com\/es\/wp-json\/wp\/v2\/product_tag?post=130998"}],"curies":[{"name":"wp","href":"https:\/\/api.w.org\/{rel}","templated":true}]}}