{"id":131008,"date":"2025-07-30T23:22:34","date_gmt":"2025-07-30T21:22:34","guid":{"rendered":"https:\/\/www.budream.com\/shop\/uvonair-ozoniser-cd-1200-o-300mm-3000m3\/"},"modified":"2026-02-03T13:52:09","modified_gmt":"2026-02-03T11:52:09","slug":"uvonair-ozoniser-cd-1200-o-300mm-3000m3","status":"publish","type":"product","link":"https:\/\/www.budream.com\/es\/shop\/uvonair-ozoniser-cd-1200-o-300mm-3000m3\/","title":{"rendered":"UVONAIR &#8211; OZONISER CD-1200 | \u00d8 300mm &#8211; 3000m3"},"content":{"rendered":"<p>El <strong>Uvonair CD-1200<\/strong> <strong> es un generador de ozono de tres c\u00e9lulas de alto rendimiento<\/strong> que produce m\u00e1s ozono que cualquier otro modelo conocido hasta el momento. Es ajustable para adaptarse a la carga de la demanda de ozono para el control de olores y para proporcionar un ahorro de energ\u00eda durante los per\u00edodos de baja demanda. El generador CD no requiere mantenimiento.<\/p>\n<p>La mayor\u00eda de los ozonizadores en el mercado<strong> <u>no<\/u><\/strong> son probados seg\u00fan las normas UL! \u00bfEst\u00e1 seguro de que su olor es eliminado? Aseg\u00farese con UVONAIR&reg;!La \u00daNICA elecci\u00f3n de ELIMINADORES DE OLORES INDUSTRIALES de calidad! No s\u00f3lo enmascara los olores, <strong>\u00a1LOS DESTRUYE! <\/strong>Los eliminadores de olores UVONAIR&reg; generan ozono, \u00a1uno de los agentes oxidantes m\u00e1s eficaces de la naturaleza!<\/p>\n<h2><span style=\"text-decoration: underline\"><strong>Caracter\u00edsticas del Uvonair CD-1200:<\/strong><\/span><\/h2>\n<ul style=\"list-style-type: disc\">\n<li>Ideal para habitaciones de <strong>1200 m3 hasta 3000 m3<\/strong><\/li>\n<li>Se instala en conductos de <strong>30 cm<\/strong> para tratar el aire a medida que se descarga<\/li>\n<li>Interruptor ajustable (HIGH\/LOW\/OFF). Uvonair&reg; CD-1200 producir\u00e1 niveles muy altos de ozono en su ajuste m\u00e1ximo. Determine el nivel de ozono necesario controlando los olores en el aire de salida.Para olores extremos, es mejor utilizar esta unidad de mayor potencia que los modelos Uvonair&reg; CD m\u00e1s peque\u00f1os.<\/li>\n<li>Puede instalarse en conductos de otros tama\u00f1os utilizando adaptadores* (sin embargo, los conductos m\u00e1s grandes pueden perjudicar el flujo de aire). Los modelos Uvonair&reg; CD se recomiendan en conductos m\u00e1s grandes y en situaciones de olores fuertes.<\/li>\n<li>Funciona en zonas de alta <strong>HUMEDAD<\/strong><\/li>\n<li>Funciona en una amplia gama de <strong>TEMPERATURAS<\/strong><\/li>\n<li><strong>RESPETA EL MEDIO AMBIENTE<\/strong> sin generar residuos peligrosos<\/li>\n<li>Garant\u00eda total de un a\u00f1o<\/li>\n<li>No requiere mantenimiento<\/li>\n<li>*Adaptadores no incluidos; utilizar con sistema de ventilaci\u00f3n<\/li>\n<\/ul>\n<p><u><strong><br \/>Nota<\/strong><\/u><strong>:<\/strong> El sistema Uvonair&reg; CD In-Duct debe colocarse de forma que se pueda realizar una conexi\u00f3n a la fuente el\u00e9ctrica sin necesidad de utilizar un cable alargador. Estas unidades no requieren mantenimiento. NO son reparables por el usuario, p\u00f3ngase en contacto con su distribuidor local para cualquier cuesti\u00f3n de mantenimiento.<\/p>\n","protected":false},"excerpt":{"rendered":"<p>El Uvonair CD-1200 es un generador de ozono de tres c\u00e9lulas de alto rendimiento que produce m\u00e1s ozono que cualquier<\/p>\n","protected":false},"featured_media":131004,"comment_status":"open","ping_status":"closed","template":"","meta":[],"product_brand":[],"product_cat":[7930],"product_tag":[],"class_list":{"0":"post-131008","1":"product","2":"type-product","3":"status-publish","4":"has-post-thumbnail","6":"product_cat-antiparasitarios-y-defensa","8":"first","9":"outofstock","10":"taxable","11":"shipping-taxable","12":"purchasable","13":"product-type-simple"},"_links":{"self":[{"href":"https:\/\/www.budream.com\/es\/wp-json\/wp\/v2\/product\/131008","targetHints":{"allow":["GET"]}}],"collection":[{"href":"https:\/\/www.budream.com\/es\/wp-json\/wp\/v2\/product"}],"about":[{"href":"https:\/\/www.budream.com\/es\/wp-json\/wp\/v2\/types\/product"}],"replies":[{"embeddable":true,"href":"https:\/\/www.budream.com\/es\/wp-json\/wp\/v2\/comments?post=131008"}],"version-history":[{"count":0,"href":"https:\/\/www.budream.com\/es\/wp-json\/wp\/v2\/product\/131008\/revisions"}],"wp:featuredmedia":[{"embeddable":true,"href":"https:\/\/www.budream.com\/es\/wp-json\/wp\/v2\/media\/131004"}],"wp:attachment":[{"href":"https:\/\/www.budream.com\/es\/wp-json\/wp\/v2\/media?parent=131008"}],"wp:term":[{"taxonomy":"product_brand","embeddable":true,"href":"https:\/\/www.budream.com\/es\/wp-json\/wp\/v2\/product_brand?post=131008"},{"taxonomy":"product_cat","embeddable":true,"href":"https:\/\/www.budream.com\/es\/wp-json\/wp\/v2\/product_cat?post=131008"},{"taxonomy":"product_tag","embeddable":true,"href":"https:\/\/www.budream.com\/es\/wp-json\/wp\/v2\/product_tag?post=131008"}],"curies":[{"name":"wp","href":"https:\/\/api.w.org\/{rel}","templated":true}]}}