{"id":131018,"date":"2025-07-30T23:23:02","date_gmt":"2025-07-30T21:23:02","guid":{"rendered":"https:\/\/www.budream.com\/shop\/uvonair-ozoniser-uv-80h-o-200mm-300m3\/"},"modified":"2026-02-03T13:52:39","modified_gmt":"2026-02-03T11:52:39","slug":"uvonair-ozoniser-uv-80h-o-200mm-300m3","status":"publish","type":"product","link":"https:\/\/www.budream.com\/es\/shop\/uvonair-ozoniser-uv-80h-o-200mm-300m3\/","title":{"rendered":"UVONAIR &#8211; OZONISER UV-80H | \u00d8 200mm &#8211; 300m3"},"content":{"rendered":"<p>El <strong>UVONAIR UV-80H es un sistema de conductos econ\u00f3mico<\/strong> que produce ozono utilizando bombillas ultravioletas especiales.<\/p>\n<p>\u00a1La mayor\u00eda de los ozonizadores en el mercado<strong> <u>no<\/u><\/strong> est\u00e1n probados seg\u00fan las normas UL! \u00bfEst\u00e1 seguro de que su olor ha sido eliminado? \u00a1Aseg\u00farese con UVONAIR&reg;!La \u00daNICA elecci\u00f3n de ELIMINADORES DE OLORES INDUSTRIALES de calidad! No s\u00f3lo enmascara los olores, <strong>\u00a1LOS DESTRUYE! <\/strong>Los eliminadores de olores UVONAIR&reg; generan ozono, \u00a1uno de los agentes oxidantes m\u00e1s eficaces de la naturaleza!<\/p>\n<h2><span style=\"text-decoration: underline\"><strong>Caracter\u00edsticas Uvonair UV-80H:<\/strong><\/span><\/h2>\n<ul style=\"list-style-type: disc\">\n<li>Ideal para estancias de <strong>150 m3 a 300 m3<\/strong><\/li>\n<li>Se instala en conductos de <strong>20 cm<\/strong> para tratar el aire a medida que se expulsa<\/li>\n<li>Interruptor ajustable (ALTO\/ BAJO\/APAGADO) con dos ajustes de salida: alto (2 bombillas) y bajo (1 bombilla)<\/li>\n<li>Trampilla de mantenimiento lateral disponible para facilitar el acceso a los componentes internos<\/li>\n<li>Puede instalarse en conductos de otros tama\u00f1os utilizando adaptadores* (sin embargo, los conductos m\u00e1s grandes pueden comprometer el flujo de aire) Los modelos Uvonair&reg; CD se recomiendan en conductos m\u00e1s grandes y en situaciones de olores fuertes<\/li>\n<li>Funciona en zonas de alta <strong>HUMEDAD<\/strong><\/li>\n<li>Funciona en una amplia gama de <strong>TEMPERATURAS<\/strong><\/li>\n<li><strong>RESPETA EL MEDIO AMBIENTE<\/strong> sin generar residuos peligrosos<\/li>\n<li>Garant\u00eda completa de un a\u00f1o<\/li>\n<li>*Adaptadores no incluidos; utilizar con sistema de ventilaci\u00f3n<\/li>\n<\/ul>\n<p><u><strong><br \/>Nota: <\/strong><\/u>El sistema Uvonair&reg; UV en conducto debe colocarse de forma que pueda conectarse a la fuente el\u00e9ctrica sin necesidad de utilizar un alargador. El Uvonair&reg; UV80H tiene dos ajustes de salida: Alta (2 bombillas) y Baja (1 bombilla). Determine el nivel de ozono necesario controlando el nivel de olor del aire de salida, que puede variar durante el ciclo de crecimiento.<u><strong><br \/><\/strong><\/u><\/p>\n","protected":false},"excerpt":{"rendered":"<p>El UVONAIR UV-80H es un sistema de conductos econ\u00f3mico que produce ozono utilizando bombillas ultravioletas especiales. \u00a1La mayor\u00eda de los<\/p>\n","protected":false},"featured_media":131014,"comment_status":"open","ping_status":"closed","template":"","meta":[],"product_brand":[],"product_cat":[7930],"product_tag":[],"class_list":{"0":"post-131018","1":"product","2":"type-product","3":"status-publish","4":"has-post-thumbnail","6":"product_cat-antiparasitarios-y-defensa","8":"first","9":"instock","10":"taxable","11":"shipping-taxable","12":"purchasable","13":"product-type-simple"},"_links":{"self":[{"href":"https:\/\/www.budream.com\/es\/wp-json\/wp\/v2\/product\/131018","targetHints":{"allow":["GET"]}}],"collection":[{"href":"https:\/\/www.budream.com\/es\/wp-json\/wp\/v2\/product"}],"about":[{"href":"https:\/\/www.budream.com\/es\/wp-json\/wp\/v2\/types\/product"}],"replies":[{"embeddable":true,"href":"https:\/\/www.budream.com\/es\/wp-json\/wp\/v2\/comments?post=131018"}],"version-history":[{"count":0,"href":"https:\/\/www.budream.com\/es\/wp-json\/wp\/v2\/product\/131018\/revisions"}],"wp:featuredmedia":[{"embeddable":true,"href":"https:\/\/www.budream.com\/es\/wp-json\/wp\/v2\/media\/131014"}],"wp:attachment":[{"href":"https:\/\/www.budream.com\/es\/wp-json\/wp\/v2\/media?parent=131018"}],"wp:term":[{"taxonomy":"product_brand","embeddable":true,"href":"https:\/\/www.budream.com\/es\/wp-json\/wp\/v2\/product_brand?post=131018"},{"taxonomy":"product_cat","embeddable":true,"href":"https:\/\/www.budream.com\/es\/wp-json\/wp\/v2\/product_cat?post=131018"},{"taxonomy":"product_tag","embeddable":true,"href":"https:\/\/www.budream.com\/es\/wp-json\/wp\/v2\/product_tag?post=131018"}],"curies":[{"name":"wp","href":"https:\/\/api.w.org\/{rel}","templated":true}]}}