{"id":131028,"date":"2025-07-30T23:23:29","date_gmt":"2025-07-30T21:23:29","guid":{"rendered":"https:\/\/www.budream.com\/shop\/uvonair-ozoniser-cd-1000-2-o-250mm-1200m3\/"},"modified":"2026-02-23T19:06:30","modified_gmt":"2026-02-23T17:06:30","slug":"uvonair-ozoniser-cd-1000-2-o-250mm-1200m3","status":"publish","type":"product","link":"https:\/\/www.budream.com\/es\/shop\/uvonair-ozoniser-cd-1000-2-o-250mm-1200m3\/","title":{"rendered":"UVONAIR &#8211; OZONISER CD-1000-2 | \u00d8 250mm &#8211; 1200m3"},"content":{"rendered":"<p>El <strong> generador de ozono<\/strong> <strong>Uvonair CD-1000-2 de dos c\u00e9lulas<\/strong> <strong> es un generador de ozono de alto rendimiento<\/strong> que produce m\u00e1s ozono que cualquier otro modelo conocido hasta el momento. Es ajustable para adaptarse a la carga de demanda de ozono para el control de olores y para proporcionar un ahorro de energ\u00eda durante los per\u00edodos de baja demanda. El generador CD no necesita mantenimiento.<\/p>\n<p>La mayor\u00eda de los ozonizadores en el mercado<strong> <u>no<\/u><\/strong> son probados seg\u00fan las normas UL! \u00bfEst\u00e1 seguro de que su olor es eliminado? Aseg\u00farese con UVONAIR&reg;!La \u00daNICA elecci\u00f3n de ELIMINADORES DE OLORES INDUSTRIALES de calidad! No s\u00f3lo enmascara los olores, <strong>\u00a1LOS DESTRUYE! <\/strong>Los eliminadores de olores UVONAIR&reg; generan ozono, \u00a1uno de los agentes oxidantes m\u00e1s eficaces de la naturaleza!<\/p>\n<h2><span style=\"text-decoration: underline\"><strong>Caracter\u00edsticas Uvonair CD-1000-2:<\/strong><\/span><\/h2>\n<ul style=\"list-style-type: disc\">\n<li>Ideal para habitaciones de <strong>600 m3 a 1200 m3<\/strong><\/li>\n<li>Se instala en conductos de <strong>25 cm<\/strong> para tratar el aire a medida que se descarga<\/li>\n<li>Interruptor regulable (HIGH\/LOW\/OFF).<\/li>\n<li>Puede instalarse en conductos de otros tama\u00f1os utilizando adaptadores* (sin embargo, los conductos m\u00e1s grandes pueden perjudicar el flujo de aire) Los modelos Uvonair&reg; CD se recomiendan en conductos m\u00e1s grandes y en situaciones de olores fuertes.<\/li>\n<li>Funciona en zonas de alta <strong>HUMEDAD<\/strong><\/li>\n<li>Funciona en una amplia gama de <strong>TEMPERATURAS<\/strong><\/li>\n<li><strong>RESPETA EL MEDIO AMBIENTE<\/strong> sin generar residuos peligrosos<\/li>\n<li>Garant\u00eda total de un a\u00f1o<\/li>\n<li>No requiere mantenimiento<\/li>\n<li>*Adaptadores no incluidos; utilizar con sistema de ventilaci\u00f3n<\/li>\n<\/ul>\n<p><u><strong><br \/>Nota<\/strong><\/u><strong>:<\/strong> El sistema Uvonair&reg; CD In-Duct debe colocarse de forma que se pueda realizar una conexi\u00f3n a la fuente el\u00e9ctrica sin necesidad de utilizar un cable alargador. Estas unidades no requieren mantenimiento. NO son reparables por el usuario, p\u00f3ngase en contacto con su distribuidor local para cualquier cuesti\u00f3n de mantenimiento.<\/p>\n","protected":false},"excerpt":{"rendered":"<p>El generador de ozono Uvonair CD-1000-2 de dos c\u00e9lulas es un generador de ozono de alto rendimiento que produce m\u00e1s<\/p>\n","protected":false},"featured_media":131024,"comment_status":"open","ping_status":"closed","template":"","meta":[],"product_brand":[],"product_cat":[7930],"product_tag":[],"class_list":{"0":"post-131028","1":"product","2":"type-product","3":"status-publish","4":"has-post-thumbnail","6":"product_cat-antiparasitarios-y-defensa","8":"first","9":"instock","10":"taxable","11":"shipping-taxable","12":"purchasable","13":"product-type-simple"},"_links":{"self":[{"href":"https:\/\/www.budream.com\/es\/wp-json\/wp\/v2\/product\/131028","targetHints":{"allow":["GET"]}}],"collection":[{"href":"https:\/\/www.budream.com\/es\/wp-json\/wp\/v2\/product"}],"about":[{"href":"https:\/\/www.budream.com\/es\/wp-json\/wp\/v2\/types\/product"}],"replies":[{"embeddable":true,"href":"https:\/\/www.budream.com\/es\/wp-json\/wp\/v2\/comments?post=131028"}],"version-history":[{"count":0,"href":"https:\/\/www.budream.com\/es\/wp-json\/wp\/v2\/product\/131028\/revisions"}],"wp:featuredmedia":[{"embeddable":true,"href":"https:\/\/www.budream.com\/es\/wp-json\/wp\/v2\/media\/131024"}],"wp:attachment":[{"href":"https:\/\/www.budream.com\/es\/wp-json\/wp\/v2\/media?parent=131028"}],"wp:term":[{"taxonomy":"product_brand","embeddable":true,"href":"https:\/\/www.budream.com\/es\/wp-json\/wp\/v2\/product_brand?post=131028"},{"taxonomy":"product_cat","embeddable":true,"href":"https:\/\/www.budream.com\/es\/wp-json\/wp\/v2\/product_cat?post=131028"},{"taxonomy":"product_tag","embeddable":true,"href":"https:\/\/www.budream.com\/es\/wp-json\/wp\/v2\/product_tag?post=131028"}],"curies":[{"name":"wp","href":"https:\/\/api.w.org\/{rel}","templated":true}]}}