{"id":131068,"date":"2025-07-30T23:27:32","date_gmt":"2025-07-30T21:27:32","guid":{"rendered":"https:\/\/www.budream.com\/shop\/super-sativa-seed-club-auto-sweet-bourbon-kush-fem-5-semillas\/"},"modified":"2025-12-02T15:50:42","modified_gmt":"2025-12-02T13:50:42","slug":"super-sativa-seed-club-auto-sweet-bourbon-kush-fem-5-semillas","status":"publish","type":"product","link":"https:\/\/www.budream.com\/es\/shop\/super-sativa-seed-club-auto-sweet-bourbon-kush-fem-5-semillas\/","title":{"rendered":"SUPER SATIVA SEED CLUB &#8211; AUTO SWEET BOURBON KUSH FEM | 5 SEMILLAS"},"content":{"rendered":"<div style=\"text-align: justify\">Para crear Sweet Bourbon Auto Kush cruzamos una Los Angeles Kush (LA Confidential x OG Kush) con la mejor gen\u00e9tica AutoKush europea disponible. De esta manera nos aseguramos de que las caracter\u00edsticas clave de Kush.<\/div>\n<p><\/p>\n<h2><strong>Caracter\u00edsticas Auto Sweet Bourbon Kush Fem:<\/strong><\/h2>\n<ul style=\"list-style-type: disc\">\n<li><strong>G\u00e9nero:<\/strong> Autofloreciente feminizada<\/li>\n<li><strong>Genotipo:<\/strong> H\u00edbrido con dominancia Indica<\/li>\n<li><strong>Gen\u00e9tica: <\/strong>Los Angeles Kush (LA Confidential x OG Kush) x gen\u00e9tica europea AutoKush<\/li>\n<li>D\u00edas<strong>:<\/strong> 70 d\u00edas<\/li>\n<\/ul>\n<p><span style=\"font-size: 12.222222328186px\"><br \/><span style=\"font-size: 11pt\"><em><strong>ADVERTENCIA:<\/strong> Las semillas de c\u00e1\u00f1amo est\u00e1n excluidas de la noci\u00f3n legal de Cannabis, lo que significa que no deben considerarse una sustancia estupefaciente (L. 412 de 1974, art. 1, p\u00e1rrafo 1, lett. B; Convenci\u00f3n \u00danica sobre Estupefacientes de Nueva York de 1961 y tabla II del Decreto Ministerial 27\/7\/1992). En Italia, el cultivo del c\u00e1\u00f1amo est\u00e1 prohibido (art\u00edculos 28 y 73 del Decreto Presidencial 309\/90) a menos que se obtenga una autorizaci\u00f3n especial (art\u00edculo 17 del Decreto Presidencial 309\/90). A falta de autorizaci\u00f3n, las semillas s\u00f3lo pueden utilizarse para otros fines (zoot\u00e9cnicos, recolecci\u00f3n, etc.). Las semillas se venden con la reserva de que no ser\u00e1n utilizadas por terceros en conflicto con la ley.<\/em><\/span><br \/><\/span><\/p>\n","protected":false},"excerpt":{"rendered":"<p>Para crear Sweet Bourbon Auto Kush cruzamos una Los Angeles Kush (LA Confidential x OG Kush) con la mejor gen\u00e9tica<\/p>\n","protected":false},"featured_media":128569,"comment_status":"open","ping_status":"closed","template":"","meta":[],"product_brand":[],"product_cat":[7953],"product_tag":[],"class_list":{"0":"post-131068","1":"product","2":"type-product","3":"status-publish","4":"has-post-thumbnail","6":"product_cat-seedshop-es","8":"first","9":"instock","10":"taxable","11":"shipping-taxable","12":"purchasable","13":"product-type-simple"},"_links":{"self":[{"href":"https:\/\/www.budream.com\/es\/wp-json\/wp\/v2\/product\/131068","targetHints":{"allow":["GET"]}}],"collection":[{"href":"https:\/\/www.budream.com\/es\/wp-json\/wp\/v2\/product"}],"about":[{"href":"https:\/\/www.budream.com\/es\/wp-json\/wp\/v2\/types\/product"}],"replies":[{"embeddable":true,"href":"https:\/\/www.budream.com\/es\/wp-json\/wp\/v2\/comments?post=131068"}],"version-history":[{"count":0,"href":"https:\/\/www.budream.com\/es\/wp-json\/wp\/v2\/product\/131068\/revisions"}],"wp:featuredmedia":[{"embeddable":true,"href":"https:\/\/www.budream.com\/es\/wp-json\/wp\/v2\/media\/128569"}],"wp:attachment":[{"href":"https:\/\/www.budream.com\/es\/wp-json\/wp\/v2\/media?parent=131068"}],"wp:term":[{"taxonomy":"product_brand","embeddable":true,"href":"https:\/\/www.budream.com\/es\/wp-json\/wp\/v2\/product_brand?post=131068"},{"taxonomy":"product_cat","embeddable":true,"href":"https:\/\/www.budream.com\/es\/wp-json\/wp\/v2\/product_cat?post=131068"},{"taxonomy":"product_tag","embeddable":true,"href":"https:\/\/www.budream.com\/es\/wp-json\/wp\/v2\/product_tag?post=131068"}],"curies":[{"name":"wp","href":"https:\/\/api.w.org\/{rel}","templated":true}]}}