{"id":131083,"date":"2025-07-30T23:28:58","date_gmt":"2025-07-30T21:28:58","guid":{"rendered":"https:\/\/www.budream.com\/shop\/super-sativa-seed-club-kosher-haze-fem-5-semillas\/"},"modified":"2025-11-27T13:24:11","modified_gmt":"2025-11-27T11:24:11","slug":"super-sativa-seed-club-kosher-haze-fem-5-semillas","status":"publish","type":"product","link":"https:\/\/www.budream.com\/es\/shop\/super-sativa-seed-club-kosher-haze-fem-5-semillas\/","title":{"rendered":"SUPER SATIVA SEED CLUB &#8211; KOSHER HAZE FEM | 5 SEMILLAS"},"content":{"rendered":"<p><br style=\"font-size: 12.222222328186px\" \/><span style=\"font-size: 12.222222328186px\">Composici\u00f3n: Karel&#8217;s Haze x Kosher Kush<br \/><\/span><br style=\"font-size: 12.222222328186px\" \/><br style=\"font-size: 12.222222328186px\" \/><span style=\"font-size: 12.222222328186px\">Genotipo: H\u00edbrido feminizado 70% Indica 30% Sativa<br \/><\/span><br style=\"font-size: 12.222222328186px\" \/><br style=\"font-size: 12.222222328186px\" \/><span style=\"font-size: 12.222222328186px\">D\u00cdAS: 63-70<\/span><br style=\"font-size: 12.222222328186px\" \/><br \/><br style=\"font-size: 12.222222328186px\" \/><span style=\"font-size: 12.222222328186px\"><a href=\"http:\/\/drunderground.com\/en\/\" target=\"_blank\" rel=\"noopener noreferrer\">para mas info pincha aqui<\/a><br \/><\/span><\/p>\n","protected":false},"excerpt":{"rendered":"<p>Composici\u00f3n: Karel&#8217;s Haze x Kosher KushGenotipo: H\u00edbrido feminizado 70% Indica 30% SativaD\u00cdAS: 63-70para mas info pincha aqui<\/p>\n","protected":false},"featured_media":128569,"comment_status":"open","ping_status":"closed","template":"","meta":[],"product_brand":[],"product_cat":[7953],"product_tag":[],"class_list":{"0":"post-131083","1":"product","2":"type-product","3":"status-publish","4":"has-post-thumbnail","6":"product_cat-seedshop-es","8":"first","9":"outofstock","10":"sale","11":"taxable","12":"shipping-taxable","13":"purchasable","14":"product-type-simple"},"aioseo_notices":[],"_links":{"self":[{"href":"https:\/\/www.budream.com\/es\/wp-json\/wp\/v2\/product\/131083","targetHints":{"allow":["GET"]}}],"collection":[{"href":"https:\/\/www.budream.com\/es\/wp-json\/wp\/v2\/product"}],"about":[{"href":"https:\/\/www.budream.com\/es\/wp-json\/wp\/v2\/types\/product"}],"replies":[{"embeddable":true,"href":"https:\/\/www.budream.com\/es\/wp-json\/wp\/v2\/comments?post=131083"}],"version-history":[{"count":0,"href":"https:\/\/www.budream.com\/es\/wp-json\/wp\/v2\/product\/131083\/revisions"}],"wp:featuredmedia":[{"embeddable":true,"href":"https:\/\/www.budream.com\/es\/wp-json\/wp\/v2\/media\/128569"}],"wp:attachment":[{"href":"https:\/\/www.budream.com\/es\/wp-json\/wp\/v2\/media?parent=131083"}],"wp:term":[{"taxonomy":"product_brand","embeddable":true,"href":"https:\/\/www.budream.com\/es\/wp-json\/wp\/v2\/product_brand?post=131083"},{"taxonomy":"product_cat","embeddable":true,"href":"https:\/\/www.budream.com\/es\/wp-json\/wp\/v2\/product_cat?post=131083"},{"taxonomy":"product_tag","embeddable":true,"href":"https:\/\/www.budream.com\/es\/wp-json\/wp\/v2\/product_tag?post=131083"}],"curies":[{"name":"wp","href":"https:\/\/api.w.org\/{rel}","templated":true}]}}