{"id":131263,"date":"2025-07-30T23:38:12","date_gmt":"2025-07-30T21:38:12","guid":{"rendered":"https:\/\/www.budream.com\/shop\/storzbickel-unidad-de-pipa-de-repuesto-para-hibrido\/"},"modified":"2026-04-24T15:17:04","modified_gmt":"2026-04-24T13:17:04","slug":"storzbickel-unidad-de-pipa-de-repuesto-para-hibrido","status":"publish","type":"product","link":"https:\/\/www.budream.com\/es\/shop\/storzbickel-unidad-de-pipa-de-repuesto-para-hibrido\/","title":{"rendered":"STORZ&amp;BICKEL &#8211; UNIDAD DE PIPA DE REPUESTO PARA H\u00cdBRIDO"},"content":{"rendered":"<p>Sustituye tu pipa de inhalaci\u00f3n directa Volcano Hybrid por este pr\u00e1ctico kit.<\/p>\n<p><strong>El paquete incluye:<\/strong><\/p>\n<ul style=\"list-style-type: disc\">\n<li>1 ud. Manguera de 1 metro de longitud<\/li>\n<li>1 ud. Racor de conexi\u00f3n del vaporizador<\/li>\n<li>1 ud. Boquilla<\/li>\n<\/ul>\n<p><strong>Compatible con:<\/strong><\/p>\n<ul style=\"list-style-type: disc\">\n<li><span style=\"text-decoration: underline\"><strong><a rel=\"nofollow\" href=\"https:\/\/www.indoorline.com\/volcano-hybrid-vaporizzatore-storz-amp-bickel.html\">Volcano Hybrid<\/a><\/strong><\/span><\/li>\n<\/ul>\n","protected":false},"excerpt":{"rendered":"<p>Sustituye tu pipa de inhalaci\u00f3n directa Volcano Hybrid por este pr\u00e1ctico kit. El paquete incluye: 1 ud. Manguera de 1<\/p>\n","protected":false},"featured_media":131259,"comment_status":"open","ping_status":"closed","template":"","meta":[],"product_brand":[],"product_cat":[1179],"product_tag":[],"class_list":{"0":"post-131263","1":"product","2":"type-product","3":"status-publish","4":"has-post-thumbnail","6":"product_cat-vaporizzatori","8":"first","9":"instock","10":"taxable","11":"shipping-taxable","12":"purchasable","13":"product-type-simple"},"aioseo_notices":[],"_links":{"self":[{"href":"https:\/\/www.budream.com\/es\/wp-json\/wp\/v2\/product\/131263","targetHints":{"allow":["GET"]}}],"collection":[{"href":"https:\/\/www.budream.com\/es\/wp-json\/wp\/v2\/product"}],"about":[{"href":"https:\/\/www.budream.com\/es\/wp-json\/wp\/v2\/types\/product"}],"replies":[{"embeddable":true,"href":"https:\/\/www.budream.com\/es\/wp-json\/wp\/v2\/comments?post=131263"}],"version-history":[{"count":1,"href":"https:\/\/www.budream.com\/es\/wp-json\/wp\/v2\/product\/131263\/revisions"}],"predecessor-version":[{"id":264715,"href":"https:\/\/www.budream.com\/es\/wp-json\/wp\/v2\/product\/131263\/revisions\/264715"}],"wp:featuredmedia":[{"embeddable":true,"href":"https:\/\/www.budream.com\/es\/wp-json\/wp\/v2\/media\/131259"}],"wp:attachment":[{"href":"https:\/\/www.budream.com\/es\/wp-json\/wp\/v2\/media?parent=131263"}],"wp:term":[{"taxonomy":"product_brand","embeddable":true,"href":"https:\/\/www.budream.com\/es\/wp-json\/wp\/v2\/product_brand?post=131263"},{"taxonomy":"product_cat","embeddable":true,"href":"https:\/\/www.budream.com\/es\/wp-json\/wp\/v2\/product_cat?post=131263"},{"taxonomy":"product_tag","embeddable":true,"href":"https:\/\/www.budream.com\/es\/wp-json\/wp\/v2\/product_tag?post=131263"}],"curies":[{"name":"wp","href":"https:\/\/api.w.org\/{rel}","templated":true}]}}