{"id":131308,"date":"2025-07-30T23:38:44","date_gmt":"2025-07-30T21:38:44","guid":{"rendered":"https:\/\/www.budream.com\/shop\/storzbickel-camara-de-vaporizacion-para-volcano-hybrid\/"},"modified":"2026-03-10T14:39:33","modified_gmt":"2026-03-10T12:39:33","slug":"storzbickel-camara-de-vaporizacion-para-volcano-hybrid","status":"publish","type":"product","link":"https:\/\/www.budream.com\/es\/shop\/storzbickel-camara-de-vaporizacion-para-volcano-hybrid\/","title":{"rendered":"STORZ&amp;BICKEL &#8211; C\u00c1MARA DE VAPORIZACI\u00d3N PARA VOLCANO HYBRID"},"content":{"rendered":"<p>La c\u00e1mara de relleno para Volcano Hybrid con Easy Valve permite vaporizar tanto hierbas como l\u00edquidos.<\/p>\n<p><strong>El paquete incluye:<\/strong><\/p>\n<ul style=\"list-style-type: disc\">\n<li>1 ud. C\u00e1mara de relleno<\/li>\n<li>1 ud. Anillo de tapa<\/li>\n<li>1 ud. Juego de filtros est\u00e1ndar (aprox. &Oslash; 30 mm)<\/li>\n<li>1 ud. Almohadilla para gotas (aprox. &Oslash; 28 x 4 mm)<\/li>\n<li>1 ud. Cepillo de limpieza<\/li>\n<\/ul>\n<p><strong>Compatible con:<\/strong><\/p>\n<ul style=\"list-style-type: disc\">\n<li><span style=\"text-decoration: underline\"><strong><a rel=\"nofollow\" href=\"https:\/\/www.indoorline.com\/volcano-hybrid-vaporizzatore-storz-amp-bickel.html\">Volcano H\u00edbrido<\/a><\/strong><\/span><\/li>\n<li><span style=\"text-decoration: underline\"><strong><a rel=\"nofollow\" href=\"https:\/\/www.indoorline.com\/volcano-classic-con-easy-valve-vaporizzatore.html\">Volcano Classic con Easy Valve<\/a><\/strong><\/span><\/li>\n<\/ul>\n","protected":false},"excerpt":{"rendered":"<p>La c\u00e1mara de relleno para Volcano Hybrid con Easy Valve permite vaporizar tanto hierbas como l\u00edquidos. El paquete incluye: 1<\/p>\n","protected":false},"featured_media":131269,"comment_status":"open","ping_status":"closed","template":"","meta":[],"product_brand":[],"product_cat":[7908],"product_tag":[],"class_list":{"0":"post-131308","1":"product","2":"type-product","3":"status-publish","4":"has-post-thumbnail","6":"product_cat-vaporizadores","8":"first","9":"instock","10":"sale","11":"taxable","12":"shipping-taxable","13":"purchasable","14":"product-type-simple"},"aioseo_notices":[],"_links":{"self":[{"href":"https:\/\/www.budream.com\/es\/wp-json\/wp\/v2\/product\/131308","targetHints":{"allow":["GET"]}}],"collection":[{"href":"https:\/\/www.budream.com\/es\/wp-json\/wp\/v2\/product"}],"about":[{"href":"https:\/\/www.budream.com\/es\/wp-json\/wp\/v2\/types\/product"}],"replies":[{"embeddable":true,"href":"https:\/\/www.budream.com\/es\/wp-json\/wp\/v2\/comments?post=131308"}],"version-history":[{"count":0,"href":"https:\/\/www.budream.com\/es\/wp-json\/wp\/v2\/product\/131308\/revisions"}],"wp:featuredmedia":[{"embeddable":true,"href":"https:\/\/www.budream.com\/es\/wp-json\/wp\/v2\/media\/131269"}],"wp:attachment":[{"href":"https:\/\/www.budream.com\/es\/wp-json\/wp\/v2\/media?parent=131308"}],"wp:term":[{"taxonomy":"product_brand","embeddable":true,"href":"https:\/\/www.budream.com\/es\/wp-json\/wp\/v2\/product_brand?post=131308"},{"taxonomy":"product_cat","embeddable":true,"href":"https:\/\/www.budream.com\/es\/wp-json\/wp\/v2\/product_cat?post=131308"},{"taxonomy":"product_tag","embeddable":true,"href":"https:\/\/www.budream.com\/es\/wp-json\/wp\/v2\/product_tag?post=131308"}],"curies":[{"name":"wp","href":"https:\/\/api.w.org\/{rel}","templated":true}]}}