{"id":131348,"date":"2025-07-30T23:39:16","date_gmt":"2025-07-30T21:39:16","guid":{"rendered":"https:\/\/www.budream.com\/shop\/storzbickel-juego-de-relleno-40-capsulas-dosificadoras-volcano-mighty-crafty-plenty\/"},"modified":"2026-02-18T17:47:23","modified_gmt":"2026-02-18T15:47:23","slug":"storzbickel-juego-de-relleno-40-capsulas-dosificadoras-volcano-mighty-crafty-plenty","status":"publish","type":"product","link":"https:\/\/www.budream.com\/es\/shop\/storzbickel-juego-de-relleno-40-capsulas-dosificadoras-volcano-mighty-crafty-plenty\/","title":{"rendered":"STORZ&amp;BICKEL &#8211; JUEGO DE RELLENO 40 C\u00c1PSULAS DOSIFICADORAS | VOLCANO MIGHTY+ CRAFTY+ PLENTY"},"content":{"rendered":"<p>El juego de llenado para 40 c\u00e1psulas dosificadoras est\u00e1 dise\u00f1ado para el llenado simult\u00e1neo de una mayor cantidad de c\u00e1psulas.<br \/>El \u00e9mbolo incluido facilita a\u00fan m\u00e1s el cierre de las c\u00e1psulas.<\/p>\n<h2><span style=\"text-decoration: underline\">El juego de llenado para 40 c\u00e1psulas incluye:<\/span><\/h2>\n<ul style=\"list-style-type: disc\">\n<li>Plantilla de llenado;<\/li>\n<li>Esp\u00e1tula;<\/li>\n<li>\u00c9mbolo;<\/li>\n<li>Molinillo Herb Mill XL (aprox. &Oslash; 90 mm);<\/li>\n<li>Recipiente para 8 c\u00e1psulas dosificadoras;<\/li>\n<li>40 c\u00e1psulas dosificadoras;<\/li>\n<li>Balanza;<\/li>\n<\/ul>\n","protected":false},"excerpt":{"rendered":"<p>El juego de llenado para 40 c\u00e1psulas dosificadoras est\u00e1 dise\u00f1ado para el llenado simult\u00e1neo de una mayor cantidad de c\u00e1psulas.El<\/p>\n","protected":false},"featured_media":131314,"comment_status":"open","ping_status":"closed","template":"","meta":[],"product_brand":[],"product_cat":[7908],"product_tag":[],"class_list":{"0":"post-131348","1":"product","2":"type-product","3":"status-publish","4":"has-post-thumbnail","6":"product_cat-vaporizadores","8":"first","9":"instock","10":"sale","11":"taxable","12":"shipping-taxable","13":"purchasable","14":"product-type-simple"},"aioseo_notices":[],"_links":{"self":[{"href":"https:\/\/www.budream.com\/es\/wp-json\/wp\/v2\/product\/131348","targetHints":{"allow":["GET"]}}],"collection":[{"href":"https:\/\/www.budream.com\/es\/wp-json\/wp\/v2\/product"}],"about":[{"href":"https:\/\/www.budream.com\/es\/wp-json\/wp\/v2\/types\/product"}],"replies":[{"embeddable":true,"href":"https:\/\/www.budream.com\/es\/wp-json\/wp\/v2\/comments?post=131348"}],"version-history":[{"count":0,"href":"https:\/\/www.budream.com\/es\/wp-json\/wp\/v2\/product\/131348\/revisions"}],"wp:featuredmedia":[{"embeddable":true,"href":"https:\/\/www.budream.com\/es\/wp-json\/wp\/v2\/media\/131314"}],"wp:attachment":[{"href":"https:\/\/www.budream.com\/es\/wp-json\/wp\/v2\/media?parent=131348"}],"wp:term":[{"taxonomy":"product_brand","embeddable":true,"href":"https:\/\/www.budream.com\/es\/wp-json\/wp\/v2\/product_brand?post=131348"},{"taxonomy":"product_cat","embeddable":true,"href":"https:\/\/www.budream.com\/es\/wp-json\/wp\/v2\/product_cat?post=131348"},{"taxonomy":"product_tag","embeddable":true,"href":"https:\/\/www.budream.com\/es\/wp-json\/wp\/v2\/product_tag?post=131348"}],"curies":[{"name":"wp","href":"https:\/\/api.w.org\/{rel}","templated":true}]}}