{"id":131358,"date":"2025-07-30T23:39:44","date_gmt":"2025-07-30T21:39:44","guid":{"rendered":"https:\/\/www.budream.com\/shop\/storzbickel-portacapsulas-estanco-con-4-capsulas\/"},"modified":"2026-02-27T14:20:01","modified_gmt":"2026-02-27T12:20:01","slug":"storzbickel-portacapsulas-estanco-con-4-capsulas","status":"publish","type":"product","link":"https:\/\/www.budream.com\/es\/shop\/storzbickel-portacapsulas-estanco-con-4-capsulas\/","title":{"rendered":"STORZ&amp;BICKEL &#8211; PORTAC\u00c1PSULAS ESTANCO CON 4 C\u00c1PSULAS"},"content":{"rendered":"<p>El pr\u00e1ctico contenedor impermeable para c\u00e1psulas dosificadoras puede utilizarse como llavero: puede almacenar de forma \u00f3ptima hasta cuatro c\u00e1psulas dosificadoras.<\/p>\n<p>Adem\u00e1s, el Capsule Caddy es impermeable a los olores y al agua.<\/p>\n<p>El producto incluye<\/p>\n<p>&#8211; 1 caddy para c\u00e1psulas (Capsule Caddy)<br \/>&#8211; 4 uds. c\u00e1psulas dosificadoras<\/p><\/p>\n","protected":false},"excerpt":{"rendered":"<p>El pr\u00e1ctico contenedor impermeable para c\u00e1psulas dosificadoras puede utilizarse como llavero: puede almacenar de forma \u00f3ptima hasta cuatro c\u00e1psulas dosificadoras.<\/p>\n","protected":false},"featured_media":131354,"comment_status":"open","ping_status":"closed","template":"","meta":[],"product_brand":[],"product_cat":[7908],"product_tag":[],"class_list":{"0":"post-131358","1":"product","2":"type-product","3":"status-publish","4":"has-post-thumbnail","6":"product_cat-vaporizadores","8":"first","9":"instock","10":"sale","11":"taxable","12":"shipping-taxable","13":"purchasable","14":"product-type-simple"},"aioseo_notices":[],"_links":{"self":[{"href":"https:\/\/www.budream.com\/es\/wp-json\/wp\/v2\/product\/131358","targetHints":{"allow":["GET"]}}],"collection":[{"href":"https:\/\/www.budream.com\/es\/wp-json\/wp\/v2\/product"}],"about":[{"href":"https:\/\/www.budream.com\/es\/wp-json\/wp\/v2\/types\/product"}],"replies":[{"embeddable":true,"href":"https:\/\/www.budream.com\/es\/wp-json\/wp\/v2\/comments?post=131358"}],"version-history":[{"count":0,"href":"https:\/\/www.budream.com\/es\/wp-json\/wp\/v2\/product\/131358\/revisions"}],"wp:featuredmedia":[{"embeddable":true,"href":"https:\/\/www.budream.com\/es\/wp-json\/wp\/v2\/media\/131354"}],"wp:attachment":[{"href":"https:\/\/www.budream.com\/es\/wp-json\/wp\/v2\/media?parent=131358"}],"wp:term":[{"taxonomy":"product_brand","embeddable":true,"href":"https:\/\/www.budream.com\/es\/wp-json\/wp\/v2\/product_brand?post=131358"},{"taxonomy":"product_cat","embeddable":true,"href":"https:\/\/www.budream.com\/es\/wp-json\/wp\/v2\/product_cat?post=131358"},{"taxonomy":"product_tag","embeddable":true,"href":"https:\/\/www.budream.com\/es\/wp-json\/wp\/v2\/product_tag?post=131358"}],"curies":[{"name":"wp","href":"https:\/\/api.w.org\/{rel}","templated":true}]}}