{"id":131388,"date":"2025-07-30T23:40:17","date_gmt":"2025-07-30T21:40:17","guid":{"rendered":"https:\/\/www.budream.com\/shop\/storzbickel-adaptador-de-capsula-dosificadora-para-volcano-hybrid\/"},"modified":"2026-02-19T16:45:35","modified_gmt":"2026-02-19T14:45:35","slug":"storzbickel-adaptador-de-capsula-dosificadora-para-volcano-hybrid","status":"publish","type":"product","link":"https:\/\/www.budream.com\/es\/shop\/storzbickel-adaptador-de-capsula-dosificadora-para-volcano-hybrid\/","title":{"rendered":"STORZ&amp;BICKEL &#8211; ADAPTADOR DE C\u00c1PSULA DOSIFICADORA PARA VOLCANO HYBRID"},"content":{"rendered":"<p>El adaptador de c\u00e1psulas dosificadoras est\u00e1 dise\u00f1ado para vaporizar peque\u00f1as cantidades de material vegetal triturado con Easy Valve. Adem\u00e1s, se pueden insertar en \u00e9l c\u00e1psulas dosificadoras.<\/p>\n<p><strong>El paquete incluye:<\/strong><\/p>\n<ul style=\"list-style-type: disc\">\n<li>1 ud. Reductor de la c\u00e1mara de relleno (aprox. &Oslash; 15 mm)<\/li>\n<li>2 uds. Filtro est\u00e1ndar, peque\u00f1o (malla normal aprox. &Oslash; 15 mm))<\/li>\n<li>1 ud. C\u00e1psula dosificadora<\/li>\n<\/ul>\n<p><strong>Compatible con:<\/strong><\/p>\n<ul style=\"list-style-type: disc\">\n<li><span style=\"text-decoration: underline\"><strong><a rel=\"nofollow\" href=\"https:\/\/www.indoorline.com\/volcano-hybrid-vaporizzatore-storz-amp-bickel.html\">Volcano H\u00edbrido<\/a><\/strong><\/span><\/li>\n<\/ul>\n","protected":false},"excerpt":{"rendered":"<p>El adaptador de c\u00e1psulas dosificadoras est\u00e1 dise\u00f1ado para vaporizar peque\u00f1as cantidades de material vegetal triturado con Easy Valve. Adem\u00e1s, se<\/p>\n","protected":false},"featured_media":131364,"comment_status":"open","ping_status":"closed","template":"","meta":[],"product_brand":[],"product_cat":[7908],"product_tag":[],"class_list":{"0":"post-131388","1":"product","2":"type-product","3":"status-publish","4":"has-post-thumbnail","6":"product_cat-vaporizadores","8":"first","9":"instock","10":"sale","11":"taxable","12":"shipping-taxable","13":"purchasable","14":"product-type-simple"},"aioseo_notices":[],"_links":{"self":[{"href":"https:\/\/www.budream.com\/es\/wp-json\/wp\/v2\/product\/131388","targetHints":{"allow":["GET"]}}],"collection":[{"href":"https:\/\/www.budream.com\/es\/wp-json\/wp\/v2\/product"}],"about":[{"href":"https:\/\/www.budream.com\/es\/wp-json\/wp\/v2\/types\/product"}],"replies":[{"embeddable":true,"href":"https:\/\/www.budream.com\/es\/wp-json\/wp\/v2\/comments?post=131388"}],"version-history":[{"count":0,"href":"https:\/\/www.budream.com\/es\/wp-json\/wp\/v2\/product\/131388\/revisions"}],"wp:featuredmedia":[{"embeddable":true,"href":"https:\/\/www.budream.com\/es\/wp-json\/wp\/v2\/media\/131364"}],"wp:attachment":[{"href":"https:\/\/www.budream.com\/es\/wp-json\/wp\/v2\/media?parent=131388"}],"wp:term":[{"taxonomy":"product_brand","embeddable":true,"href":"https:\/\/www.budream.com\/es\/wp-json\/wp\/v2\/product_brand?post=131388"},{"taxonomy":"product_cat","embeddable":true,"href":"https:\/\/www.budream.com\/es\/wp-json\/wp\/v2\/product_cat?post=131388"},{"taxonomy":"product_tag","embeddable":true,"href":"https:\/\/www.budream.com\/es\/wp-json\/wp\/v2\/product_tag?post=131388"}],"curies":[{"name":"wp","href":"https:\/\/api.w.org\/{rel}","templated":true}]}}