{"id":131488,"date":"2025-07-30T23:42:47","date_gmt":"2025-07-30T21:42:47","guid":{"rendered":"https:\/\/www.budream.com\/shop\/arizer-vaporizador-air-max\/"},"modified":"2026-01-19T11:36:01","modified_gmt":"2026-01-19T09:36:01","slug":"arizer-vaporizador-air-max","status":"publish","type":"product","link":"https:\/\/www.budream.com\/es\/shop\/arizer-vaporizador-air-max\/","title":{"rendered":"ARIZER &#8211; VAPORIZADOR AIR MAX"},"content":{"rendered":"<p>Arizer presenta el atomizador de hierbas secas Air MAX. Experimenta las \u00faltimas innovaciones en nuestra tecnolog\u00eda de difusor port\u00e1til polivalente.<\/p>\n<p>Con ajustes de sesi\u00f3n personalizados y mejorados, inversi\u00f3n autom\u00e1tica de pantalla, modo oscuro, nueva tecnolog\u00eda de calentamiento r\u00e1pido, carga r\u00e1pida USB-C y una bater\u00eda de iones de litio 26650 de alta capacidad. M\u00e1s de 16 a\u00f1os de experiencia en la industria incorporada en cada unidad.<\/p>\n<h2><span style=\"text-decoration: underline\">Descubre por qu\u00e9 el Arizer Air Max es mejor por dise\u00f1o:<\/span><\/h2>\n<h3>M\u00e1ximo control<\/h3>\n<p>Configura tu Air MAX como desees con ajustes de sesi\u00f3n personalizados; La libertad de elecci\u00f3n est\u00e1 al alcance de tu mano con controles f\u00e1ciles de usar y pantalla OLED ajustable. Los ajustes del modo normal y del modo oscuro se guardan por separado y est\u00e1n listos para usar cuando cambies de modo.<\/p>\n<h3>Bienvenido al modo oscuro<\/h3>\n<p>T\u00f3matelo con calma en la oscuridad. Cambia al modo oscuro, una pantalla con s\u00edmbolos de poca luz y ajustes de sesi\u00f3n personalizados condensados para un uso discreto.<\/p>\n<h3>M\u00e1xima potencia<\/h3>\n<p>El Air MAX est\u00e1 equipado con una bater\u00eda de iones de litio 26650 recargable e intercambiable de alta capacidad, que proporciona hasta 2 &frac14; horas de uso por carga, <strong>carga r\u00e1pida USB-C<\/strong> (hasta el 90% en dos horas), adem\u00e1s de la funcionalidad Usar mientras se carga. Toda la potencia que necesitas, cuando la necesitas.<\/p>\n<h3>M\u00e1ximo rendimiento<\/h3>\n<p>La avanzada tecnolog\u00eda cer\u00e1mica de calentamiento r\u00e1pido se calienta en menos de 60 segundos. Control preciso de la temperatura de 1 grado con un amplio rango (50&deg; &#8211; 220&deg; Celsius \/ 122&deg; &#8211; 428&deg; Fahrenheit).<\/p>\n<p>Accede a la temperatura \u00f3ptima para tus hierbas favoritas: para una experiencia suave y sabrosa prueba 180-200&deg; Celsius, o para una extracci\u00f3n m\u00e1s fuerte y r\u00e1pida prueba 200-220&deg; Celsius.<\/p>\n<h3>El original sistema de tubo de vidrio<\/h3>\n<p>Disfruta de un gran sabor c\u00f3modamente sobre la marcha. Los tubos de aroma de vidrio Arizer son f\u00e1ciles de usar y limpiar, hechos de vidrio de borosilicato puro y mundialmente famosos por ofrecer un sabor incre\u00edble de tus hierbas secas favoritas. Precarga dosis precisas de forma r\u00e1pida y sencilla y empaqueta tus tubos arom\u00e1ticos en tubos protectores de viaje de PVC.<\/p>\n<h3>Dale la vuelta al mundo<\/h3>\n<p>La pipa de aroma de vidrio esmerilado utiliza un conector macho universal de 14 mm de vidrio sobre vidrio para conectarse a tu cachimba favorita, lo que permite una r\u00e1pida extracci\u00f3n y\/o filtraci\u00f3n de agua. Cuando se invierte para conectar con tu vaso, la pantalla del Air MAX se invierte autom\u00e1ticamente para facilitar la visualizaci\u00f3n. Los reductores y expansores de cristal opcionales garantizan el tama\u00f1o adecuado para cualquier equipo.<\/p>\n<h3>Aromaterapia personal<\/h3>\n<p>Muchas plantas arom\u00e1ticas pueden vaporizarse para aromaterapia con resultados positivos. Al calentar sus hierbas y flores favoritas a temperaturas precisas, se liberan agradables aromas, terpenos y compuestos bot\u00e1nicos para promover\/mejorar ambientes energ\u00e9ticos o relajantes.<\/p>\n","protected":false},"excerpt":{"rendered":"<p>Arizer presenta el atomizador de hierbas secas Air MAX. Experimenta las \u00faltimas innovaciones en nuestra tecnolog\u00eda de difusor port\u00e1til polivalente.<\/p>\n","protected":false},"featured_media":131459,"comment_status":"open","ping_status":"closed","template":"","meta":[],"product_brand":[],"product_cat":[7908],"product_tag":[],"class_list":{"0":"post-131488","1":"product","2":"type-product","3":"status-publish","4":"has-post-thumbnail","6":"product_cat-vaporizadores","8":"first","9":"instock","10":"sale","11":"taxable","12":"shipping-taxable","13":"purchasable","14":"product-type-simple"},"aioseo_notices":[],"_links":{"self":[{"href":"https:\/\/www.budream.com\/es\/wp-json\/wp\/v2\/product\/131488","targetHints":{"allow":["GET"]}}],"collection":[{"href":"https:\/\/www.budream.com\/es\/wp-json\/wp\/v2\/product"}],"about":[{"href":"https:\/\/www.budream.com\/es\/wp-json\/wp\/v2\/types\/product"}],"replies":[{"embeddable":true,"href":"https:\/\/www.budream.com\/es\/wp-json\/wp\/v2\/comments?post=131488"}],"version-history":[{"count":0,"href":"https:\/\/www.budream.com\/es\/wp-json\/wp\/v2\/product\/131488\/revisions"}],"wp:featuredmedia":[{"embeddable":true,"href":"https:\/\/www.budream.com\/es\/wp-json\/wp\/v2\/media\/131459"}],"wp:attachment":[{"href":"https:\/\/www.budream.com\/es\/wp-json\/wp\/v2\/media?parent=131488"}],"wp:term":[{"taxonomy":"product_brand","embeddable":true,"href":"https:\/\/www.budream.com\/es\/wp-json\/wp\/v2\/product_brand?post=131488"},{"taxonomy":"product_cat","embeddable":true,"href":"https:\/\/www.budream.com\/es\/wp-json\/wp\/v2\/product_cat?post=131488"},{"taxonomy":"product_tag","embeddable":true,"href":"https:\/\/www.budream.com\/es\/wp-json\/wp\/v2\/product_tag?post=131488"}],"curies":[{"name":"wp","href":"https:\/\/api.w.org\/{rel}","templated":true}]}}