{"id":131513,"date":"2025-07-30T23:43:17","date_gmt":"2025-07-30T21:43:17","guid":{"rendered":"https:\/\/www.budream.com\/shop\/xvape-vaporizador-fog-pro\/"},"modified":"2026-03-12T15:46:14","modified_gmt":"2026-03-12T13:46:14","slug":"xvape-vaporizador-fog-pro","status":"publish","type":"product","link":"https:\/\/www.budream.com\/es\/shop\/xvape-vaporizador-fog-pro\/","title":{"rendered":"XVAPE &#8211; VAPORIZADOR FOG PRO"},"content":{"rendered":"<p>X-vape Fog Pro es el nuevo vaporizador de convecci\u00f3n de X-Vape para hierbas y concentrados; <br \/>La nueva versi\u00f3n presentada por X-Vape es una mejora del X-Vape Fog original: Adoptando la \u00faltima tecnolog\u00eda de calentamiento por convecci\u00f3n, a\u00f1adiendo una pantalla OLED con <strong>control preciso de<\/strong> la temperatura y <strong>retroalimentaci\u00f3n t\u00e1ctil<\/strong>, implementando la carga USB-C y una mayor capacidad de la bater\u00eda, FOG PRO ha mejorado enormemente en todos los aspectos y es absolutamente capaz de hacer un trabajo de primera clase de vapor suave y sabroso.<\/p>\n<h2><span style=\"text-decoration: underline\">X-Vape Fog Pro vaporizador de convecci\u00f3n de doble prop\u00f3sito: para hierbas y concentrados:<\/span><\/h2>\n<p>Un vaporizador para verdaderos entusiastas, el X-vape Fog Pro es un vaporizador de convecci\u00f3n 100% que cabe en la palma de su mano. El Fog Pro es la \u00fanica elecci\u00f3n para gustos exigentes. Desde la elegante carcasa de aluminio anodizado negro, a la boquilla de Zirconia <strong>de la m\u00e1s alta calidad<\/strong>, a la tecnolog\u00eda de convecci\u00f3n de \u00faltima generaci\u00f3n y la bater\u00eda extra\u00edble, cada parte del X-vape Fog Pro ha sido dise\u00f1ada para ser la m\u00e1xima representaci\u00f3n de la perfecci\u00f3n en el vapeo port\u00e1til.<\/p>\n<h3>Vaporizador de convecci\u00f3n XVAPE Fog Pro<\/h3>\n<p>Cuando el sabor tiene que ser perfecto en todo momento y cuando quieres el vapor m\u00e1s suave, la \u00fanica opci\u00f3n es el vaporizador XVape Fog Pro de doble uso. Con una c\u00e1mara de convecci\u00f3n interna, control digital completo de la temperatura, tiempo de calentamiento instant\u00e1neo, una bater\u00eda extra\u00edble de liberaci\u00f3n r\u00e1pida y una parte superior con bisagras para facilitar el vapeo, el vaporizador Fog Pro ofrece una experiencia de primera clase.<\/p>\n<h2><span style=\"text-decoration: underline\">Especificaciones t\u00e9cnicas X-vape Fog Pro:<\/span><\/h2>\n<ul style=\"list-style-type: disc\">\n<li>Tecnolog\u00eda de convecci\u00f3n real;<\/li>\n<li>Control de temperatura totalmente digital;<\/li>\n<li>Boquilla de circonio de alta calidad;<\/li>\n<li>Cuerpo de aluminio anodizado duradero y elegante;<\/li>\n<li>Tapa magn\u00e9tica para un f\u00e1cil manejo;<\/li>\n<li>Tiempo de calentamiento inferior a 10 segundos;<\/li>\n<li>Rango de temperatura (100&deg;C &#8211; 220&deg;C)<\/li>\n<li>Bater\u00eda 18650 reemplazable con cargador USB-C;<\/li>\n<li>Incluye un recipiente para usar con concentrados;<\/li>\n<\/ul>\n<h2><span style=\"text-decoration: underline\">X-vape Fog Pro incluido en la caja:<\/span><\/h2>\n<ul style=\"list-style-type: disc\">\n<li>Vaporizador X-vape Fog Pro;<\/li>\n<li>Manual de usuario;<\/li>\n<li>Cable USB-C;<\/li>\n<li>Toallitas de limpieza;<\/li>\n<li>Juntas t\u00f3ricas de repuesto;<\/li>\n<li>Bastoncillos de algod\u00f3n;<\/li>\n<li>Cepillo;<\/li>\n<li>Contenedor de concentrado;<\/li>\n<\/ul>\n","protected":false},"excerpt":{"rendered":"<p>X-vape Fog Pro es el nuevo vaporizador de convecci\u00f3n de X-Vape para hierbas y concentrados; La nueva versi\u00f3n presentada por<\/p>\n","protected":false},"featured_media":131494,"comment_status":"open","ping_status":"closed","template":"","meta":[],"product_brand":[],"product_cat":[7908],"product_tag":[],"class_list":{"0":"post-131513","1":"product","2":"type-product","3":"status-publish","4":"has-post-thumbnail","6":"product_cat-vaporizadores","8":"first","9":"instock","10":"sale","11":"taxable","12":"shipping-taxable","13":"purchasable","14":"product-type-simple"},"_links":{"self":[{"href":"https:\/\/www.budream.com\/es\/wp-json\/wp\/v2\/product\/131513","targetHints":{"allow":["GET"]}}],"collection":[{"href":"https:\/\/www.budream.com\/es\/wp-json\/wp\/v2\/product"}],"about":[{"href":"https:\/\/www.budream.com\/es\/wp-json\/wp\/v2\/types\/product"}],"replies":[{"embeddable":true,"href":"https:\/\/www.budream.com\/es\/wp-json\/wp\/v2\/comments?post=131513"}],"version-history":[{"count":0,"href":"https:\/\/www.budream.com\/es\/wp-json\/wp\/v2\/product\/131513\/revisions"}],"wp:featuredmedia":[{"embeddable":true,"href":"https:\/\/www.budream.com\/es\/wp-json\/wp\/v2\/media\/131494"}],"wp:attachment":[{"href":"https:\/\/www.budream.com\/es\/wp-json\/wp\/v2\/media?parent=131513"}],"wp:term":[{"taxonomy":"product_brand","embeddable":true,"href":"https:\/\/www.budream.com\/es\/wp-json\/wp\/v2\/product_brand?post=131513"},{"taxonomy":"product_cat","embeddable":true,"href":"https:\/\/www.budream.com\/es\/wp-json\/wp\/v2\/product_cat?post=131513"},{"taxonomy":"product_tag","embeddable":true,"href":"https:\/\/www.budream.com\/es\/wp-json\/wp\/v2\/product_tag?post=131513"}],"curies":[{"name":"wp","href":"https:\/\/api.w.org\/{rel}","templated":true}]}}