{"id":131523,"date":"2025-07-30T23:43:46","date_gmt":"2025-07-30T21:43:46","guid":{"rendered":"https:\/\/www.budream.com\/shop\/sensi-seeds-bank-banana-kush-cake-auto-fem-3-semillas\/"},"modified":"2026-03-24T11:58:34","modified_gmt":"2026-03-24T09:58:34","slug":"sensi-seeds-bank-banana-kush-cake-auto-fem-3-semillas","status":"publish","type":"product","link":"https:\/\/www.budream.com\/es\/shop\/sensi-seeds-bank-banana-kush-cake-auto-fem-3-semillas\/","title":{"rendered":"SENSI SEEDS BANK &#8211; BANANA KUSH CAKE AUTO FEM | 3 SEMILLAS"},"content":{"rendered":"<p><span style=\"font-size: 12.222222328186px\"><span style=\"font-size: 11pt\">Banana Kush Cake Autofloreciente es 75% indica y 25% sativa. Desarrollada como parte del proyecto Sensi Seeds Research 2021, el fondo gen\u00e9tico de esta nueva variedad incluye Wedding Cheesecake, Banana Kush e Hindu Kush Autoflowering.<br \/><\/span><br \/><\/span><\/p>\n<h2><strong>Caracter\u00edsticas Banana Kush Cake Auto Fem:<\/strong><\/h2>\n<ul style=\"list-style-type: disc\">\n<li><strong>G\u00e9nero:<\/strong> Autofloreciente Feminizada<\/li>\n<li><strong>Genotipo<\/strong>: H\u00edbrido 75% Indica 25% Sativa<\/li>\n<li><strong>Gen\u00e9tica: <\/strong>Wedding Cheesecake x Banana Kush x Hindu Kush Auto<\/li>\n<li><strong>D\u00edas:<\/strong> 60 d\u00edas<\/li>\n<\/ul>\n<p><span style=\"font-size: 12.222222328186px\"><br \/><span style=\"font-size: 11pt\"><em><strong>ADVERTENCIA:<\/strong> Las semillas de c\u00e1\u00f1amo est\u00e1n excluidas de la noci\u00f3n legal de Cannabis, lo que significa que no deben considerarse una sustancia estupefaciente (L. 412 de 1974, art. 1, p\u00e1rrafo 1, lett. B; Convenci\u00f3n \u00danica sobre Estupefacientes de Nueva York de 1961 y tabla II del Decreto Ministerial 27\/7\/1992). En Italia, el cultivo del c\u00e1\u00f1amo est\u00e1 prohibido (art\u00edculos 28 y 73 del Decreto Presidencial 309\/90) a menos que se obtenga una autorizaci\u00f3n especial (art\u00edculo 17 del Decreto Presidencial 309\/90). A falta de autorizaci\u00f3n, las semillas s\u00f3lo pueden utilizarse para otros fines (zoot\u00e9cnicos, recolecci\u00f3n, etc.). Las semillas se venden con la reserva de que no ser\u00e1n utilizadas por terceros en conflicto con la ley.<\/em><\/span><\/span><\/p>\n","protected":false},"excerpt":{"rendered":"<p>Banana Kush Cake Autofloreciente es 75% indica y 25% sativa. Desarrollada como parte del proyecto Sensi Seeds Research 2021, el<\/p>\n","protected":false},"featured_media":196957,"comment_status":"open","ping_status":"closed","template":"","meta":[],"product_brand":[],"product_cat":[7953],"product_tag":[],"class_list":{"0":"post-131523","1":"product","2":"type-product","3":"status-publish","4":"has-post-thumbnail","6":"product_cat-seedshop-es","8":"first","9":"instock","10":"sale","11":"taxable","12":"shipping-taxable","13":"purchasable","14":"product-type-simple"},"_links":{"self":[{"href":"https:\/\/www.budream.com\/es\/wp-json\/wp\/v2\/product\/131523","targetHints":{"allow":["GET"]}}],"collection":[{"href":"https:\/\/www.budream.com\/es\/wp-json\/wp\/v2\/product"}],"about":[{"href":"https:\/\/www.budream.com\/es\/wp-json\/wp\/v2\/types\/product"}],"replies":[{"embeddable":true,"href":"https:\/\/www.budream.com\/es\/wp-json\/wp\/v2\/comments?post=131523"}],"version-history":[{"count":0,"href":"https:\/\/www.budream.com\/es\/wp-json\/wp\/v2\/product\/131523\/revisions"}],"wp:featuredmedia":[{"embeddable":true,"href":"https:\/\/www.budream.com\/es\/wp-json\/wp\/v2\/media\/196957"}],"wp:attachment":[{"href":"https:\/\/www.budream.com\/es\/wp-json\/wp\/v2\/media?parent=131523"}],"wp:term":[{"taxonomy":"product_brand","embeddable":true,"href":"https:\/\/www.budream.com\/es\/wp-json\/wp\/v2\/product_brand?post=131523"},{"taxonomy":"product_cat","embeddable":true,"href":"https:\/\/www.budream.com\/es\/wp-json\/wp\/v2\/product_cat?post=131523"},{"taxonomy":"product_tag","embeddable":true,"href":"https:\/\/www.budream.com\/es\/wp-json\/wp\/v2\/product_tag?post=131523"}],"curies":[{"name":"wp","href":"https:\/\/api.w.org\/{rel}","templated":true}]}}