{"id":131543,"date":"2025-07-30T23:45:33","date_gmt":"2025-07-30T21:45:33","guid":{"rendered":"https:\/\/www.budream.com\/shop\/xvape-xmax-v3-pro-set-capsulas-dosificadoras-con-contenedor-5-uds\/"},"modified":"2025-12-23T21:52:57","modified_gmt":"2025-12-23T19:52:57","slug":"xvape-xmax-v3-pro-set-capsulas-dosificadoras-con-contenedor-5-uds","status":"publish","type":"product","link":"https:\/\/www.budream.com\/es\/shop\/xvape-xmax-v3-pro-set-capsulas-dosificadoras-con-contenedor-5-uds\/","title":{"rendered":"XVAPE &#8211; XMAX V3 PRO | SET CAPSULAS DOSIFICADORAS CON CONTENEDOR | 5 UDS"},"content":{"rendered":"<p>Haga que su dosificaci\u00f3n de hierbas sea m\u00e1s precisa con las nuevas c\u00e1psulas dosificadoras de acero para XVAPE XMAX V3 PRO.<br \/>Gracias a estas c\u00e1psulas podr\u00e1s preconfeccionar tus sesiones de vapeo, tener una dosificaci\u00f3n m\u00e1s precisa y vapear c\u00f3modamente \u00a1donde quieras!<br \/>Adem\u00e1s, podr\u00e1s llevar tus c\u00e1psulas contigo a todas partes gracias a la pr\u00e1ctica bolsa met\u00e1lica de bolsillo incluida en este kit.<\/p>\n<h2><span style=\"text-decoration: underline\">XVAPE &#8211; XMAX V3 PRO | Juego de c\u00e1psulas dosificadoras:<\/span><\/h2>\n<ul style=\"list-style-type: disc\">\n<li>C\u00e1psulas dosificadoras de acero;<\/li>\n<li>tapa roscada;<\/li>\n<li>5 piezas;<\/li>\n<li>caja met\u00e1lica con tapa herm\u00e9tica;<\/li>\n<\/ul>\n","protected":false},"excerpt":{"rendered":"<p>Haga que su dosificaci\u00f3n de hierbas sea m\u00e1s precisa con las nuevas c\u00e1psulas dosificadoras de acero para XVAPE XMAX V3<\/p>\n","protected":false},"featured_media":131534,"comment_status":"open","ping_status":"closed","template":"","meta":[],"product_brand":[],"product_cat":[7908],"product_tag":[],"class_list":{"0":"post-131543","1":"product","2":"type-product","3":"status-publish","4":"has-post-thumbnail","6":"product_cat-vaporizadores","8":"first","9":"instock","10":"sale","11":"taxable","12":"shipping-taxable","13":"purchasable","14":"product-type-simple"},"_links":{"self":[{"href":"https:\/\/www.budream.com\/es\/wp-json\/wp\/v2\/product\/131543","targetHints":{"allow":["GET"]}}],"collection":[{"href":"https:\/\/www.budream.com\/es\/wp-json\/wp\/v2\/product"}],"about":[{"href":"https:\/\/www.budream.com\/es\/wp-json\/wp\/v2\/types\/product"}],"replies":[{"embeddable":true,"href":"https:\/\/www.budream.com\/es\/wp-json\/wp\/v2\/comments?post=131543"}],"version-history":[{"count":0,"href":"https:\/\/www.budream.com\/es\/wp-json\/wp\/v2\/product\/131543\/revisions"}],"wp:featuredmedia":[{"embeddable":true,"href":"https:\/\/www.budream.com\/es\/wp-json\/wp\/v2\/media\/131534"}],"wp:attachment":[{"href":"https:\/\/www.budream.com\/es\/wp-json\/wp\/v2\/media?parent=131543"}],"wp:term":[{"taxonomy":"product_brand","embeddable":true,"href":"https:\/\/www.budream.com\/es\/wp-json\/wp\/v2\/product_brand?post=131543"},{"taxonomy":"product_cat","embeddable":true,"href":"https:\/\/www.budream.com\/es\/wp-json\/wp\/v2\/product_cat?post=131543"},{"taxonomy":"product_tag","embeddable":true,"href":"https:\/\/www.budream.com\/es\/wp-json\/wp\/v2\/product_tag?post=131543"}],"curies":[{"name":"wp","href":"https:\/\/api.w.org\/{rel}","templated":true}]}}