{"id":131553,"date":"2025-07-30T23:46:02","date_gmt":"2025-07-30T21:46:02","guid":{"rendered":"https:\/\/www.budream.com\/shop\/rewell-crema-facial-hidratante-con-cbd-50ml-250mg-cbd\/"},"modified":"2025-12-23T00:11:23","modified_gmt":"2025-12-22T22:11:23","slug":"rewell-crema-facial-hidratante-con-cbd-50ml-250mg-cbd","status":"publish","type":"product","link":"https:\/\/www.budream.com\/es\/shop\/rewell-crema-facial-hidratante-con-cbd-50ml-250mg-cbd\/","title":{"rendered":"REWELL &#8211; CREMA FACIAL HIDRATANTE CON CBD | 50ml 250mg CBD"},"content":{"rendered":"<p>Empieza bien el d\u00eda y consigue una piel m\u00e1s luminosa cuando te apliques nuestra crema hidratante facial, una piel hidratada que parece m\u00e1s sana y joven. Gracias a su complejo de aceites vegetales naturales, nutre la piel con todas las sustancias lip\u00eddicas seb\u00e1ceas y cerosas que necesita.<br \/>A medida que pasa el tiempo, nuestra piel comienza a reflejar los da\u00f1os causados por el paso del tiempo, la contaminaci\u00f3n por exceso de limpieza o situaciones de alta sequedad, el CBD ayuda a fortificar la barrera cut\u00e1nea, esencial para calmar la inflamaci\u00f3n y reducir la aparici\u00f3n de cicatrices, arrugas y l\u00edneas de expresi\u00f3n.<\/p>\n<h2><span style=\"text-decoration: underline\">Propiedades de las cremas faciales hidratantes con CBD:<\/span><\/h2>\n<p>Las cremas a base de CBD y Aceite de C\u00e1\u00f1amo, tienen un alto contenido en Omega 3 y 6, que estimulan los procesos curativos de la piel y aumentan sus defensas naturales.<\/p>\n<p><strong>Envases de vidrio y pl\u00e1stico reciclables.<\/strong><br \/><strong>Libre de siliconas, parabenos, colorantes y petrolati.<\/strong><\/p>\n<h2><span style=\"text-decoration: underline\">Modo de empleo Crema facial hidratante CBD:<\/span><\/h2>\n<p>Puede utilizarse en la cara, el cuello y la parte superior del pecho. Para maximizar los resultados, lave la superficie de la piel antes de su aplicaci\u00f3n. Aplicada a diario, ofrece la protecci\u00f3n que tu piel necesita cada d\u00eda.<\/p>\n<p><strong>Ingredientes:<\/strong><br \/>AQUA, AGUA DE HOJA DE ORIGANUM MAJORANA, DICAPRILIL \u00c9TER, ALCOHOL CETEAR\u00cdLICO, POLIGLICERIL-3-ARRICO BRANATO, UREA, ZUMO DE HOJA DE ALOE BARBADENSIS, ESTEARATO DE GLICERILO SE, PCA S\u00d3DICO, ACEITE DE SEMILLA DE CANNABISSATIVA, LIMONENO, ACEITE DE C\u00c1SCARA DE CITRUS SINENSIS EXPRIMIDO, \u00c1CIDO LEVUL\u00cdNICO, TOCOFERILACETATO, GLICERINA, CANNABIDIOL, BENZOATO DE SODIO, ALANTO\u00cdNA, PARFUM, ARCTIUM LAPPA ROOTEXTRACT, ACEITE DE SEMILLA DE ARGANIA SPINOSA, ACEITE DE SEMILLA DE CRAMBE ABYSSINICA, \u00c1CIDO L\u00c1CTICO, ACEITE DE OLEA EUROPAEAFRUIT, LECITINA, DIACETATO DE GLUTAMATO TETRAS\u00d3DICO, LINALOL, TOCOFEROL, PROTE\u00cdNA DE TRIGO HIDROLIZADA, PALMITATO DE ASCORBILO, GERANIOL, CITRONELOL, CITRAL, \u00c1CIDO C\u00cdTRICO, EUGENOL.<\/p>\n<p><strong>Advertencias<\/strong>:<br \/>PRODUCTO COSM\u00c9TICO.<br \/>Uso externo. Evitar el contacto con los ojos. Mantener fuera del alcance de los ni\u00f1os.<\/p>\n","protected":false},"excerpt":{"rendered":"<p>Empieza bien el d\u00eda y consigue una piel m\u00e1s luminosa cuando te apliques nuestra crema hidratante facial, una piel hidratada<\/p>\n","protected":false},"featured_media":131549,"comment_status":"open","ping_status":"closed","template":"","meta":[],"product_brand":[],"product_cat":[7914],"product_tag":[],"class_list":{"0":"post-131553","1":"product","2":"type-product","3":"status-publish","4":"has-post-thumbnail","6":"product_cat-cosmeticos","8":"first","9":"instock","10":"taxable","11":"shipping-taxable","12":"purchasable","13":"product-type-simple"},"_links":{"self":[{"href":"https:\/\/www.budream.com\/es\/wp-json\/wp\/v2\/product\/131553","targetHints":{"allow":["GET"]}}],"collection":[{"href":"https:\/\/www.budream.com\/es\/wp-json\/wp\/v2\/product"}],"about":[{"href":"https:\/\/www.budream.com\/es\/wp-json\/wp\/v2\/types\/product"}],"replies":[{"embeddable":true,"href":"https:\/\/www.budream.com\/es\/wp-json\/wp\/v2\/comments?post=131553"}],"version-history":[{"count":0,"href":"https:\/\/www.budream.com\/es\/wp-json\/wp\/v2\/product\/131553\/revisions"}],"wp:featuredmedia":[{"embeddable":true,"href":"https:\/\/www.budream.com\/es\/wp-json\/wp\/v2\/media\/131549"}],"wp:attachment":[{"href":"https:\/\/www.budream.com\/es\/wp-json\/wp\/v2\/media?parent=131553"}],"wp:term":[{"taxonomy":"product_brand","embeddable":true,"href":"https:\/\/www.budream.com\/es\/wp-json\/wp\/v2\/product_brand?post=131553"},{"taxonomy":"product_cat","embeddable":true,"href":"https:\/\/www.budream.com\/es\/wp-json\/wp\/v2\/product_cat?post=131553"},{"taxonomy":"product_tag","embeddable":true,"href":"https:\/\/www.budream.com\/es\/wp-json\/wp\/v2\/product_tag?post=131553"}],"curies":[{"name":"wp","href":"https:\/\/api.w.org\/{rel}","templated":true}]}}