{"id":131658,"date":"2025-07-30T23:54:16","date_gmt":"2025-07-30T21:54:16","guid":{"rendered":"https:\/\/www.budream.com\/shop\/enecta-cbday-classic-cbd-oil-10-10ml-1000mg\/"},"modified":"2026-04-30T12:58:06","modified_gmt":"2026-04-30T10:58:06","slug":"enecta-cbday-classic-cbd-oil-10-10ml-1000mg","status":"publish","type":"product","link":"https:\/\/www.budream.com\/es\/shop\/enecta-cbday-classic-cbd-oil-10-10ml-1000mg\/","title":{"rendered":"ENECTA &#8211; CBDAY CLASSIC CBD OIL 10% | 10ml 1000mg"},"content":{"rendered":"<p>Enecta Farm presenta un nuevo aceite de CBD de vanguardia, producido a partir de Enectaliana, la variedad insignia de la marca italiana.<br \/>Los investigadores de Enecta desarrollaron un innovador m\u00e9todo de extracci\u00f3n en un solo paso, que dio como resultado un aceite de verdadero <strong>\u00abespectro completo\u00bb<\/strong>:<br \/>Esto significa que los componentes m\u00e1s importantes de la planta de cannabis, junto con los terpenos y los cannabinoides menores, se conservan y son capaces de enriquecer CBDay Plus, convirti\u00e9ndolo en el aceite m\u00e1s \u00abcompleto\u00bb del mercado.<br \/>CBDay Plus es el resultado de 5 a\u00f1os de investigaci\u00f3n y pruebas.<\/p>\n<p>Es un cosm\u00e9tico con registro CPNP 3952410<\/p>\n<h2><span style=\"text-decoration: underline\">Enecta CBDay cl\u00e1sico a base de Enectaliana:<\/span><\/h2>\n<p>CBDay Plus est\u00e1 elaborado con Enectaliana, la variedad superior creada por Enecta, cultivada al aire libre bajo el sol italiano, nutrida por agua de manantial y aire puro.<br \/>Este es el secreto de Enectaliana: <strong>nada de productos qu\u00edmicos<\/strong>, s\u00f3lo bondad natural.<\/p>\n<p>Enectaliana es la primera <strong>variedad certificada por la UE<\/strong> hecha a medida para el mercado extractivo, creada y registrada por los cultivadores de Enecta Farm; la primera de su clase que garantiza un alto contenido en CBD y una rentabilidad excepcional.<\/p>\n<p>Esto permite a Enecta ofrecer precios justos por un producto que est\u00e1 muy por encima de cualquier supuesto \u00abfull spectrum\u00bb del mercado.<br \/>Un verdadero full spectrum<strong> rico en fitocannabinoides y terpenos<\/strong> que han sido cuidadosamente seleccionados por los investigadores de Enecta: CBD, CBG, CBC y CBN, pero tambi\u00e9n terpenos como beta-cariofileno, nerolidol, alfa-humuleno y bisabolol.<br \/>Un innovador m\u00e9todo de extracci\u00f3n filtra las sustancias m\u00e1s indeseables, como ceras y clorofilas, preservando mejor los terpenos y cannabinoides.<\/p>\n<p>Adem\u00e1s, pruebas de laboratorio realizadas por terceros garantizan que los niveles de THC est\u00e1n por debajo del umbral legal y que no hay metales pesados, pesticidas ni otros contaminantes microbiol\u00f3gicos en nuestro producto.<br \/>Enectaliana se cultiva en campos cuidadosamente seleccionados, sin pesticidas, en total conformidad con las directrices de la GACP, garantizando los m\u00e1ximos est\u00e1ndares de seguridad y calidad.<\/p>\n","protected":false},"excerpt":{"rendered":"<p>Enecta Farm presenta un nuevo aceite de CBD de vanguardia, producido a partir de Enectaliana, la variedad insignia de la<\/p>\n","protected":false},"featured_media":250636,"comment_status":"open","ping_status":"closed","template":"","meta":[],"product_brand":[],"product_cat":[7914],"product_tag":[],"class_list":{"0":"post-131658","1":"product","2":"type-product","3":"status-publish","4":"has-post-thumbnail","6":"product_cat-cosmeticos","8":"first","9":"outofstock","10":"taxable","11":"shipping-taxable","12":"purchasable","13":"product-type-simple"},"_links":{"self":[{"href":"https:\/\/www.budream.com\/es\/wp-json\/wp\/v2\/product\/131658","targetHints":{"allow":["GET"]}}],"collection":[{"href":"https:\/\/www.budream.com\/es\/wp-json\/wp\/v2\/product"}],"about":[{"href":"https:\/\/www.budream.com\/es\/wp-json\/wp\/v2\/types\/product"}],"replies":[{"embeddable":true,"href":"https:\/\/www.budream.com\/es\/wp-json\/wp\/v2\/comments?post=131658"}],"version-history":[{"count":1,"href":"https:\/\/www.budream.com\/es\/wp-json\/wp\/v2\/product\/131658\/revisions"}],"predecessor-version":[{"id":266377,"href":"https:\/\/www.budream.com\/es\/wp-json\/wp\/v2\/product\/131658\/revisions\/266377"}],"wp:featuredmedia":[{"embeddable":true,"href":"https:\/\/www.budream.com\/es\/wp-json\/wp\/v2\/media\/250636"}],"wp:attachment":[{"href":"https:\/\/www.budream.com\/es\/wp-json\/wp\/v2\/media?parent=131658"}],"wp:term":[{"taxonomy":"product_brand","embeddable":true,"href":"https:\/\/www.budream.com\/es\/wp-json\/wp\/v2\/product_brand?post=131658"},{"taxonomy":"product_cat","embeddable":true,"href":"https:\/\/www.budream.com\/es\/wp-json\/wp\/v2\/product_cat?post=131658"},{"taxonomy":"product_tag","embeddable":true,"href":"https:\/\/www.budream.com\/es\/wp-json\/wp\/v2\/product_tag?post=131658"}],"curies":[{"name":"wp","href":"https:\/\/api.w.org\/{rel}","templated":true}]}}