{"id":131693,"date":"2025-07-30T23:55:39","date_gmt":"2025-07-30T21:55:39","guid":{"rendered":"https:\/\/www.budream.com\/shop\/addipure-dme-gases-dimeticos-500ml\/"},"modified":"2026-03-27T12:05:54","modified_gmt":"2026-03-27T10:05:54","slug":"addipure-dme-gases-dimeticos-500ml","status":"publish","type":"product","link":"https:\/\/www.budream.com\/es\/shop\/addipure-dme-gases-dimeticos-500ml\/","title":{"rendered":"ADDIPURE &#8211; DME GASES DIM\u00c9TICOS | 500ml"},"content":{"rendered":"<p>El \u00e9ter dimet\u00edlico (DME) es un gas utilizado como agente de extracci\u00f3n en la fabricaci\u00f3n de productos alimenticios, farmac\u00e9uticos, medicinales, cosm\u00e9ticos y de cuidado corporal.<\/p>\n<p>ADDIPURE DME es perfectamente adecuado para la extracci\u00f3n de hojas, flores, hierbas, restos de poda y procesamiento. <br \/>El \u00e9ter dimet\u00edlico (DME) de ADDIPURE es un agente extractor org\u00e1nico puro producido ecol\u00f3gicamente en la Uni\u00f3n Europea, con una <strong>pureza del 99,99%<\/strong>, confirmada y certificada regularmente por laboratorios suizos independientes.<\/p>\n<p>El DME de ADDIPURE es de calidad alimentaria, extremadamente puro e inodoro.<\/p>\n<p><strong>El DME de ADDIPURE no puede utilizarse con extractores\/partes de material pl\u00e1stico.<\/strong> El \u00e9ter dimet\u00edlico puede degradar estos materiales (micropl\u00e1sticos).<\/p>\n<p>Para extractores de pl\u00e1stico\/con piezas de pl\u00e1stico recomendamos<a href=\"https:\/\/www.indoorline.com\/addipure-n-butano-500ml.html\">ADDIPURE n-Butano<\/a>.<\/p>\n<h2><strong><span style=\"text-decoration: underline\">Diferencia entre D.M.E y N-Butano:<\/span><\/strong><\/h2>\n<p>En comparaci\u00f3n con el n-butano, el DME permite extraer un <strong>espectro m\u00e1s amplio<\/strong> de elementos, que incluye flavonoides y terpenos. <br \/>Esto hace que el DME de ADDIPURE sea muy interesante para su uso y extracci\u00f3n con fines medicinales: El amplio espectro de extracci\u00f3n del Dimetil \u00c9ter permite un mayor rendimiento que el N-Butano, ofreciendo un producto m\u00e1s completo y de \u00abespectro completo\u00bb.<\/p>\n<p>Dependiendo de la cantidad de material colocado en el extractor, s\u00f3lo se necesitar\u00e1 una lata de ADDIPURE DME: gracias a la lata de 500 ml, se pueden reducir los residuos en comparaci\u00f3n con latas de menor contenido.<\/p>\n<h2><strong><span style=\"text-decoration: underline\">Caracter\u00edsticas del DME Addipure:<\/span><\/strong><\/h2>\n<ul style=\"list-style-type: disc\">\n<li>Pureza superior al 99%;<\/li>\n<li>Mayor calidad del gas que los competidores (Dexso);<\/li>\n<li>Mayor rendimiento de extracci\u00f3n en comparaci\u00f3n con el N-Butano;<\/li>\n<li>Lata de 500 ml;<\/li>\n<li>No puede utilizarse con extractores de pl\u00e1stico o componentes de pl\u00e1stico;<\/li>\n<\/ul>\n<p><strong>El DME es un gas altamente inflamable. <\/strong><br \/><strong>No utilizar en interiores, utilizar s\u00f3lo en exteriores. <\/strong><br \/><strong>Mantener alejado del fuego y de otras fuentes inflamables. <\/strong><br \/><strong>Tenga en cuenta la ficha de datos de seguridad de ADDIPURE DME.<\/strong><\/p>\n","protected":false},"excerpt":{"rendered":"<p>El \u00e9ter dimet\u00edlico (DME) es un gas utilizado como agente de extracci\u00f3n en la fabricaci\u00f3n de productos alimenticios, farmac\u00e9uticos, medicinales,<\/p>\n","protected":false},"featured_media":131674,"comment_status":"open","ping_status":"closed","template":"","meta":[],"product_brand":[],"product_cat":[7948],"product_tag":[],"class_list":{"0":"post-131693","1":"product","2":"type-product","3":"status-publish","4":"has-post-thumbnail","6":"product_cat-headshop-es","8":"first","9":"instock","10":"taxable","11":"shipping-taxable","12":"purchasable","13":"product-type-simple"},"_links":{"self":[{"href":"https:\/\/www.budream.com\/es\/wp-json\/wp\/v2\/product\/131693","targetHints":{"allow":["GET"]}}],"collection":[{"href":"https:\/\/www.budream.com\/es\/wp-json\/wp\/v2\/product"}],"about":[{"href":"https:\/\/www.budream.com\/es\/wp-json\/wp\/v2\/types\/product"}],"replies":[{"embeddable":true,"href":"https:\/\/www.budream.com\/es\/wp-json\/wp\/v2\/comments?post=131693"}],"version-history":[{"count":0,"href":"https:\/\/www.budream.com\/es\/wp-json\/wp\/v2\/product\/131693\/revisions"}],"wp:featuredmedia":[{"embeddable":true,"href":"https:\/\/www.budream.com\/es\/wp-json\/wp\/v2\/media\/131674"}],"wp:attachment":[{"href":"https:\/\/www.budream.com\/es\/wp-json\/wp\/v2\/media?parent=131693"}],"wp:term":[{"taxonomy":"product_brand","embeddable":true,"href":"https:\/\/www.budream.com\/es\/wp-json\/wp\/v2\/product_brand?post=131693"},{"taxonomy":"product_cat","embeddable":true,"href":"https:\/\/www.budream.com\/es\/wp-json\/wp\/v2\/product_cat?post=131693"},{"taxonomy":"product_tag","embeddable":true,"href":"https:\/\/www.budream.com\/es\/wp-json\/wp\/v2\/product_tag?post=131693"}],"curies":[{"name":"wp","href":"https:\/\/api.w.org\/{rel}","templated":true}]}}