{"id":131738,"date":"2025-07-30T23:58:30","date_gmt":"2025-07-30T21:58:30","guid":{"rendered":"https:\/\/www.budream.com\/shop\/kenex-balanza-digital-colofonia-ros-200-max-200-gramos-paso-001g-con-tapete-de-silicona\/"},"modified":"2026-03-11T19:52:15","modified_gmt":"2026-03-11T17:52:15","slug":"kenex-balanza-digital-colofonia-ros-200-max-200-gramos-paso-001g-con-tapete-de-silicona","status":"publish","type":"product","link":"https:\/\/www.budream.com\/es\/shop\/kenex-balanza-digital-colofonia-ros-200-max-200-gramos-paso-001g-con-tapete-de-silicona\/","title":{"rendered":"KENEX &#8211; BALANZA DIGITAL COLOFONIA ROS-200 | MAX 200 GRAMOS PASO 0,01G CON TAPETE DE SILICONA"},"content":{"rendered":"<p>La b\u00e1scula digital Rosin incluye una fant\u00e1stica alfombrilla de silicona alimentaria plegable, \u00fatil para pesar sus productos \u00abpegajosos\u00bb como los extractos de colofonia y el BHO.<br \/>Esta sencilla caracter\u00edstica ha convertido el pesaje de estos extractos en un juego de ni\u00f1os. El tapete se lava f\u00e1cilmente y tambi\u00e9n se puede utilizar para verter el extracto en un recipiente.<\/p>\n<h2><span style=\"text-decoration: underline\">Caracter\u00edsticas Kenex Rosin balanza digital:<\/span><\/h2>\n<ul style=\"list-style-type: disc\">\n<li>Balanza digital;<\/li>\n<li>Rango de medici\u00f3n: m\u00e1x. 200g;<\/li>\n<li>Precisi\u00f3n de paso: 0,01g;<\/li>\n<li>Alfombrilla de silicona plegable para medir;<\/li>\n<li>Bandeja de pesaje de acero inoxidable;<\/li>\n<li>Protecci\u00f3n contra sobrecarga;<\/li>\n<li>Disponible en colores surtidos: verde, rojo y negro;<\/li>\n<li>7 modos de pesaje: g\/oz\/ozt\/tl\/ct\/gn\/dwt;<\/li>\n<\/ul>\n","protected":false},"excerpt":{"rendered":"<p>La b\u00e1scula digital Rosin incluye una fant\u00e1stica alfombrilla de silicona alimentaria plegable, \u00fatil para pesar sus productos \u00abpegajosos\u00bb como los<\/p>\n","protected":false},"featured_media":131714,"comment_status":"open","ping_status":"closed","template":"","meta":[],"product_brand":[],"product_cat":[7948],"product_tag":[],"class_list":{"0":"post-131738","1":"product","2":"type-product","3":"status-publish","4":"has-post-thumbnail","6":"product_cat-headshop-es","8":"first","9":"instock","10":"taxable","11":"shipping-taxable","12":"purchasable","13":"product-type-simple"},"_links":{"self":[{"href":"https:\/\/www.budream.com\/es\/wp-json\/wp\/v2\/product\/131738","targetHints":{"allow":["GET"]}}],"collection":[{"href":"https:\/\/www.budream.com\/es\/wp-json\/wp\/v2\/product"}],"about":[{"href":"https:\/\/www.budream.com\/es\/wp-json\/wp\/v2\/types\/product"}],"replies":[{"embeddable":true,"href":"https:\/\/www.budream.com\/es\/wp-json\/wp\/v2\/comments?post=131738"}],"version-history":[{"count":0,"href":"https:\/\/www.budream.com\/es\/wp-json\/wp\/v2\/product\/131738\/revisions"}],"wp:featuredmedia":[{"embeddable":true,"href":"https:\/\/www.budream.com\/es\/wp-json\/wp\/v2\/media\/131714"}],"wp:attachment":[{"href":"https:\/\/www.budream.com\/es\/wp-json\/wp\/v2\/media?parent=131738"}],"wp:term":[{"taxonomy":"product_brand","embeddable":true,"href":"https:\/\/www.budream.com\/es\/wp-json\/wp\/v2\/product_brand?post=131738"},{"taxonomy":"product_cat","embeddable":true,"href":"https:\/\/www.budream.com\/es\/wp-json\/wp\/v2\/product_cat?post=131738"},{"taxonomy":"product_tag","embeddable":true,"href":"https:\/\/www.budream.com\/es\/wp-json\/wp\/v2\/product_tag?post=131738"}],"curies":[{"name":"wp","href":"https:\/\/api.w.org\/{rel}","templated":true}]}}