{"id":131883,"date":"2025-07-31T00:06:20","date_gmt":"2025-07-30T22:06:20","guid":{"rendered":"https:\/\/www.budream.com\/shop\/ortoled-quantum-full-cycle-60w-2-7-60w-samsung\/"},"modified":"2026-03-11T12:52:26","modified_gmt":"2026-03-11T10:52:26","slug":"ortoled-quantum-full-cycle-60w-2-7-60w-samsung","status":"publish","type":"product","link":"https:\/\/www.budream.com\/es\/shop\/ortoled-quantum-full-cycle-60w-2-7-60w-samsung\/","title":{"rendered":"ORTOLED &#8211; QUANTUM FULL CYCLE 60W 2.7 | 60W SAMSUNG"},"content":{"rendered":"<div style=\"text-align: left\">ORTOLED incorpora a su cat\u00e1logo la nueva serie de l\u00e1mparas <strong>Ortoled Full Cycle 60W Samsung <\/strong>, perfectas para zonas de cultivo restringidas y superficies cuadradas.<strong><br \/><\/strong><\/div>\n<p>La l\u00e1mpara Ortoled<strong>Full Cycle 60W Samsung<\/strong><strong> es <\/strong> una luminaria ligera y manejable que produce altos niveles de <strong>PPF (162<\/strong><strong> &micro;mol\/s<\/strong><strong>)<\/strong> y una eficacia fot\u00f3nica de 2,7&micro;mol\/J<strong>, <span style=\"color: #000000\">cubriendo perfectamente 0,25-0,60 metros cuadrados de superficie de cultivo o 0,81 por mantenimiento.<\/span><\/p>\n<p>El espectro de luz<\/strong> <strong>Ortoled de ciclo completo <\/strong>producido por la combinaci\u00f3n de LED <strong>Samsung lm201b x336pcs + 3w SMD3535 660nm x18pcs <\/strong>garantiza un rendimiento excelente y una penetraci\u00f3n \u00f3ptima de la luz sin sobrecalentar el \u00e1pice de las plantas.<\/p>\n<p>La serie <strong>Ortoled Full Cycle 60W<\/strong> de Samsung<strong> est\u00e1 <\/strong> fabricada con fuentes de alimentaci\u00f3n <strong>fijas Letron&reg;<\/strong> de la m\u00e1s alta calidad.<br \/>Los diodosSamsung<strong>lm201b + 3w SMD35 660nm <\/strong> est\u00e1n montados distribuidos uniformemente por todo el cuerpo de la l\u00e1mpara para garantizar una excelente distribuci\u00f3n y una perfecta disipaci\u00f3n del calor producido.<\/p>\n<p>El grado de protecci\u00f3n es IP65 con resina utratransparente que protege los diodos para mantener el flujo luminoso.<\/p>\n<p><strong>Espectro de ciclo completo<br \/><\/strong>La combinaci\u00f3n y coloraci\u00f3n de los LED instalados recoge todas las bandas que necesita la planta, garantizando un flujo \u00f3ptimo desde el crecimiento hasta la floraci\u00f3n para superficies reducidas.<\/p>\n<p style=\"padding: 10px;background: #ebebeb\"><strong>Samsung Full Cycle 60W LED Ortoled Distribuci\u00f3n<br \/><\/strong><br \/>&#8211; <strong>Samsung lm201b: 336 LED<\/strong><br \/>&#8211;<strong> 3W SMD 3535 660nm:<\/strong> 18 LEDs<\/p>\n<p>Cuadro de mandos <strong>con refrigeraci\u00f3n est\u00e1tica y sistema Sound zero<br \/><\/strong>El nuevo cuadro de mandos <strong>Sound zero<\/strong> dise\u00f1ado para la serie <strong>Ortoled Full Cycle<\/strong> 60W de Samsung<strong> proporciona <\/strong>una excelente disipaci\u00f3n del calor producido por los LED. Esto significa que la l\u00e1mpara no necesita un sistema de refrigeraci\u00f3n adicional. Por lo tanto, no hay ventiladores externos. Gracias al sistema <strong>Sound<\/strong> zero, el resultado es una l\u00e1mpara de alto rendimiento y extremadamente silenciosa.<\/p>\n<h2><span style=\"text-decoration: underline\"><span class=\"insidetitle\"><strong>Especificaciones t\u00e9cnicas Ortoled Quantum Board Full Cycle 60W Samsung:<\/strong><\/span><\/span><\/h2>\n<ul style=\"list-style-type: disc\">\n<li><strong>Eficacia:<\/strong><strong> 2,7 &micro;mol \/ J<\/strong><\/li>\n<li><strong><span class=\"insidetitle\">PPF:162<\/span> &micro;mol \/ s<\/strong><\/li>\n<li><span class=\"insidetitle\">Voltaje de entrada:<\/span> AC 100-277V\/50-60HZ<\/li>\n<li><span class=\"insidetitle\">Consumo:<\/span> 60 W<\/li>\n<li><span style=\"color: #000000\"><span class=\"insidetitle\">\u00c1rea iluminable:<\/span> <strong>0,25-0,6 m2<\/strong><\/span><\/li>\n<li>Distancia a las plantas: m\u00edn.30 m\u00e1x.60 cm<\/li>\n<li><span class=\"insidetitle\">Vida \u00fatil:<\/span> 60.000 horas<\/li>\n<li><span class=\"insidetitle\">Distribuci\u00f3n de la luz:<\/span> 120<\/li>\n<li><span class=\"insidetitle\">Fuente de luz:<\/span> <strong><strong>diodos <\/strong>Samsung lm201b x336pcs + 3w SMD3535 660nm x18pcs<\/strong><\/li>\n<li><span class=\"insidetitle\">Peso:<\/span> 1,5 Kg<\/li>\n<li><span class=\"insidetitle\">Dimensiones:<\/span> 300x300x61 mm<\/li>\n<li><span class=\"insidetitle\">Espectro:<\/span> Ciclo completo<\/li>\n<\/ul>\n<p><strong>Art\u00edculos incluidos en el paquete<\/strong><\/p>\n<ul style=\"list-style-type: disc\">\n<li>1x 60w Ortoled FC 60W<\/li>\n<li>1x Cable de alimentaci\u00f3n de 1,8m<\/li>\n<li>2x Cable de suspensi\u00f3n ajustable<\/li>\n<li>2x Cable de suspensi\u00f3n fijo<\/li>\n<\/ul>\n<p class=\"p1\">\n<h2><span class=\"insidetitle\"><strong><span style=\"text-decoration: underline\">Caracter\u00edsticas principales Ortoled FULL CYCLE 60W 2,7 &micro;mol\/J | 60W SAMSUNG<\/span><\/strong><\/span><\/h2>\n<ul style=\"list-style-type: disc\">\n<li>Alta eficiencia 2,7 &micro;mol\/J<\/li>\n<li>Alta salida PPF para 162 &micro;mol\/s a alta intensidad<\/li>\n<li>Driver LED<i> <strong>Letron&reg; de potencia fija<\/strong><\/i> de alta calidad<\/li>\n<li>Tecnolog\u00eda de cubierta protectora con resina de alta transparencia<\/li>\n<li>Espectro de ciclo completo<\/li>\n<li>Mejor difusi\u00f3n y uniformidad de la luz y sistema <strong>Sound zero<\/strong><\/li>\n<li><span style=\"color: #000000\">Dise\u00f1o compacto ideal para un \u00e1rea de cultivo de hasta <strong>0,25-0,60 m2 o mantenimiento de 0,81 m2<\/strong><\/span><\/li>\n<li>F\u00e1cil instalaci\u00f3n plug &amp; play<\/li>\n<\/ul>\n<p><\/p>\n<p class=\"p1\">No utilice la luminaria LED en posici\u00f3n vertical ni boca abajo (el contacto directo con los<br \/>ojos y una exposici\u00f3n prolongada puede causar da\u00f1os permanentes en la vista).<br \/>No recomendamos utilizar el dispositivo como luz de habitaci\u00f3n. Est\u00e1 dise\u00f1ado y desarrollado<br \/>exclusivamente para la germinaci\u00f3n, el cultivo y la floraci\u00f3n de plantas. Aseg\u00farese de que la luminaria LED<br \/>fuera de la vista y del alcance de ni\u00f1os y animales para proteger sus ojos.<br \/>Recomendamos el uso de gafas especiales para proteger los ojos.<\/p>\n","protected":false},"excerpt":{"rendered":"<p>ORTOLED incorpora a su cat\u00e1logo la nueva serie de l\u00e1mparas Ortoled Full Cycle 60W Samsung , perfectas para zonas de<\/p>\n","protected":false},"featured_media":131849,"comment_status":"open","ping_status":"closed","template":"","meta":[],"product_brand":[],"product_cat":[7936],"product_tag":[],"class_list":{"0":"post-131883","1":"product","2":"type-product","3":"status-publish","4":"has-post-thumbnail","6":"product_cat-lampara-led","8":"first","9":"instock","10":"sale","11":"taxable","12":"shipping-taxable","13":"purchasable","14":"product-type-simple"},"_links":{"self":[{"href":"https:\/\/www.budream.com\/es\/wp-json\/wp\/v2\/product\/131883","targetHints":{"allow":["GET"]}}],"collection":[{"href":"https:\/\/www.budream.com\/es\/wp-json\/wp\/v2\/product"}],"about":[{"href":"https:\/\/www.budream.com\/es\/wp-json\/wp\/v2\/types\/product"}],"replies":[{"embeddable":true,"href":"https:\/\/www.budream.com\/es\/wp-json\/wp\/v2\/comments?post=131883"}],"version-history":[{"count":0,"href":"https:\/\/www.budream.com\/es\/wp-json\/wp\/v2\/product\/131883\/revisions"}],"wp:featuredmedia":[{"embeddable":true,"href":"https:\/\/www.budream.com\/es\/wp-json\/wp\/v2\/media\/131849"}],"wp:attachment":[{"href":"https:\/\/www.budream.com\/es\/wp-json\/wp\/v2\/media?parent=131883"}],"wp:term":[{"taxonomy":"product_brand","embeddable":true,"href":"https:\/\/www.budream.com\/es\/wp-json\/wp\/v2\/product_brand?post=131883"},{"taxonomy":"product_cat","embeddable":true,"href":"https:\/\/www.budream.com\/es\/wp-json\/wp\/v2\/product_cat?post=131883"},{"taxonomy":"product_tag","embeddable":true,"href":"https:\/\/www.budream.com\/es\/wp-json\/wp\/v2\/product_tag?post=131883"}],"curies":[{"name":"wp","href":"https:\/\/api.w.org\/{rel}","templated":true}]}}