{"id":131993,"date":"2025-07-31T00:10:36","date_gmt":"2025-07-30T22:10:36","guid":{"rendered":"https:\/\/www.budream.com\/shop\/vapormed-mighty-medic-dispositivo-vaporizador-para-uso-medico\/"},"modified":"2026-04-22T11:05:13","modified_gmt":"2026-04-22T09:05:13","slug":"vapormed-mighty-medic-dispositivo-vaporizador-para-uso-medico","status":"publish","type":"product","link":"https:\/\/www.budream.com\/es\/shop\/vapormed-mighty-medic-dispositivo-vaporizador-para-uso-medico\/","title":{"rendered":"VAPORMED &#8211; MIGHTY+ MEDIC | DISPOSITIVO VAPORIZADOR PARA USO M\u00c9DICO"},"content":{"rendered":"<p>El <strong>MIGHTY+ MEDIC<\/strong> es el primer vaporizador port\u00e1til con homologaci\u00f3n sanitaria para inhalar infusiones. Utiliza un calentamiento completo por convecci\u00f3n de aire caliente combinado con conducci\u00f3n adicional, asegurando una vaporizaci\u00f3n eficiente desde la primera calada.<\/p>\n<h2><strong><span style=\"text-decoration: underline\">MIGHTY+ MEDIC, el primer inhalador m\u00e9dico a pilas:<\/span><\/strong><\/h2>\n<p>El manejo de MIGHTY+ MEDIC es extremadamente sencillo gracias a los botones m\u00e1s y menos y a la pantalla LED de f\u00e1cil lectura: en cuanto la temperatura real coincide con la temperatura te\u00f3rica ajustable individualmente, el dispositivo est\u00e1 listo para la inhalaci\u00f3n. Esto tambi\u00e9n se indica mediante una breve <strong>vibraci\u00f3n doble<\/strong>. La temperatura personal preferida puede ajustarse gradualmente mediante las opciones de configuraci\u00f3n directamente en el dispositivo durante la inhalaci\u00f3n.<\/p>\n<p>En el MIGHTY+ MEDIC, la vaporizaci\u00f3n tiene lugar con <strong>un calentamiento combinado de aire y c\u00e1mara<\/strong>: el calentamiento por aire garantiza una vaporizaci\u00f3n continua, mientras que el calentamiento por c\u00e1mara se encarga de que se genere vapor con la primera inhalaci\u00f3n.<br \/>Para un llenado r\u00e1pido y limpio de la c\u00e1mara de relleno integrada en el generador de aire caliente, pueden utilizarse las <strong>c\u00e1psulas dosificadoras<\/strong> suministradas. <\/p>\n<p>La Unidad de Enfriamiento asegura el enfriamiento del vapor y garantiza un sabor \u00f3ptimo y un aroma con cuerpo.<\/p>\n<p>El MIGHTY+ MEDIC est\u00e1 dise\u00f1ado para la vaporizaci\u00f3n y posterior inhalaci\u00f3n de cannabinoides extra\u00eddos de flores de c\u00e1\u00f1amo. El objetivo es la entrega del ingrediente activo en el cuerpo humano a trav\u00e9s de los alv\u00e9olos pulmonares para la indicaci\u00f3n m\u00e9dica correspondiente.<\/p>\n<p>El <strong>MIGHTY+ MEDIC<\/strong> es adecuado para la administraci\u00f3n temporal por inhalaci\u00f3n de cannabinoides prescritos m\u00e9dicamente para su uso en casa, en hospitales y en entornos ambulatorios. Los dispositivos garantizan una aplicaci\u00f3n de cannabinoides altamente eficaz, segura y de acci\u00f3n r\u00e1pida. En cualquier caso, debe realizarse un examen m\u00e9dico antes del tratamiento.<\/p>\n<p>El dispositivo no es adecuado para su uso en ni\u00f1os y adolescentes menores de 18 a\u00f1os. Los adultos pueden utilizar MIGHTY+ MEDIC de acuerdo con las instrucciones de uso o por indicaci\u00f3n de un m\u00e9dico.<\/p>\n<p><strong>Las indicaciones dadas en este texto no pueden sustituir en ning\u00fan caso el consejo de su m\u00e9dico.<\/strong><\/p>\n<h3>Advertencias MIGHTY+ MEDIC<\/h3>\n<p>Por razones higi\u00e9nicas, el Vaporizador MIGHTY+ MEDIC s\u00f3lo puede ser utilizado con la Parte Labial encajada en la Boquilla (para un solo uso). La Parte Labial del Vaporizador MIGHTY MEDIC est\u00e1 equipada con una v\u00e1lvula antirretorno. Esta v\u00e1lvula antirretorno reduce el peligro de una posible contaminaci\u00f3n en el interior de la Unidad de Enfriamiento, impidiendo la exhalaci\u00f3n en la propia Unidad de Enfriamiento. En caso de utilizaci\u00f3n por otra persona, deber\u00e1 utilizarse una nueva Unidad de Enfriamiento. MIGHTY+ MEDIC s\u00f3lo es apto para la vaporizaci\u00f3n y posterior aplicaci\u00f3n por inhalaci\u00f3n de flores de c\u00e1\u00f1amo, no de extractos u otros concentrados.<\/p>\n<p><strong>Parte Labial Desechable<br \/><\/strong><br \/>La pieza labial desechable puede utilizarse hasta 4 horas despu\u00e9s del primer uso, siempre que no presente da\u00f1os ni suciedad. A continuaci\u00f3n, debe desecharse en la basura dom\u00e9stica y, por razones higi\u00e9nicas, debe utilizarse una nueva Parte Labial. Siga las instrucciones de higiene de las Instrucciones de uso. Las piezas labiales que se hayan vuelto quebradizas o da\u00f1adas no pueden utilizarse.<\/p>\n<p><strong>Informaci\u00f3n general<\/strong><\/p>\n<p>Utilice \u00fanicamente flores de c\u00e1\u00f1amo medicinales prescritas por un m\u00e9dico y adquiridas en una farmacia. Pida informaci\u00f3n a su m\u00e9dico, farmac\u00e9utico o, en caso necesario, a las autoridades competentes sobre la situaci\u00f3n legal en su lugar de residencia.<\/p>\n<p>MIGHTY+ MEDIC no debe utilizarse si el usuario padece una enfermedad de las v\u00edas respiratorias o de los pulmones. Los vapores, dependiendo de su densidad, pueden irritar las v\u00edas respiratorias y los pulmones, lo que puede provocar tos. Aunque la inhalaci\u00f3n de c\u00e1\u00f1amo vaporizado causa bastante menos irritaci\u00f3n que fumar, los usuarios inexpertos necesitan inicialmente una fase de adaptaci\u00f3n para encontrar la temperatura \u00f3ptima de aplicaci\u00f3n. El usuario debe realizar la inhalaci\u00f3n con concentraci\u00f3n y cuidado. Debe evitarse re\u00edr, bostezar y hablar durante la aplicaci\u00f3n para no provocar tos.<\/p>\n","protected":false},"excerpt":{"rendered":"<p>El MIGHTY+ MEDIC es el primer vaporizador port\u00e1til con homologaci\u00f3n sanitaria para inhalar infusiones. Utiliza un calentamiento completo por convecci\u00f3n<\/p>\n","protected":false},"featured_media":131969,"comment_status":"open","ping_status":"closed","template":"","meta":[],"product_brand":[],"product_cat":[7908],"product_tag":[],"class_list":{"0":"post-131993","1":"product","2":"type-product","3":"status-publish","4":"has-post-thumbnail","6":"product_cat-vaporizadores","8":"first","9":"instock","10":"sale","11":"taxable","12":"shipping-taxable","13":"purchasable","14":"product-type-simple"},"aioseo_notices":[],"_links":{"self":[{"href":"https:\/\/www.budream.com\/es\/wp-json\/wp\/v2\/product\/131993","targetHints":{"allow":["GET"]}}],"collection":[{"href":"https:\/\/www.budream.com\/es\/wp-json\/wp\/v2\/product"}],"about":[{"href":"https:\/\/www.budream.com\/es\/wp-json\/wp\/v2\/types\/product"}],"replies":[{"embeddable":true,"href":"https:\/\/www.budream.com\/es\/wp-json\/wp\/v2\/comments?post=131993"}],"version-history":[{"count":1,"href":"https:\/\/www.budream.com\/es\/wp-json\/wp\/v2\/product\/131993\/revisions"}],"predecessor-version":[{"id":264338,"href":"https:\/\/www.budream.com\/es\/wp-json\/wp\/v2\/product\/131993\/revisions\/264338"}],"wp:featuredmedia":[{"embeddable":true,"href":"https:\/\/www.budream.com\/es\/wp-json\/wp\/v2\/media\/131969"}],"wp:attachment":[{"href":"https:\/\/www.budream.com\/es\/wp-json\/wp\/v2\/media?parent=131993"}],"wp:term":[{"taxonomy":"product_brand","embeddable":true,"href":"https:\/\/www.budream.com\/es\/wp-json\/wp\/v2\/product_brand?post=131993"},{"taxonomy":"product_cat","embeddable":true,"href":"https:\/\/www.budream.com\/es\/wp-json\/wp\/v2\/product_cat?post=131993"},{"taxonomy":"product_tag","embeddable":true,"href":"https:\/\/www.budream.com\/es\/wp-json\/wp\/v2\/product_tag?post=131993"}],"curies":[{"name":"wp","href":"https:\/\/api.w.org\/{rel}","templated":true}]}}