{"id":132013,"date":"2025-07-31T00:11:06","date_gmt":"2025-07-30T22:11:06","guid":{"rendered":"https:\/\/www.budream.com\/shop\/vapormed-volcano-medic-2-dispositivo-vaporizador-para-uso-medico\/"},"modified":"2025-12-23T15:16:43","modified_gmt":"2025-12-23T13:16:43","slug":"vapormed-volcano-medic-2-dispositivo-vaporizador-para-uso-medico","status":"publish","type":"product","link":"https:\/\/www.budream.com\/es\/shop\/vapormed-volcano-medic-2-dispositivo-vaporizador-para-uso-medico\/","title":{"rendered":"VAPORMED &#8211; VOLCANO MEDIC 2 | DISPOSITIVO VAPORIZADOR PARA USO M\u00c9DICO"},"content":{"rendered":"<p>El Sistema de Vaporizaci\u00f3n Volcano Medic 2 se compone b\u00e1sicamente de un <strong>Generador de Aire Caliente<\/strong>, una Bomba de Membrana y un Frasco con V\u00e1lvula extra\u00edble o Sistema de Manguera Flexible. <br \/>De este modo, el proceso de vaporizaci\u00f3n e inhalaci\u00f3n tiene lugar en momentos y lugares diferentes, lo que hace que la inhalaci\u00f3n <strong>sea muy segura<\/strong> para el usuario, ya que durante la inhalaci\u00f3n desde el Frasco con V\u00e1lvula\/Manguera de Silicona no se entra en contacto ni con el calor ni con la electricidad del Generador de Aire Caliente.<\/p>\n<h2><span style=\"text-decoration: underline\">Vapormed Volcano medic 2 dispositivo m\u00e9dico:<\/span><\/h2>\n<p>El Vaporizador funciona con una t\u00e9cnica de calentamiento patentada, que combina <strong>convecci\u00f3n y conducci\u00f3n<\/strong>. Para el proceso de vaporizaci\u00f3n, la C\u00e1mara de Relleno se acopla al Generador de Aire Caliente. A continuaci\u00f3n, se coloca el Frasco con V\u00e1lvula de Vac\u00edo o la Unidad de Tubo sobre la C\u00e1mara de Relleno. Cuando se utiliza con la Unidad de Manguera, la bomba de diafragma no es necesaria &#8211; entonces es posible inhalar directamente desde la Unidad de Manguera.<\/p>\n<p>El <strong>Volcano<\/strong> Medic 2 representa un <strong>perfeccionamiento del Volcano Medic.<\/strong> En comparaci\u00f3n con su predecesor, ofrece las siguientes ventajas:<\/p>\n<ul>\n<li>Inhalaci\u00f3n a trav\u00e9s de la Unidad de Manguera o con el Frasco de V\u00e1lvula<\/li>\n<li>Proceso de calentamiento muy r\u00e1pido en 1 &#8211; 2 minutos<\/li>\n<li>Los campos de control est\u00e1n integrados en la gran pantalla y pueden manejarse mediante bot\u00f3n t\u00e1ctil Al igual que su predecesor, el Volcano Medic 2 permite la aplicaci\u00f3n m\u00e9dica por inhalaci\u00f3n de cannabinoides l\u00edquidos disueltos en alcohol y cannabinoides directamente de flores secas de c\u00e1\u00f1amo.<\/li>\n<\/ul>\n<p>Con el Sistema de Vaporizaci\u00f3n Volcano Medic 2, se resuelven dos problemas de tecnolog\u00eda m\u00e9dica a la vez. Por un lado, el Sistema de Vaporizaci\u00f3n Volcano Medic 2 permite la aplicaci\u00f3n m\u00e9dica por inhalaci\u00f3n de cannabinoides l\u00edquidos disueltos en alcohol. Por otro lado, permite la aplicaci\u00f3n por inhalaci\u00f3n de cannabinoides directamente de flores secas de cannabis. En el Sistema de Vaporizaci\u00f3n Volcano Medic 2, los cannabinoides se liberan exclusivamente por calor. No se produce combusti\u00f3n. Esto evita la formaci\u00f3n de sustancias nocivas producidas por la combusti\u00f3n.<\/p>\n<h3><span style=\"text-decoration: underline\">Uso de Volcano Medic 2 con Medic Valve<\/span><\/h3>\n<p>Si se calienta el Generador de Aire Caliente, se enciende la bomba, fluye aire caliente a trav\u00e9s de la C\u00e1mara de Relleno y se activa as\u00ed la vaporizaci\u00f3n de las inflorescencias. La mezcla de aire y aerosol as\u00ed producida se conduce al Frasco de V\u00e1lvula, donde se enfr\u00eda r\u00e1pidamente a temperatura ambiente debido a la gran superficie. En cuanto se ha llenado una cantidad suficiente de aerosol, se apaga la bomba y se retira el frasco de v\u00e1lvula de la c\u00e1mara de llenado; la v\u00e1lvula se cierra autom\u00e1ticamente. Para la inhalaci\u00f3n, la boquilla se inserta en la v\u00e1lvula del frasco lleno. Al ejercer una ligera presi\u00f3n con los labios sobre la Boquilla, la V\u00e1lvula se abre y se puede inhalar el aerosol cannabinoide. En cuanto cesa la presi\u00f3n sobre la Boquilla, la V\u00e1lvula se cierra autom\u00e1ticamente.<\/p>\n<h3><span style=\"text-decoration: underline\">Volcano Medic 2 uso con unidad de tubo<\/span><\/h3>\n<p>Cuando el Generador de Aire Caliente est\u00e1 listo, la Unidad de Tubo se coloca directamente en la C\u00e1mara de Relleno de la unidad. <br \/>IMPORTANTE: La bomba de diafragma no est\u00e1 encendida. Cuando el usuario inhala directamente de la Unidad de Tubo con la fuerza de sus pulmones, el aire caliente (convecci\u00f3n) es transportado a trav\u00e9s de la C\u00e1mara de Relleno ya calentada (conducci\u00f3n). Los principios activos liberados se transportan y enfr\u00edan en forma de aerosol a trav\u00e9s de la manguera de silicona de un metro de longitud.<\/p>\n<p>El calentamiento por conducci\u00f3n garantiza que el usuario libere los principios activos desde la primera calada.<\/p>\n<p><strong>Uso previsto<\/strong><\/p>\n<p>El Volcano Medic 2 y su modelo predecesor Volcano Medic est\u00e1n destinados a la vaporizaci\u00f3n y posterior inhalaci\u00f3n de cannabinoides obtenidos de flores de c\u00e1\u00f1amo. El dronabinol disuelto en alcohol tambi\u00e9n puede utilizarse con los aparatos de la serie Volcano Medic. El objetivo es la administraci\u00f3n del principio activo en el cuerpo humano a trav\u00e9s de los alv\u00e9olos pulmonares para la indicaci\u00f3n m\u00e9dica correspondiente.<\/p>\n<p>El Volcano Medic 2 y su modelo predecesor son adecuados para la aplicaci\u00f3n por inhalaci\u00f3n temporal de cannabinoides prescritos por un m\u00e9dico para su uso en el hogar, el hospital o la consulta m\u00e9dica. Los aparatos garantizan una aplicaci\u00f3n de cannabinoides altamente eficaz, segura y de acci\u00f3n r\u00e1pida. En cualquier caso, debe realizarse un examen m\u00e9dico antes del tratamiento.<\/p>\n<p>El dispositivo no est\u00e1 indicado para su uso en ni\u00f1os y adolescentes menores de 18 a\u00f1os. Los adultos deben utilizar el dispositivo de acuerdo con las instrucciones de uso o seg\u00fan las indicaciones de un m\u00e9dico.<\/p>\n<p><strong>Indicaciones generales<\/strong><\/p>\n<p>El c\u00e1\u00f1amo puede producir efectos psicotr\u00f3picos (narc\u00f3ticos) en determinadas dosis. Existe por tanto la posibilidad de abuso, que en casi todos los pa\u00edses del mundo es contrarrestada por el legislador con las leyes pertinentes. Utilice \u00fanicamente flores de c\u00e1\u00f1amo medicinales prescritas por un m\u00e9dico y adquiridas en una farmacia, para no correr el riesgo de infringir la ley. Pida informaci\u00f3n a su m\u00e9dico, farmac\u00e9utico o, en caso necesario, a las autoridades competentes sobre la situaci\u00f3n legal en su lugar de residencia.<\/p>\n<p>El Volcano Medic 2 no debe utilizarse si el usuario padece una enfermedad de las v\u00edas respiratorias o de los pulmones. Los vapores, dependiendo de su densidad, pueden irritar las v\u00edas respiratorias y los pulmones, lo que puede provocar tos. Aunque la inhalaci\u00f3n de c\u00e1\u00f1amo vaporizado causa bastante menos irritaci\u00f3n que fumar, los usuarios inexpertos necesitan inicialmente una fase de adaptaci\u00f3n para encontrar la temperatura \u00f3ptima de aplicaci\u00f3n. El usuario debe realizar la inhalaci\u00f3n con concentraci\u00f3n y cuidado. Debe evitarse re\u00edr, bostezar y hablar durante la aplicaci\u00f3n para no provocar tos.<\/p>\n<p>Volcano Medic 2 ofrece un procedimiento cient\u00edficamente validado para la inhalaci\u00f3n de cannabinoides y flores de c\u00e1\u00f1amo.<\/p>\n<h3><span style=\"text-decoration: underline\">Vapormed Volcano Medic 2 incluye:<\/span><\/h3>\n<ul>\n<li>1 ud. VVolcano Medic 2<\/li>\n<li>1 ud. Cable de alimentaci\u00f3n<\/li>\n<li>4 uds. MEDIC VALVE Frasco con boquilla<\/li>\n<li>1 ud. Unidad de tubo<\/li>\n<li>1 ud. Juego de C\u00e1mara de Relleno (incl.: 1 ud. Anillo de tapa, 1 ud. Almohadilla de llenado, 1 ud. Juego de filtros est\u00e1ndar (aprox. &Oslash; 30 mm),1 ud. Cepillo de limpieza),2 uds. Filtro est\u00e1ndar peque\u00f1o con malla normal (aprox. &Oslash; 15 mm)<\/li>\n<li>1 ud. C\u00e1psula dosificadora<\/li>\n<li>1 ud. Adaptador de c\u00e1psula dosificadora (aprox. &Oslash; 15 mm)<\/li>\n<li>1 ud. Juego de filtros de aire<\/li>\n<li>1 ud. Molinillo de hierbas (aprox. &Oslash; 59 mm)<\/li>\n<li>1 ud. Instrucciones de uso<\/li>\n<\/ul>\n","protected":false},"excerpt":{"rendered":"<p>El Sistema de Vaporizaci\u00f3n Volcano Medic 2 se compone b\u00e1sicamente de un Generador de Aire Caliente, una Bomba de Membrana<\/p>\n","protected":false},"featured_media":131999,"comment_status":"open","ping_status":"closed","template":"","meta":[],"product_brand":[],"product_cat":[7908],"product_tag":[],"class_list":{"0":"post-132013","1":"product","2":"type-product","3":"status-publish","4":"has-post-thumbnail","6":"product_cat-vaporizadores","8":"first","9":"instock","10":"sale","11":"taxable","12":"shipping-taxable","13":"purchasable","14":"product-type-simple"},"aioseo_notices":[],"_links":{"self":[{"href":"https:\/\/www.budream.com\/es\/wp-json\/wp\/v2\/product\/132013","targetHints":{"allow":["GET"]}}],"collection":[{"href":"https:\/\/www.budream.com\/es\/wp-json\/wp\/v2\/product"}],"about":[{"href":"https:\/\/www.budream.com\/es\/wp-json\/wp\/v2\/types\/product"}],"replies":[{"embeddable":true,"href":"https:\/\/www.budream.com\/es\/wp-json\/wp\/v2\/comments?post=132013"}],"version-history":[{"count":0,"href":"https:\/\/www.budream.com\/es\/wp-json\/wp\/v2\/product\/132013\/revisions"}],"wp:featuredmedia":[{"embeddable":true,"href":"https:\/\/www.budream.com\/es\/wp-json\/wp\/v2\/media\/131999"}],"wp:attachment":[{"href":"https:\/\/www.budream.com\/es\/wp-json\/wp\/v2\/media?parent=132013"}],"wp:term":[{"taxonomy":"product_brand","embeddable":true,"href":"https:\/\/www.budream.com\/es\/wp-json\/wp\/v2\/product_brand?post=132013"},{"taxonomy":"product_cat","embeddable":true,"href":"https:\/\/www.budream.com\/es\/wp-json\/wp\/v2\/product_cat?post=132013"},{"taxonomy":"product_tag","embeddable":true,"href":"https:\/\/www.budream.com\/es\/wp-json\/wp\/v2\/product_tag?post=132013"}],"curies":[{"name":"wp","href":"https:\/\/api.w.org\/{rel}","templated":true}]}}