{"id":132053,"date":"2025-07-31T00:13:09","date_gmt":"2025-07-30T22:13:09","guid":{"rendered":"https:\/\/www.budream.com\/shop\/vapormed-mighty-medic-silicona-boquilla-30pcs\/"},"modified":"2025-12-23T15:14:08","modified_gmt":"2025-12-23T13:14:08","slug":"vapormed-mighty-medic-silicona-boquilla-30pcs","status":"publish","type":"product","link":"https:\/\/www.budream.com\/es\/shop\/vapormed-mighty-medic-silicona-boquilla-30pcs\/","title":{"rendered":"VAPORMED &#8211; MIGHTY+ MEDIC | SILICONA BOQUILLA 30pcs"},"content":{"rendered":"<p>La boquilla desechable de silicona est\u00e1 dise\u00f1ada para un solo uso higi\u00e9nico y est\u00e1 equipada con una v\u00e1lvula de retenci\u00f3n.<br \/><strong>Caja de 30 boquillas desechables de silicona.<\/strong><\/p>\n","protected":false},"excerpt":{"rendered":"<p>La boquilla desechable de silicona est\u00e1 dise\u00f1ada para un solo uso higi\u00e9nico y est\u00e1 equipada con una v\u00e1lvula de retenci\u00f3n.Caja<\/p>\n","protected":false},"featured_media":132044,"comment_status":"open","ping_status":"closed","template":"","meta":[],"product_brand":[],"product_cat":[7908],"product_tag":[],"class_list":{"0":"post-132053","1":"product","2":"type-product","3":"status-publish","4":"has-post-thumbnail","6":"product_cat-vaporizadores","8":"first","9":"instock","10":"sale","11":"taxable","12":"shipping-taxable","13":"purchasable","14":"product-type-simple"},"aioseo_notices":[],"_links":{"self":[{"href":"https:\/\/www.budream.com\/es\/wp-json\/wp\/v2\/product\/132053","targetHints":{"allow":["GET"]}}],"collection":[{"href":"https:\/\/www.budream.com\/es\/wp-json\/wp\/v2\/product"}],"about":[{"href":"https:\/\/www.budream.com\/es\/wp-json\/wp\/v2\/types\/product"}],"replies":[{"embeddable":true,"href":"https:\/\/www.budream.com\/es\/wp-json\/wp\/v2\/comments?post=132053"}],"version-history":[{"count":0,"href":"https:\/\/www.budream.com\/es\/wp-json\/wp\/v2\/product\/132053\/revisions"}],"wp:featuredmedia":[{"embeddable":true,"href":"https:\/\/www.budream.com\/es\/wp-json\/wp\/v2\/media\/132044"}],"wp:attachment":[{"href":"https:\/\/www.budream.com\/es\/wp-json\/wp\/v2\/media?parent=132053"}],"wp:term":[{"taxonomy":"product_brand","embeddable":true,"href":"https:\/\/www.budream.com\/es\/wp-json\/wp\/v2\/product_brand?post=132053"},{"taxonomy":"product_cat","embeddable":true,"href":"https:\/\/www.budream.com\/es\/wp-json\/wp\/v2\/product_cat?post=132053"},{"taxonomy":"product_tag","embeddable":true,"href":"https:\/\/www.budream.com\/es\/wp-json\/wp\/v2\/product_tag?post=132053"}],"curies":[{"name":"wp","href":"https:\/\/api.w.org\/{rel}","templated":true}]}}