{"id":132278,"date":"2025-07-31T00:20:43","date_gmt":"2025-07-30T22:20:43","guid":{"rendered":"https:\/\/www.budream.com\/shop\/davinci-miqro-series-capsulas-dispensadoras-de-acero-accesorio\/"},"modified":"2026-01-30T15:01:46","modified_gmt":"2026-01-30T13:01:46","slug":"davinci-miqro-series-capsulas-dispensadoras-de-acero-accesorio","status":"publish","type":"product","link":"https:\/\/www.budream.com\/es\/shop\/davinci-miqro-series-capsulas-dispensadoras-de-acero-accesorio\/","title":{"rendered":"DAVINCI &#8211; MIQRO SERIES C\u00c1PSULAS DISPENSADORAS DE ACERO | ACCESORIO"},"content":{"rendered":"<p><strong>La dosificaci\u00f3n perfecta nunca ha sido tan f\u00e1cil. <\/strong><\/p>\n<p><span data-contrast=\"none\">Cargue hasta 0,15 g de flor e intercambie f\u00e1cilmente las vainas sobre la marcha con las c\u00e1psulas dosificadoras de acero inoxidable de DaVinci, compatibles con MIQRO y MIQRO-C<\/span><span data-ccp-props=\"{\">. <\/span><span data-contrast=\"none\">Un horno m\u00e1s limpio, una carga m\u00e1s r\u00e1pida, una dosificaci\u00f3n precisa y un calentamiento m\u00e1s r\u00e1pido est\u00e1n a su alcance con las c\u00e1psulas dosificadoras de acero inoxidable<\/span><span data-ccp-props=\"{\">. <\/span><\/p>\n<p><span data-contrast=\"none\">Combine las c\u00e1psulas con el kit de extracci\u00f3n DaVinci para hacer que su dispositivo de la serie MIQRO sea de doble uso con concentrados y aceites<\/span><span data-ccp-props=\"{\">. <\/span><\/p>\n<p><span style=\"text-decoration: underline\"><b><strong>Qu\u00e9 hay en la caja:<\/strong><\/b><\/span><\/p>\n<ul style=\"list-style-type: disc\">\n<li><span data-contrast=\"none\">6 c\u00e1psulas dosificadoras de la serie MIQRO de acero<\/span><span data-ccp-props=\"{\"> inoxidable <\/span><\/li>\n<li><span data-contrast=\"none\">6 estuches de<\/span><span data-ccp-props=\"{\"> silicona <\/span><span data-contrast=\"none\">para c\u00e1psulas dosificadoras<\/span><\/li>\n<\/ul>\n","protected":false},"excerpt":{"rendered":"<p>La dosificaci\u00f3n perfecta nunca ha sido tan f\u00e1cil. Cargue hasta 0,15 g de flor e intercambie f\u00e1cilmente las vainas sobre<\/p>\n","protected":false},"featured_media":132264,"comment_status":"open","ping_status":"closed","template":"","meta":[],"product_brand":[],"product_cat":[1179],"product_tag":[],"class_list":{"0":"post-132278","1":"product","2":"type-product","3":"status-publish","4":"has-post-thumbnail","6":"product_cat-vaporizzatori","8":"first","9":"instock","10":"taxable","11":"shipping-taxable","12":"purchasable","13":"product-type-simple"},"aioseo_notices":[],"_links":{"self":[{"href":"https:\/\/www.budream.com\/es\/wp-json\/wp\/v2\/product\/132278","targetHints":{"allow":["GET"]}}],"collection":[{"href":"https:\/\/www.budream.com\/es\/wp-json\/wp\/v2\/product"}],"about":[{"href":"https:\/\/www.budream.com\/es\/wp-json\/wp\/v2\/types\/product"}],"replies":[{"embeddable":true,"href":"https:\/\/www.budream.com\/es\/wp-json\/wp\/v2\/comments?post=132278"}],"version-history":[{"count":0,"href":"https:\/\/www.budream.com\/es\/wp-json\/wp\/v2\/product\/132278\/revisions"}],"wp:featuredmedia":[{"embeddable":true,"href":"https:\/\/www.budream.com\/es\/wp-json\/wp\/v2\/media\/132264"}],"wp:attachment":[{"href":"https:\/\/www.budream.com\/es\/wp-json\/wp\/v2\/media?parent=132278"}],"wp:term":[{"taxonomy":"product_brand","embeddable":true,"href":"https:\/\/www.budream.com\/es\/wp-json\/wp\/v2\/product_brand?post=132278"},{"taxonomy":"product_cat","embeddable":true,"href":"https:\/\/www.budream.com\/es\/wp-json\/wp\/v2\/product_cat?post=132278"},{"taxonomy":"product_tag","embeddable":true,"href":"https:\/\/www.budream.com\/es\/wp-json\/wp\/v2\/product_tag?post=132278"}],"curies":[{"name":"wp","href":"https:\/\/api.w.org\/{rel}","templated":true}]}}