{"id":132298,"date":"2025-07-31T00:21:13","date_gmt":"2025-07-30T22:21:13","guid":{"rendered":"https:\/\/www.budream.com\/shop\/davinci-serie-miqro-grinder-con-capsulas-dispensadoras-accesorio\/"},"modified":"2025-12-23T21:25:23","modified_gmt":"2025-12-23T19:25:23","slug":"davinci-serie-miqro-grinder-con-capsulas-dispensadoras-accesorio","status":"publish","type":"product","link":"https:\/\/www.budream.com\/es\/shop\/davinci-serie-miqro-grinder-con-capsulas-dispensadoras-accesorio\/","title":{"rendered":"DAVINCI &#8211; SERIE MIQRO GRINDER CON C\u00c1PSULAS DISPENSADORAS | ACCESORIO"},"content":{"rendered":"<p><span data-contrast=\"none\">Rellena f\u00e1cilmente c\u00e1psulas dosificadoras para mayor comodidad sobre la marcha con el <strong>molinillo de c\u00e1psulas DaVinci<\/strong>, un molinillo \u00fanico de 4 piezas que puede rellenar hasta seis c\u00e1psulas dosificadoras a la vez <\/span><span data-ccp-props=\"{\">. <\/span><\/p>\n<p><span data-contrast=\"none\">Fabricado en aluminio de alta calidad, el molinillo desmenuza las hierbas hasta conseguir una consistencia media, perfecta para consumir como m\u00e1s te guste. Con una capacidad de 0,2 gramos, el molinillo puede actuar como un molinillo normal retirando f\u00e1cilmente el anillo de la c\u00e1psula <\/span><span data-ccp-props=\"{\">. <\/span><\/p>\n<p><span data-contrast=\"none\">F\u00e1cil carga, f\u00e1cil limpieza. Disfrute del esfuerzo.<\/p>\n<p><\/span><b><strong><span data-contrast=\"none\"><span style=\"text-decoration: underline\">Qu\u00e9 hay en la caja: <\/span><br \/><\/span><\/strong><\/b><\/p>\n<ul style=\"list-style-type: disc\">\n<li><span data-contrast=\"none\">1 molinillo MIQRO Series<\/span><\/li>\n<\/ul>\n","protected":false},"excerpt":{"rendered":"<p>Rellena f\u00e1cilmente c\u00e1psulas dosificadoras para mayor comodidad sobre la marcha con el molinillo de c\u00e1psulas DaVinci, un molinillo \u00fanico de<\/p>\n","protected":false},"featured_media":132284,"comment_status":"open","ping_status":"closed","template":"","meta":[],"product_brand":[],"product_cat":[7908],"product_tag":[],"class_list":{"0":"post-132298","1":"product","2":"type-product","3":"status-publish","4":"has-post-thumbnail","6":"product_cat-vaporizadores","8":"first","9":"instock","10":"sale","11":"taxable","12":"shipping-taxable","13":"purchasable","14":"product-type-simple"},"aioseo_notices":[],"_links":{"self":[{"href":"https:\/\/www.budream.com\/es\/wp-json\/wp\/v2\/product\/132298","targetHints":{"allow":["GET"]}}],"collection":[{"href":"https:\/\/www.budream.com\/es\/wp-json\/wp\/v2\/product"}],"about":[{"href":"https:\/\/www.budream.com\/es\/wp-json\/wp\/v2\/types\/product"}],"replies":[{"embeddable":true,"href":"https:\/\/www.budream.com\/es\/wp-json\/wp\/v2\/comments?post=132298"}],"version-history":[{"count":0,"href":"https:\/\/www.budream.com\/es\/wp-json\/wp\/v2\/product\/132298\/revisions"}],"wp:featuredmedia":[{"embeddable":true,"href":"https:\/\/www.budream.com\/es\/wp-json\/wp\/v2\/media\/132284"}],"wp:attachment":[{"href":"https:\/\/www.budream.com\/es\/wp-json\/wp\/v2\/media?parent=132298"}],"wp:term":[{"taxonomy":"product_brand","embeddable":true,"href":"https:\/\/www.budream.com\/es\/wp-json\/wp\/v2\/product_brand?post=132298"},{"taxonomy":"product_cat","embeddable":true,"href":"https:\/\/www.budream.com\/es\/wp-json\/wp\/v2\/product_cat?post=132298"},{"taxonomy":"product_tag","embeddable":true,"href":"https:\/\/www.budream.com\/es\/wp-json\/wp\/v2\/product_tag?post=132298"}],"curies":[{"name":"wp","href":"https:\/\/api.w.org\/{rel}","templated":true}]}}