{"id":132318,"date":"2025-07-31T00:21:42","date_gmt":"2025-07-30T22:21:42","guid":{"rendered":"https:\/\/www.budream.com\/shop\/davinci-molinillo-serie-iq-para-dispensar-capsulas-accesorio\/"},"modified":"2025-12-23T21:21:12","modified_gmt":"2025-12-23T19:21:12","slug":"davinci-molinillo-serie-iq-para-dispensar-capsulas-accesorio","status":"publish","type":"product","link":"https:\/\/www.budream.com\/es\/shop\/davinci-molinillo-serie-iq-para-dispensar-capsulas-accesorio\/","title":{"rendered":"DAVINCI &#8211; MOLINILLO SERIE IQ PARA DISPENSAR C\u00c1PSULAS | ACCESORIO"},"content":{"rendered":"<p>El molinillo de hierbas DaVinci Dosing Capsule est\u00e1 fabricado en aluminio de alta calidad y muele la hierba hasta obtener la consistencia de molido media ideal, al tiempo que llena las c\u00e1psulas dosificadoras IQ Series (IQ2 e IQC) en un solo paso.<\/p>\n<p>Carga f\u00e1cil, limpieza f\u00e1cil.<\/p>\n<p>El molinillo con c\u00e1psulas dosificadoras puede llenar hasta 6 c\u00e1psulas dosificadoras mientras muele el material. El molinillo de hierbas con c\u00e1psula dosificadora puede contener hasta 0,2 g de hierbas molidas y act\u00faa como un molinillo normal cuando se retira el anillo de la c\u00e1psula dosificadora.<\/p>\n<p><strong>LAS C\u00c1PSULAS DOSIFICADORAS SE VENDEN POR SEPARADO.<\/strong><\/p>\n<p><span data-contrast=\"none\"><br \/><\/span><b><strong><span data-contrast=\"none\"><span style=\"text-decoration: underline\">Contenido de la caja: <\/span><br \/><\/span><\/strong><\/b><\/p>\n<ul style=\"list-style-type: disc\">\n<li><span data-contrast=\"none\">1 Molinillo para c\u00e1psulas dosificadoras<\/span><\/li>\n<\/ul>\n","protected":false},"excerpt":{"rendered":"<p>El molinillo de hierbas DaVinci Dosing Capsule est\u00e1 fabricado en aluminio de alta calidad y muele la hierba hasta obtener<\/p>\n","protected":false},"featured_media":132304,"comment_status":"open","ping_status":"closed","template":"","meta":[],"product_brand":[],"product_cat":[7908],"product_tag":[],"class_list":{"0":"post-132318","1":"product","2":"type-product","3":"status-publish","4":"has-post-thumbnail","6":"product_cat-vaporizadores","8":"first","9":"instock","10":"sale","11":"taxable","12":"shipping-taxable","13":"purchasable","14":"product-type-simple"},"aioseo_notices":[],"_links":{"self":[{"href":"https:\/\/www.budream.com\/es\/wp-json\/wp\/v2\/product\/132318","targetHints":{"allow":["GET"]}}],"collection":[{"href":"https:\/\/www.budream.com\/es\/wp-json\/wp\/v2\/product"}],"about":[{"href":"https:\/\/www.budream.com\/es\/wp-json\/wp\/v2\/types\/product"}],"replies":[{"embeddable":true,"href":"https:\/\/www.budream.com\/es\/wp-json\/wp\/v2\/comments?post=132318"}],"version-history":[{"count":0,"href":"https:\/\/www.budream.com\/es\/wp-json\/wp\/v2\/product\/132318\/revisions"}],"wp:featuredmedia":[{"embeddable":true,"href":"https:\/\/www.budream.com\/es\/wp-json\/wp\/v2\/media\/132304"}],"wp:attachment":[{"href":"https:\/\/www.budream.com\/es\/wp-json\/wp\/v2\/media?parent=132318"}],"wp:term":[{"taxonomy":"product_brand","embeddable":true,"href":"https:\/\/www.budream.com\/es\/wp-json\/wp\/v2\/product_brand?post=132318"},{"taxonomy":"product_cat","embeddable":true,"href":"https:\/\/www.budream.com\/es\/wp-json\/wp\/v2\/product_cat?post=132318"},{"taxonomy":"product_tag","embeddable":true,"href":"https:\/\/www.budream.com\/es\/wp-json\/wp\/v2\/product_tag?post=132318"}],"curies":[{"name":"wp","href":"https:\/\/api.w.org\/{rel}","templated":true}]}}