{"id":132328,"date":"2025-07-31T00:22:12","date_gmt":"2025-07-30T22:22:12","guid":{"rendered":"https:\/\/www.budream.com\/shop\/davinci-kit-de-extraccion-serie-miqro-accesorio\/"},"modified":"2026-01-09T14:00:11","modified_gmt":"2026-01-09T12:00:11","slug":"davinci-kit-de-extraccion-serie-miqro-accesorio","status":"publish","type":"product","link":"https:\/\/www.budream.com\/es\/shop\/davinci-kit-de-extraccion-serie-miqro-accesorio\/","title":{"rendered":"DAVINCI &#8211; KIT DE EXTRACCION SERIE MIQRO | ACCESORIO"},"content":{"rendered":"<p><strong>Convierte tu MIQRO en un vaporizador de doble uso. <\/strong><\/p>\n<p><span data-contrast=\"none\">Hazte con 6 discos de cer\u00e1mica porosa y almohadillas de algod\u00f3n org\u00e1nico para convertir cualquier MIQRO en un vaporizador de doble uso. Pon cualquier tipo de extracto en el disco y en una c\u00e1psula dispensadora para facilitar su limpieza<\/span><span data-ccp-props=\"{\">. <\/span><\/p>\n<p><span data-ccp-props=\"{\"> <br \/><\/span><span style=\"text-decoration: underline\"><b><strong>Qu\u00e9 hay en la caja:<br \/><\/strong><\/b><\/span><\/p>\n<ul style=\"list-style-type: disc\">\n<li><span data-contrast=\"none\">6 discos de cer\u00e1mica porosa de la serie<\/span><span data-ccp-props=\"{\"> MIQRO <\/span><\/li>\n<li><span data-contrast=\"none\">6 discos de algod\u00f3n<\/span><span data-ccp-props=\"{\"> org\u00e1nico <\/span><\/li>\n<\/ul>\n","protected":false},"excerpt":{"rendered":"<p>Convierte tu MIQRO en un vaporizador de doble uso. Hazte con 6 discos de cer\u00e1mica porosa y almohadillas de algod\u00f3n<\/p>\n","protected":false},"featured_media":132324,"comment_status":"open","ping_status":"closed","template":"","meta":[],"product_brand":[],"product_cat":[7908],"product_tag":[],"class_list":{"0":"post-132328","1":"product","2":"type-product","3":"status-publish","4":"has-post-thumbnail","6":"product_cat-vaporizadores","8":"first","9":"instock","10":"sale","11":"taxable","12":"shipping-taxable","13":"purchasable","14":"product-type-simple"},"aioseo_notices":[],"_links":{"self":[{"href":"https:\/\/www.budream.com\/es\/wp-json\/wp\/v2\/product\/132328","targetHints":{"allow":["GET"]}}],"collection":[{"href":"https:\/\/www.budream.com\/es\/wp-json\/wp\/v2\/product"}],"about":[{"href":"https:\/\/www.budream.com\/es\/wp-json\/wp\/v2\/types\/product"}],"replies":[{"embeddable":true,"href":"https:\/\/www.budream.com\/es\/wp-json\/wp\/v2\/comments?post=132328"}],"version-history":[{"count":0,"href":"https:\/\/www.budream.com\/es\/wp-json\/wp\/v2\/product\/132328\/revisions"}],"wp:featuredmedia":[{"embeddable":true,"href":"https:\/\/www.budream.com\/es\/wp-json\/wp\/v2\/media\/132324"}],"wp:attachment":[{"href":"https:\/\/www.budream.com\/es\/wp-json\/wp\/v2\/media?parent=132328"}],"wp:term":[{"taxonomy":"product_brand","embeddable":true,"href":"https:\/\/www.budream.com\/es\/wp-json\/wp\/v2\/product_brand?post=132328"},{"taxonomy":"product_cat","embeddable":true,"href":"https:\/\/www.budream.com\/es\/wp-json\/wp\/v2\/product_cat?post=132328"},{"taxonomy":"product_tag","embeddable":true,"href":"https:\/\/www.budream.com\/es\/wp-json\/wp\/v2\/product_tag?post=132328"}],"curies":[{"name":"wp","href":"https:\/\/api.w.org\/{rel}","templated":true}]}}